{"id":1518,"date":"2025-03-04T12:56:35","date_gmt":"2025-03-04T11:56:35","guid":{"rendered":"https:\/\/www.ralarsa.com\/?page_id=1518"},"modified":"2026-03-20T09:13:37","modified_gmt":"2026-03-20T08:13:37","slug":"politica-privacidad","status":"publish","type":"page","link":"https:\/\/www.ralarsa.com\/ca\/privacidad\/","title":{"rendered":"Pol\u00edtica privacidad"},"content":{"rendered":"<p class=\"qtranxs-available-languages-message qtranxs-available-languages-message-ca\">Ho sentim, aquesta entrada es troba disponible \u00fanicament en <a href=\"https:\/\/www.ralarsa.com\/es\/wp-json\/wp\/v2\/pages\/1518\" class=\"qtranxs-available-language-link qtranxs-available-language-link-es\" title=\"Espa\u00f1ol\">Espa\u00f1ol<\/a>.<\/p><p><\/p>\n<h2 class=\"ai-optimize-6\">1. ALCANCE<\/h2>\n<p class=\"ai-optimize-7 ai-optimize-introduction\">La presente Pol\u00edtica de privacidad de RALARSA HOLDING S.L. regula la obtenci\u00f3n, utilizaci\u00f3n y otras formas de procesamiento de datos personales facilitados por los Usuarios en el Sitio Web www.ralarsa.com<\/p>\n<p class=\"ai-optimize-8\">Mediante la implementaci\u00f3n de los formularios incluidos en los diferentes websites, relativos a servicios prestados por RALARSA HOLDING S.L. los Usuarios aceptan la inclusi\u00f3n y tratamiento de los datos que proporcionen en un tratamiento de datos de car\u00e1cter personal, del cual es titular RALARSA HOLDING S.L., pudi\u00e9ndose ejercer los derechos pertinentes seg\u00fan lo expuesto en las siguientes cl\u00e1usulas.<\/p>\n<p class=\"ai-optimize-9\">Todos los textos legales se encuentran a disposici\u00f3n de los usuarios y\/o interesados en el correspondiente Sitio Web. Dichos textos podr\u00e1n ser modificados y\/o actualizados seg\u00fan las necesidades y actividades llevadas a cabo por RALARSA HOLDING S.L.<\/p>\n<h2 class=\"ai-optimize-10\">2. RESPONSABLE<\/h2>\n<p class=\"ai-optimize-11\">La compa\u00f1\u00eda RALARSA HOLDING S.L., con domicilio social en Cam\u00ed de Can Camps, 17, 19 (Edificio Vinson) 08174 Sant Cugat del Vall\u00e8s Barcelona. y con N.I.F B65467490 le informa de que es la titular de la p\u00e1gina www.ralarsa.com por lo que es esta misma la persona jur\u00eddica responsable de la recogida y procesamiento de sus datos personales en relaci\u00f3n con los servicios que la misma presta.<\/p>\n<p class=\"ai-optimize-12\">Al acceder a esta web, pasa a tener la condici\u00f3n de usuario. RALARSA HOLDING S.L. se compromete a respetar y salvaguardar su privacidad y la seguridad de sus datos.<\/p>\n<p class=\"ai-optimize-13\">Los datos identificativos del responsable de tratamiento son:<\/p>\n<ul>\n<li class=\"ai-optimize-14\"><strong>Raz\u00f3n Social o Nombre de la Empresa:\u00a0<\/strong>RALARSA HOLDING S.L.<\/li>\n<li class=\"ai-optimize-15\"><strong>CIF:<\/strong>\u00a0B65467490<\/li>\n<li class=\"ai-optimize-16\"><strong>Direcci\u00f3n:\u00a0<\/strong>Cam\u00ed de Can Camps, 17, 19 (Edificio Vinson)<\/li>\n<li class=\"ai-optimize-17\"><strong>Poblaci\u00f3n:\u00a0<\/strong>Sant Cugat del Vall\u00e9s<\/li>\n<li class=\"ai-optimize-18\"><strong>C\u00f3digo Postal:<\/strong>\u00a008174<\/li>\n<li class=\"ai-optimize-19\"><strong>Contacto con el Delegado de Protecci\u00f3n de Datos:\u00a0<\/strong><a href=\"mailto:privacidad@ralarsa.com\" target=\"privacidad@ralarsa.com\">privacidad@ralarsa.com<\/a><\/li>\n<\/ul>\n<h2 class=\"ai-optimize-20\">3. FINALIDAD<\/h2>\n<p class=\"ai-optimize-21\">De acuerdo con lo dispuesto en la normativa vigente, RALARSA HOLDING S.L. s\u00f3lo recoge los datos estrictamente necesarios para ofrecer los servicios derivados de su actividad y dem\u00e1s prestaciones, gestiones y actividades atribuidas por la Ley.<\/p>\n<p class=\"ai-optimize-22\">Por la navegaci\u00f3n en la web de RALARSA HOLDING S.L.. cualquier usuario ver\u00e1 \u00fanicamente recogidos sus datos de acceso o navegaci\u00f3n, lo que no permitir\u00e1 la identificaci\u00f3n del usuario en ning\u00fan caso. Este apartado se desarrolla en el aparatado de\u00a0<a href=\"https:\/\/www.ralarsa.com\/es\/cookies?origin=adwords\">Pol\u00edtica de Cookies<\/a>.<\/p>\n<p class=\"ai-optimize-23\">Adem\u00e1s, RALARSA HOLDING S.L.recoger\u00e1 datos personales de las siguientes formas:<\/p>\n<p class=\"ai-optimize-24\">1. Detallar formas: En el sitio web\u00a0<a href=\"https:\/\/www.ralarsa.com\/\" target=\"_blank\" rel=\"noopener\">ralarsa.com<\/a><\/p>\n<p class=\"ai-optimize-25\">Trataremos los datos que nos facilite el usuario con los siguientes fines:<\/p>\n<ol>\n<li class=\"ai-optimize-26\">Ejecuci\u00f3n del contrato en el \u00e1mbito de los servicios ofrecidos por RALARSA HOLDING S.L<\/li>\n<li class=\"ai-optimize-27\">Proporcionarle el servicio objeto de consulta en esta web,<\/li>\n<li class=\"ai-optimize-28\">Darle informaci\u00f3n sobre los presupuestos o resoluci\u00f3n de consultas,<\/li>\n<li class=\"ai-optimize-29\">Crear un historial de usuario (ver pol\u00edtica de cookies),<\/li>\n<li class=\"ai-optimize-30\">Tramitar cualquier incidencia\/consulta que se nos dirija por parte del usuario.<\/li>\n<li class=\"ai-optimize-31\">Ejercicio de derechos en materia de protecci\u00f3n de datos.<\/li>\n<li class=\"ai-optimize-66\">En caso de que el usuario inicie un proceso de solicitud de cita y no lo finalice, RALARSA HOLDING S.L. podr\u00e1 contactar telef\u00f3nicamente al interesado una \u00fanica vez para recabar informaci\u00f3n sobre su experiencia y mejorar procesos.<\/li>\n<\/ol>\n<h2 class=\"ai-optimize-32\">4. OBLIGACIONES DEL USUARIO<\/h2>\n<p class=\"ai-optimize-33\">El usuario tiene el deber de proporcionar los datos solicitados por RALARSA HOLDING S.L de forma responsable. Esto implica que los datos que el usuario proporcione responden a su verdadera identidad y que son actuales, completos y veraces.<\/p>\n<p class=\"ai-optimize-34\">Adem\u00e1s, en caso de que se cause cualquier da\u00f1o o perjuicio, al usuario o a terceros, como consecuencia del incumplimiento por parte del usuario de la obligaci\u00f3n aqu\u00ed descrita, ser\u00e1 el usuario el responsable \u00fanico de dichos da\u00f1os.<\/p>\n<h2 class=\"ai-optimize-35\">5. RETENCI\u00d3N<\/h2>\n<p class=\"ai-optimize-36\">Los datos personales ser\u00e1n conservados por los plazos de conservaci\u00f3n legalmente establecidos, salvo que por motivos l\u00f3gicos y evidentes hayan perdido la utilidad o la finalidad leg\u00edtima para la que fueron captados. En concreto, deber\u00e1n conservarse durante el menor tiempo posible.<\/p>\n<h2 class=\"ai-optimize-37\">6.LEGITIMACI\u00d3N<\/h2>\n<p class=\"ai-optimize-38\">El tratamiento de los datos a realizar por RALARSA HOLDING S.L encuentra su base legal en el consentimiento expreso del usuario, tipificado en el art\u00edculo 5.1.a) del REGLAMENTO (UE) 2016\/679 DEL PARLAMENTO EUROPEO Y DEL CONSEJO de 27 de abril de 2016.<\/p>\n<p class=\"ai-optimize-67\">La base jur\u00eddica para el tratamiento de datos en los procesos de solicitud de citas es el inter\u00e9s leg\u00edtimo en la mejora del servicio (Art\u00edculo 6.1.f RGPD). El interesado podr\u00e1 ejercer su derecho de oposici\u00f3n en cualquier momento.<\/p>\n<h2 class=\"ai-optimize-39\">7.DESTINATARIOS<\/h2>\n<p class=\"ai-optimize-40\">Sus datos no ser\u00e1n transmitidos a terceros. En el supuesto que para la ejecuci\u00f3n del contrato fuese necesaria dicha transmisi\u00f3n, se le notificar\u00e1 previamente y se requerir\u00e1 su consentimiento para ello.<\/p>\n<h2 class=\"ai-optimize-41\">8.DERECHOS<\/h2>\n<p class=\"ai-optimize-42\">Cualquier persona tendr\u00e1 derecho a obtener confirmaci\u00f3n sobre si RALARSA HOLDING S.L est\u00e1 tratando sus datos personales. Adicionalmente, los interesados tienen derecho a:<\/p>\n<ol>\n<li class=\"ai-optimize-43\">Derecho a solicitar acceso a los datos personales relativos al interesado.<\/li>\n<li class=\"ai-optimize-44\">Derecho a solicitar la rectificaci\u00f3n.<\/li>\n<li class=\"ai-optimize-45\">Derecho a solicitar la supresi\u00f3n de los datos, si (entre otros motivos) estos ya no son necesarios para los fines para los que se recogieron.<\/li>\n<li class=\"ai-optimize-46\">Derecho a solicitar la limitaci\u00f3n del tratamiento de los datos, en cuyo caso s\u00f3lo se conservar\u00e1n para el ejercicio o la defensa de reclamaciones.<\/li>\n<li class=\"ai-optimize-47\">Derecho a oponerse al tratamiento, en cuyo caso solamente se seguir\u00e1 tratando los datos por motivos leg\u00edtimos imperiosos, o el ejercicio o defensa de posibles reclamaciones.<\/li>\n<li class=\"ai-optimize-48\">Derecho a la portabilidad de los datos.<\/li>\n<\/ol>\n<h2 class=\"ai-optimize-49\">9. SEGURIDAD, CONFIDENCIALIDAD Y USO DE OTRAS P\u00c1GINAS WEB<\/h2>\n<p class=\"ai-optimize-50\">En RALARSA HOLDING S.L hemos establecido las medidas de seguridad necesarias para asegurarnos de que sus datos personales no sean accedidos o comunicados a terceras partes, y que sus datos no sean objeto de ning\u00fan tipo de tratamiento no autorizado.<\/p>\n<p class=\"ai-optimize-51\">En cuanto a los hyperlinks\/enlaces a otras p\u00e1ginas que pueden encontrarse en nuestra web, RALARSA HOLDING S.L no ser\u00e1 responsable de los contenidos que se puedan encontrar en las webs a las que deriven estos enlaces.<\/p>\n<p class=\"ai-optimize-52\">De esta forma, la empresa s\u00f3lo se hace responsable de los contenidos y de la gesti\u00f3n de las p\u00e1ginas web de la cual sea ella el titular u ostente un derecho de an\u00e1loga naturaleza. Cualquier otra p\u00e1gina web o repositorio de informaci\u00f3n en Internet, fuera de la presente web, es responsabilidad de sus leg\u00edtimos titulares, sin perjuicio de que actuaremos con la diligencia necesaria para eliminar cualquier enlace que lleve a contenidos il\u00edcitos o que lesionen los bienes del usuario, del cual tengamos conocimiento.<\/p>\n<h2 class=\"ai-optimize-53\">10. MODIFICACIONES<\/h2>\n<p class=\"ai-optimize-54\">En caso de deber cambiar los procedimientos para el tratamiento de sus datos, contactaremos al usuario por correo electr\u00f3nico para notificarles y darles la posibilidad de oponerse al nuevo tratamiento.<\/p>\n<p class=\"ai-optimize-55\">RALARSA HOLDING S.L se reserva el derecho de cambiar en cualquier momento lo establecido en esta Pol\u00edtica de Privacidad, notificando al usuario por correo electr\u00f3nico cuando se produzcan dichos cambios.<\/p>\n<h2 class=\"ai-optimize-56\">11. LEGISLACI\u00d3N APLICABLE<\/h2>\n<p class=\"ai-optimize-57\">Estas pol\u00edticas de privacidad ser\u00e1n gobernadas por la normativa vigente espa\u00f1ola, as\u00ed como por el REGLAMENTO (UE) 2016\/679 DEL PARLAMENTO EUROPEO Y DEL CONSEJO de 27 de abril de 2016.<\/p>\n<p class=\"ai-optimize-58\">Para la resoluci\u00f3n de todas las controversias o cuestiones relacionadas con el presente sitio web o de las actividades en \u00e9l desarrolladas, ser\u00e1 de aplicaci\u00f3n la legislaci\u00f3n espa\u00f1ola en todos los casos, a la que se someten expresamente las partes; pues el mero hecho de la utilizaci\u00f3n de los servicios el presente sitio web presupone la aceptaci\u00f3n expresa de dicha aceptaci\u00f3n de la jurisdicci\u00f3n espa\u00f1ola.<\/p>\n<p class=\"ai-optimize-59\">As\u00ed mismo, y con la salvedad de lo expresado en el p\u00e1rrafo siguiente, las partes intervinientes acuerdan que todo litigio, discrepancia, cuesti\u00f3n o reclamaci\u00f3n resultante de la ejecuci\u00f3n o interpretaci\u00f3n de las presentes condiciones o relacionado con ellas, o de otros textos que pudiera haber en el sitio web, se resolver\u00e1n definitivamente mediante sometimiento a los Juzgados y Tribunales de Barcelona con renuncia expresa a cualquier otro fuero o demarcaci\u00f3n jurisdiccional que pudiera resultar competente.<\/p>\n<p class=\"ai-optimize-60\">El p\u00e1rrafo anterior no se aplicar\u00e1 en el caso de que una de las partes sea un consumidor o usuario seg\u00fan la definici\u00f3n de la normativa de protecci\u00f3n de los Consumidores y Usuarios (Real Decreto Legislativo 1\/2007, de 16 de noviembre, por el que se aprueba el texto refundido de la Ley General para la Defensa de los Consumidores y Usuarios y otras leyes complementarias), en cuyo caso, (y para un conflicto relacionado y amparado por la Ley). En ese caso ser\u00eda de aplicaci\u00f3n preferente el lugar designado en dicha legislaci\u00f3n.<\/p>\n<h2 class=\"ai-optimize-61\">12. COMUNICACI\u00d3N DE INCIDENCIAS E IRREGULARIDADES<\/h2>\n<p class=\"ai-optimize-62\">En el caso de existir alguna conducta o situaci\u00f3n que pudiera ser susceptible de generar una incidencia o irregularidad de cualquier clase, se ruega contactar con:<\/p>\n<div>RALARSA HOLDING S.L<br \/>\nCam\u00ed de Can Camps, 17, 19 (Edificio Vinson) 08174 Sant Cugat del Vall\u00e8s Barcelona.<br \/>\n<a href=\"mailto:privacidad@ralarsa.com\">privacidad@ralarsa.com<\/a><\/div>\n<h2 class=\"ai-optimize-63\">13. INFORMACI\u00d3N LSSI-CE<\/h2>\n<p class=\"ai-optimize-64\">En cumplimiento del deber de informaci\u00f3n contemplado en el art\u00edculo 10 de la vigente Ley 34\/2002, de 11 de julio, de Servicios de la Sociedad de la Informaci\u00f3n y de Comercio Electr\u00f3nico, le comunicamos que la dinamizadora y gestora de contenidos de la web donde puede descargar diferentes aplicaciones y\/o informaciones es RALARSA HOLDING S.L. con domicilio en RALARSA HOLDING S.L y con la gesti\u00f3n del dominio de Internet ralarsa.com inscrito en el registro correspondiente, atendiendo a comunicaciones de los usuarios y\/o interesados a trav\u00e9s del e-mail\u00a0<a href=\"mailto:privacidad@ralarsa.com\">privacidad@ralarsa.com<\/a><\/p>\n<p class=\"ai-optimize-65\">Cualquier otra actividad comercial, mercantil, administrativa o de contrataci\u00f3n de bienes y\/o servicios es responsabilidad de la sociedad mencionada anteriormente, propietaria de este dominio.<\/p>\n<p><\/p>","protected":false},"excerpt":{"rendered":"Ho sentim, aquesta entrada es troba disponible \u00fanicament en Espa\u00f1ol. 1. ALCANCE La presente Pol\u00edtica de privacidad de RALARSA HOLDING S.L. regula la obtenci\u00f3n, utilizaci\u00f3n y otras formas de procesamiento de datos personales facilitados por los Usuarios en el Sitio Web www.ralarsa.com Mediante la implementaci\u00f3n de los formularios incluidos en los diferentes websites, relativos a&#8230;","protected":false},"author":1,"featured_media":0,"parent":0,"menu_order":11,"comment_status":"closed","ping_status":"closed","template":"templates\/legal.php","meta":{"_acf_changed":false,"inline_featured_image":false,"footnotes":""},"class_list":["post-1518","page","type-page","status-publish","hentry"],"acf":[],"yoast_head":"<!-- This site is optimized with the Yoast SEO Premium plugin v25.3 (Yoast SEO v26.7) - https:\/\/yoast.com\/wordpress\/plugins\/seo\/ -->\n<title>Pol\u00edtica privacidad - Ralarsa<\/title>\n<meta name=\"robots\" content=\"noindex, nofollow\" \/>\n<meta property=\"og:locale\" content=\"ca_ES\" \/>\n<meta property=\"og:type\" content=\"article\" \/>\n<meta property=\"og:title\" content=\"Pol\u00edtica privacidad\" \/>\n<meta property=\"og:description\" content=\"Ho sentim, aquesta entrada es troba disponible \u00fanicament en Espa\u00f1ol. 1. ALCANCE La presente Pol\u00edtica de privacidad de RALARSA HOLDING S.L. regula la obtenci\u00f3n, utilizaci\u00f3n y otras formas de procesamiento de datos personales facilitados por los Usuarios en el Sitio Web www.ralarsa.com Mediante la implementaci\u00f3n de los formularios incluidos en los diferentes websites, relativos a...\" \/>\n<meta property=\"og:url\" content=\"https:\/\/www.ralarsa.com\/ca\/privacidad\/\" \/>\n<meta property=\"og:site_name\" content=\"Ralarsa\" \/>\n<meta property=\"article:modified_time\" content=\"2026-03-20T08:13:37+00:00\" \/>\n<meta property=\"og:image\" content=\"https:\/\/d2oyvx818ubhz6.cloudfront.net\/wp-content\/uploads\/2025\/06\/ralarsa-logo.png\" \/>\n\t<meta property=\"og:image:width\" content=\"250\" \/>\n\t<meta property=\"og:image:height\" content=\"250\" \/>\n\t<meta property=\"og:image:type\" content=\"image\/png\" \/>\n<meta name=\"twitter:card\" content=\"summary_large_image\" \/>\n<meta name=\"twitter:label1\" content=\"Temps estimat de lectura\" \/>\n\t<meta name=\"twitter:data1\" content=\"7 minuts\" \/>\n<script type=\"application\/ld+json\" class=\"yoast-schema-graph\">{\"@context\":\"https:\/\/schema.org\",\"@graph\":[{\"@type\":\"WebPage\",\"@id\":\"https:\/\/www.ralarsa.com\/ca\/privacidad\/\",\"url\":\"https:\/\/www.ralarsa.com\/ca\/privacidad\/\",\"name\":\"Pol\u00edtica privacidad - Ralarsa\",\"isPartOf\":{\"@id\":\"https:\/\/www.ralarsa.com\/ca\/#website\"},\"datePublished\":\"2025-03-04T11:56:35+00:00\",\"dateModified\":\"2026-03-20T08:13:37+00:00\",\"breadcrumb\":{\"@id\":\"https:\/\/www.ralarsa.com\/ca\/privacidad\/#breadcrumb\"},\"inLanguage\":\"ca\",\"potentialAction\":[{\"@type\":\"ReadAction\",\"target\":[[\"https:\/\/www.ralarsa.com\/ca\/privacidad\/\"]]}]},{\"@type\":\"BreadcrumbList\",\"@id\":\"https:\/\/www.ralarsa.com\/ca\/privacidad\/#breadcrumb\",\"itemListElement\":[{\"@type\":\"ListItem\",\"position\":1,\"name\":\"Portada\",\"item\":\"https:\/\/www.ralarsa.com\/ca\/ralarsa-2\/\"},{\"@type\":\"ListItem\",\"position\":2,\"name\":\"Pol\u00edtica privacidad\"}]},{\"@type\":\"WebSite\",\"@id\":\"https:\/\/www.ralarsa.com\/ca\/#website\",\"url\":\"https:\/\/www.ralarsa.com\/ca\/\",\"name\":\"Ralarsa\",\"description\":\"\",\"publisher\":{\"@id\":\"https:\/\/www.ralarsa.com\/ca\/#organization\"},\"potentialAction\":[{\"@type\":\"SearchAction\",\"target\":{\"@type\":\"EntryPoint\",\"urlTemplate\":\"https:\/\/www.ralarsa.com\/ca\/?s={search_term_string}\"},\"query-input\":{\"@type\":\"PropertyValueSpecification\",\"valueRequired\":true,\"valueName\":\"search_term_string\"}}],\"inLanguage\":\"ca\"},{\"@type\":\"Organization\",\"@id\":\"https:\/\/www.ralarsa.com\/ca\/#organization\",\"name\":\"Ralarsa\",\"url\":\"https:\/\/www.ralarsa.com\/ca\/\",\"logo\":{\"@type\":\"ImageObject\",\"inLanguage\":\"ca\",\"@id\":\"https:\/\/www.ralarsa.com\/ca\/#\/schema\/logo\/image\/\",\"url\":\"https:\/\/ralarsa.s3.eu-central-1.amazonaws.com\/wp-content\/uploads\/2025\/04\/logo-ralarsa.png\",\"contentUrl\":\"https:\/\/ralarsa.s3.eu-central-1.amazonaws.com\/wp-content\/uploads\/2025\/04\/logo-ralarsa.png\",\"width\":1192,\"height\":412,\"caption\":\"Ralarsa\"},\"image\":{\"@id\":\"https:\/\/www.ralarsa.com\/ca\/#\/schema\/logo\/image\/\"}}]}<\/script>\n<!-- \/ Yoast SEO Premium plugin. -->","yoast_head_json":{"title":"Pol\u00edtica privacidad - Ralarsa","robots":{"index":"noindex","follow":"nofollow"},"og_locale":"ca_ES","og_type":"article","og_title":"Pol\u00edtica privacidad","og_description":"Ho sentim, aquesta entrada es troba disponible \u00fanicament en Espa\u00f1ol. 1. ALCANCE La presente Pol\u00edtica de privacidad de RALARSA HOLDING S.L. regula la obtenci\u00f3n, utilizaci\u00f3n y otras formas de procesamiento de datos personales facilitados por los Usuarios en el Sitio Web www.ralarsa.com Mediante la implementaci\u00f3n de los formularios incluidos en los diferentes websites, relativos a...","og_url":"https:\/\/www.ralarsa.com\/ca\/privacidad\/","og_site_name":"Ralarsa","article_modified_time":"2026-03-20T08:13:37+00:00","og_image":[{"width":250,"height":250,"url":"https:\/\/d2oyvx818ubhz6.cloudfront.net\/wp-content\/uploads\/2025\/06\/ralarsa-logo.png","type":"image\/png"}],"twitter_card":"summary_large_image","twitter_misc":{"Temps estimat de lectura":"7 minuts"},"schema":{"@context":"https:\/\/schema.org","@graph":[{"@type":"WebPage","@id":"https:\/\/www.ralarsa.com\/ca\/privacidad\/","url":"https:\/\/www.ralarsa.com\/ca\/privacidad\/","name":"Pol\u00edtica privacidad - Ralarsa","isPartOf":{"@id":"https:\/\/www.ralarsa.com\/ca\/#website"},"datePublished":"2025-03-04T11:56:35+00:00","dateModified":"2026-03-20T08:13:37+00:00","breadcrumb":{"@id":"https:\/\/www.ralarsa.com\/ca\/privacidad\/#breadcrumb"},"inLanguage":"ca","potentialAction":[{"@type":"ReadAction","target":[["https:\/\/www.ralarsa.com\/ca\/privacidad\/"]]}]},{"@type":"BreadcrumbList","@id":"https:\/\/www.ralarsa.com\/ca\/privacidad\/#breadcrumb","itemListElement":[{"@type":"ListItem","position":1,"name":"Portada","item":"https:\/\/www.ralarsa.com\/ca\/ralarsa-2\/"},{"@type":"ListItem","position":2,"name":"Pol\u00edtica privacidad"}]},{"@type":"WebSite","@id":"https:\/\/www.ralarsa.com\/ca\/#website","url":"https:\/\/www.ralarsa.com\/ca\/","name":"Ralarsa","description":"","publisher":{"@id":"https:\/\/www.ralarsa.com\/ca\/#organization"},"potentialAction":[{"@type":"SearchAction","target":{"@type":"EntryPoint","urlTemplate":"https:\/\/www.ralarsa.com\/ca\/?s={search_term_string}"},"query-input":{"@type":"PropertyValueSpecification","valueRequired":true,"valueName":"search_term_string"}}],"inLanguage":"ca"},{"@type":"Organization","@id":"https:\/\/www.ralarsa.com\/ca\/#organization","name":"Ralarsa","url":"https:\/\/www.ralarsa.com\/ca\/","logo":{"@type":"ImageObject","inLanguage":"ca","@id":"https:\/\/www.ralarsa.com\/ca\/#\/schema\/logo\/image\/","url":"https:\/\/ralarsa.s3.eu-central-1.amazonaws.com\/wp-content\/uploads\/2025\/04\/logo-ralarsa.png","contentUrl":"https:\/\/ralarsa.s3.eu-central-1.amazonaws.com\/wp-content\/uploads\/2025\/04\/logo-ralarsa.png","width":1192,"height":412,"caption":"Ralarsa"},"image":{"@id":"https:\/\/www.ralarsa.com\/ca\/#\/schema\/logo\/image\/"}}]}},"_links":{"self":[{"href":"https:\/\/www.ralarsa.com\/ca\/wp-json\/wp\/v2\/pages\/1518","targetHints":{"allow":["GET"]}}],"collection":[{"href":"https:\/\/www.ralarsa.com\/ca\/wp-json\/wp\/v2\/pages"}],"about":[{"href":"https:\/\/www.ralarsa.com\/ca\/wp-json\/wp\/v2\/types\/page"}],"author":[{"embeddable":true,"href":"https:\/\/www.ralarsa.com\/ca\/wp-json\/wp\/v2\/users\/1"}],"replies":[{"embeddable":true,"href":"https:\/\/www.ralarsa.com\/ca\/wp-json\/wp\/v2\/comments?post=1518"}],"version-history":[{"count":2,"href":"https:\/\/www.ralarsa.com\/ca\/wp-json\/wp\/v2\/pages\/1518\/revisions"}],"predecessor-version":[{"id":6642,"href":"https:\/\/www.ralarsa.com\/ca\/wp-json\/wp\/v2\/pages\/1518\/revisions\/6642"}],"wp:attachment":[{"href":"https:\/\/www.ralarsa.com\/ca\/wp-json\/wp\/v2\/media?parent=1518"}],"curies":[{"name":"wp","href":"https:\/\/api.w.org\/{rel}","templated":true}]}}