{"id":1533,"date":"2025-03-27T13:28:57","date_gmt":"2025-03-27T12:28:57","guid":{"rendered":"https:\/\/www.ralarsa.com\/servicios\/parabrisas-camiones\/"},"modified":"2025-11-11T17:04:12","modified_gmt":"2025-11-11T16:04:12","slug":"parabrisas-camiones","status":"publish","type":"page","link":"https:\/\/www.ralarsa.com\/ca\/serveis-reparacio-sustitucio-parabrisa-camions\/","title":{"rendered":"Reparaci\u00f3 i substituci\u00f3 de parabrisa de camions"},"content":{"rendered":"<p><\/p>\n<p class=\"ai-optimize-6 ai-optimize-introduction\" dir=\"auto\">A Ralarsa som especialistes en la <strong>reparaci\u00f3 i substituci\u00f3 de parabrisa de camions<\/strong>, oferint un servei r\u00e0pid i professional per garantir la seguretat i visibilitat del teu vehicle. Treballem amb recanvis homologats i realitzem la instal\u00b7laci\u00f3 amb precisi\u00f3, adaptant-nos a qualsevol model de cami\u00f3. Confia en els nostres experts per mantenir el teu cami\u00f3 en perfectes condicions.<\/p>\n<div class=\"my-2\"><\/div>\n<p><\/p>","protected":false},"excerpt":{"rendered":"A Ralarsa som especialistes en la reparaci\u00f3 i substituci\u00f3 de parabrisa de camions, oferint un servei r\u00e0pid i professional per garantir la seguretat i visibilitat del teu vehicle. Treballem amb recanvis homologats i realitzem la instal\u00b7laci\u00f3 amb precisi\u00f3, adaptant-nos a qualsevol model de cami\u00f3. Confia en els nostres experts per mantenir el teu cami\u00f3 en&#8230;","protected":false},"author":1,"featured_media":4654,"parent":0,"menu_order":6,"comment_status":"closed","ping_status":"closed","template":"","meta":{"_acf_changed":false,"inline_featured_image":false,"footnotes":""},"class_list":["post-1533","page","type-page","status-publish","has-post-thumbnail","hentry"],"acf":{"display":"default","generic_slider":null,"promo_banner":false,"related_promo":null},"yoast_head":"<!-- This site is optimized with the Yoast SEO Premium plugin v25.3 (Yoast SEO v27.5) - https:\/\/yoast.com\/product\/yoast-seo-premium-wordpress\/ -->\n<title>Reparaci\u00f3 i substituci\u00f3 de parabrisa de camions - Ralarsa<\/title>\n<meta name=\"description\" content=\"Equips especialitzats en reparaci\u00f3 o substituci\u00f3 de vidres de cami\u00f3. Ens desplacem o consulta la nostra xarxa de tallers especialitzats. Sol\u00b7licita cita online les 24 hores.\" \/>\n<meta name=\"robots\" content=\"index, follow, max-snippet:-1, max-image-preview:large, max-video-preview:-1\" \/>\n<link rel=\"canonical\" href=\"https:\/\/www.ralarsa.com\/ca\/servicios-reparacion-sustitucion-parabrisas-camiones\/\" \/>\n<meta property=\"og:locale\" content=\"ca_ES\" \/>\n<meta property=\"og:type\" content=\"article\" \/>\n<meta property=\"og:title\" content=\"Reparaci\u00f3 i substituci\u00f3 de parabrisa de camions\" \/>\n<meta property=\"og:description\" content=\"Equips especialitzats en reparaci\u00f3 o substituci\u00f3 de vidres de cami\u00f3. Ens desplacem o consulta la nostra xarxa de tallers especialitzats. Sol\u00b7licita cita online les 24 hores.\" \/>\n<meta property=\"og:url\" content=\"https:\/\/www.ralarsa.com\/ca\/servicios-reparacion-sustitucion-parabrisas-camiones\/\" \/>\n<meta property=\"og:site_name\" content=\"Ralarsa\" \/>\n<meta property=\"article:modified_time\" content=\"2025-11-11T16:04:12+00:00\" \/>\n<meta property=\"og:image\" content=\"https:\/\/d2oyvx818ubhz6.cloudfront.net\/wp-content\/uploads\/2025\/03\/cambio-reparacion-parabrisas-lunas-camiones.jpg\" \/>\n\t<meta property=\"og:image:width\" content=\"900\" \/>\n\t<meta property=\"og:image:height\" content=\"600\" \/>\n\t<meta property=\"og:image:type\" content=\"image\/jpeg\" \/>\n<meta name=\"twitter:card\" content=\"summary_large_image\" \/>\n<meta name=\"twitter:label1\" content=\"Temps estimat de lectura\" \/>\n\t<meta name=\"twitter:data1\" content=\"1 minut\" \/>\n<script type=\"application\/ld+json\" class=\"yoast-schema-graph\">{\"@context\":\"https:\\\/\\\/schema.org\",\"@graph\":[{\"@type\":\"WebPage\",\"@id\":\"https:\\\/\\\/www.ralarsa.com\\\/ca\\\/servicios-reparacion-sustitucion-parabrisas-camiones\\\/\",\"url\":\"https:\\\/\\\/www.ralarsa.com\\\/ca\\\/servicios-reparacion-sustitucion-parabrisas-camiones\\\/\",\"name\":\"Reparaci\u00f3 i substituci\u00f3 de parabrisa de camions - Ralarsa\",\"isPartOf\":{\"@id\":\"https:\\\/\\\/www.ralarsa.com\\\/ca\\\/#website\"},\"primaryImageOfPage\":{\"@id\":\"https:\\\/\\\/www.ralarsa.com\\\/ca\\\/servicios-reparacion-sustitucion-parabrisas-camiones\\\/#primaryimage\"},\"image\":{\"@id\":\"https:\\\/\\\/www.ralarsa.com\\\/es\\\/servicios-reparacion-sustitucion-parabrisas-camiones\\\/#primaryimage\"},\"thumbnailUrl\":\"https:\\\/\\\/d2oyvx818ubhz6.cloudfront.net\\\/wp-content\\\/uploads\\\/2025\\\/03\\\/cambio-reparacion-parabrisas-lunas-camiones.jpg\",\"datePublished\":\"2025-03-27T12:28:57+00:00\",\"dateModified\":\"2025-11-11T16:04:12+00:00\",\"description\":\"Equips especialitzats en reparaci\u00f3 o substituci\u00f3 de vidres de cami\u00f3. Ens desplacem o consulta la nostra xarxa de tallers especialitzats. Sol\u00b7licita cita online les 24 hores.\",\"breadcrumb\":{\"@id\":\"https:\\\/\\\/www.ralarsa.com\\\/ca\\\/servicios-reparacion-sustitucion-parabrisas-camiones\\\/#breadcrumb\"},\"inLanguage\":\"ca\",\"potentialAction\":[{\"@type\":\"ReadAction\",\"target\":[[\"https:\\\/\\\/www.ralarsa.com\\\/ca\\\/servicios-reparacion-sustitucion-parabrisas-camiones\\\/\"]]}]},{\"@type\":\"ImageObject\",\"inLanguage\":\"ca\",\"@id\":\"https:\\\/\\\/www.ralarsa.com\\\/ca\\\/servicios-reparacion-sustitucion-parabrisas-camiones\\\/#primaryimage\",\"url\":\"https:\\\/\\\/d2oyvx818ubhz6.cloudfront.net\\\/wp-content\\\/uploads\\\/2025\\\/03\\\/cambio-reparacion-parabrisas-lunas-camiones.jpg\",\"contentUrl\":\"https:\\\/\\\/d2oyvx818ubhz6.cloudfront.net\\\/wp-content\\\/uploads\\\/2025\\\/03\\\/cambio-reparacion-parabrisas-lunas-camiones.jpg\",\"width\":900,\"height\":600,\"caption\":\"Cambio o reparaci\u00f3n de parabrisas para camiones: seguridad y rendimiento en cada ruta.\"},{\"@type\":\"BreadcrumbList\",\"@id\":\"https:\\\/\\\/www.ralarsa.com\\\/ca\\\/servicios-reparacion-sustitucion-parabrisas-camiones\\\/#breadcrumb\",\"itemListElement\":[{\"@type\":\"ListItem\",\"position\":1,\"name\":\"Portada\",\"item\":\"https:\\\/\\\/www.ralarsa.com\\\/ca\\\/ralarsa-2\\\/\"},{\"@type\":\"ListItem\",\"position\":2,\"name\":\"Reparaci\u00f3n y sustituci\u00f3n parabrisas camiones\"}]},{\"@type\":\"WebSite\",\"@id\":\"https:\\\/\\\/www.ralarsa.com\\\/ca\\\/#website\",\"url\":\"https:\\\/\\\/www.ralarsa.com\\\/ca\\\/\",\"name\":\"Ralarsa\",\"description\":\"\",\"publisher\":{\"@id\":\"https:\\\/\\\/www.ralarsa.com\\\/ca\\\/#organization\"},\"potentialAction\":[{\"@type\":\"SearchAction\",\"target\":{\"@type\":\"EntryPoint\",\"urlTemplate\":\"https:\\\/\\\/www.ralarsa.com\\\/ca\\\/?s={search_term_string}\"},\"query-input\":{\"@type\":\"PropertyValueSpecification\",\"valueRequired\":true,\"valueName\":\"search_term_string\"}}],\"inLanguage\":\"ca\"},{\"@type\":\"Organization\",\"@id\":\"https:\\\/\\\/www.ralarsa.com\\\/ca\\\/#organization\",\"name\":\"Ralarsa\",\"url\":\"https:\\\/\\\/www.ralarsa.com\\\/ca\\\/\",\"logo\":{\"@type\":\"ImageObject\",\"inLanguage\":\"ca\",\"@id\":\"https:\\\/\\\/www.ralarsa.com\\\/ca\\\/#\\\/schema\\\/logo\\\/image\\\/\",\"url\":\"https:\\\/\\\/ralarsa.s3.eu-central-1.amazonaws.com\\\/wp-content\\\/uploads\\\/2025\\\/04\\\/logo-ralarsa.png\",\"contentUrl\":\"https:\\\/\\\/ralarsa.s3.eu-central-1.amazonaws.com\\\/wp-content\\\/uploads\\\/2025\\\/04\\\/logo-ralarsa.png\",\"width\":1192,\"height\":412,\"caption\":\"Ralarsa\"},\"image\":{\"@id\":\"https:\\\/\\\/www.ralarsa.com\\\/ca\\\/#\\\/schema\\\/logo\\\/image\\\/\"}}]}<\/script>\n<!-- \/ Yoast SEO Premium plugin. -->","yoast_head_json":{"title":"Reparaci\u00f3 i substituci\u00f3 de parabrisa de camions - Ralarsa","description":"Equips especialitzats en reparaci\u00f3 o substituci\u00f3 de vidres de cami\u00f3. Ens desplacem o consulta la nostra xarxa de tallers especialitzats. Sol\u00b7licita cita online les 24 hores.","robots":{"index":"index","follow":"follow","max-snippet":"max-snippet:-1","max-image-preview":"max-image-preview:large","max-video-preview":"max-video-preview:-1"},"canonical":"https:\/\/www.ralarsa.com\/ca\/servicios-reparacion-sustitucion-parabrisas-camiones\/","og_locale":"ca_ES","og_type":"article","og_title":"Reparaci\u00f3 i substituci\u00f3 de parabrisa de camions","og_description":"Equips especialitzats en reparaci\u00f3 o substituci\u00f3 de vidres de cami\u00f3. Ens desplacem o consulta la nostra xarxa de tallers especialitzats. Sol\u00b7licita cita online les 24 hores.","og_url":"https:\/\/www.ralarsa.com\/ca\/servicios-reparacion-sustitucion-parabrisas-camiones\/","og_site_name":"Ralarsa","article_modified_time":"2025-11-11T16:04:12+00:00","og_image":[{"width":900,"height":600,"url":"https:\/\/d2oyvx818ubhz6.cloudfront.net\/wp-content\/uploads\/2025\/03\/cambio-reparacion-parabrisas-lunas-camiones.jpg","type":"image\/jpeg"}],"twitter_card":"summary_large_image","twitter_misc":{"Temps estimat de lectura":"1 minut"},"schema":{"@context":"https:\/\/schema.org","@graph":[{"@type":"WebPage","@id":"https:\/\/www.ralarsa.com\/ca\/servicios-reparacion-sustitucion-parabrisas-camiones\/","url":"https:\/\/www.ralarsa.com\/ca\/servicios-reparacion-sustitucion-parabrisas-camiones\/","name":"Reparaci\u00f3 i substituci\u00f3 de parabrisa de camions - Ralarsa","isPartOf":{"@id":"https:\/\/www.ralarsa.com\/ca\/#website"},"primaryImageOfPage":{"@id":"https:\/\/www.ralarsa.com\/ca\/servicios-reparacion-sustitucion-parabrisas-camiones\/#primaryimage"},"image":{"@id":"https:\/\/www.ralarsa.com\/es\/servicios-reparacion-sustitucion-parabrisas-camiones\/#primaryimage"},"thumbnailUrl":"https:\/\/d2oyvx818ubhz6.cloudfront.net\/wp-content\/uploads\/2025\/03\/cambio-reparacion-parabrisas-lunas-camiones.jpg","datePublished":"2025-03-27T12:28:57+00:00","dateModified":"2025-11-11T16:04:12+00:00","description":"Equips especialitzats en reparaci\u00f3 o substituci\u00f3 de vidres de cami\u00f3. Ens desplacem o consulta la nostra xarxa de tallers especialitzats. Sol\u00b7licita cita online les 24 hores.","breadcrumb":{"@id":"https:\/\/www.ralarsa.com\/ca\/servicios-reparacion-sustitucion-parabrisas-camiones\/#breadcrumb"},"inLanguage":"ca","potentialAction":[{"@type":"ReadAction","target":[["https:\/\/www.ralarsa.com\/ca\/servicios-reparacion-sustitucion-parabrisas-camiones\/"]]}]},{"@type":"ImageObject","inLanguage":"ca","@id":"https:\/\/www.ralarsa.com\/ca\/servicios-reparacion-sustitucion-parabrisas-camiones\/#primaryimage","url":"https:\/\/d2oyvx818ubhz6.cloudfront.net\/wp-content\/uploads\/2025\/03\/cambio-reparacion-parabrisas-lunas-camiones.jpg","contentUrl":"https:\/\/d2oyvx818ubhz6.cloudfront.net\/wp-content\/uploads\/2025\/03\/cambio-reparacion-parabrisas-lunas-camiones.jpg","width":900,"height":600,"caption":"Cambio o reparaci\u00f3n de parabrisas para camiones: seguridad y rendimiento en cada ruta."},{"@type":"BreadcrumbList","@id":"https:\/\/www.ralarsa.com\/ca\/servicios-reparacion-sustitucion-parabrisas-camiones\/#breadcrumb","itemListElement":[{"@type":"ListItem","position":1,"name":"Portada","item":"https:\/\/www.ralarsa.com\/ca\/ralarsa-2\/"},{"@type":"ListItem","position":2,"name":"Reparaci\u00f3n y sustituci\u00f3n parabrisas camiones"}]},{"@type":"WebSite","@id":"https:\/\/www.ralarsa.com\/ca\/#website","url":"https:\/\/www.ralarsa.com\/ca\/","name":"Ralarsa","description":"","publisher":{"@id":"https:\/\/www.ralarsa.com\/ca\/#organization"},"potentialAction":[{"@type":"SearchAction","target":{"@type":"EntryPoint","urlTemplate":"https:\/\/www.ralarsa.com\/ca\/?s={search_term_string}"},"query-input":{"@type":"PropertyValueSpecification","valueRequired":true,"valueName":"search_term_string"}}],"inLanguage":"ca"},{"@type":"Organization","@id":"https:\/\/www.ralarsa.com\/ca\/#organization","name":"Ralarsa","url":"https:\/\/www.ralarsa.com\/ca\/","logo":{"@type":"ImageObject","inLanguage":"ca","@id":"https:\/\/www.ralarsa.com\/ca\/#\/schema\/logo\/image\/","url":"https:\/\/ralarsa.s3.eu-central-1.amazonaws.com\/wp-content\/uploads\/2025\/04\/logo-ralarsa.png","contentUrl":"https:\/\/ralarsa.s3.eu-central-1.amazonaws.com\/wp-content\/uploads\/2025\/04\/logo-ralarsa.png","width":1192,"height":412,"caption":"Ralarsa"},"image":{"@id":"https:\/\/www.ralarsa.com\/ca\/#\/schema\/logo\/image\/"}}]}},"_links":{"self":[{"href":"https:\/\/www.ralarsa.com\/ca\/wp-json\/wp\/v2\/pages\/1533","targetHints":{"allow":["GET"]}}],"collection":[{"href":"https:\/\/www.ralarsa.com\/ca\/wp-json\/wp\/v2\/pages"}],"about":[{"href":"https:\/\/www.ralarsa.com\/ca\/wp-json\/wp\/v2\/types\/page"}],"author":[{"embeddable":true,"href":"https:\/\/www.ralarsa.com\/ca\/wp-json\/wp\/v2\/users\/1"}],"replies":[{"embeddable":true,"href":"https:\/\/www.ralarsa.com\/ca\/wp-json\/wp\/v2\/comments?post=1533"}],"version-history":[{"count":4,"href":"https:\/\/www.ralarsa.com\/ca\/wp-json\/wp\/v2\/pages\/1533\/revisions"}],"predecessor-version":[{"id":5876,"href":"https:\/\/www.ralarsa.com\/ca\/wp-json\/wp\/v2\/pages\/1533\/revisions\/5876"}],"wp:featuredmedia":[{"embeddable":true,"href":"https:\/\/www.ralarsa.com\/ca\/wp-json\/wp\/v2\/media\/4654"}],"wp:attachment":[{"href":"https:\/\/www.ralarsa.com\/ca\/wp-json\/wp\/v2\/media?parent=1533"}],"curies":[{"name":"wp","href":"https:\/\/api.w.org\/{rel}","templated":true}]}}