{"id":1534,"date":"2025-03-27T13:28:57","date_gmt":"2025-03-27T12:28:57","guid":{"rendered":"https:\/\/www.ralarsa.com\/servicios\/cambio-cristales-lunas-tractores-agricolas\/"},"modified":"2026-04-16T11:17:10","modified_gmt":"2026-04-16T10:17:10","slug":"cambio-cristales-lunas-tractores-agricolas","status":"publish","type":"page","link":"https:\/\/www.ralarsa.com\/ca\/serveis-canvi-vidres-tractors-agricoles\/","title":{"rendered":"Canvi de vidres en tractors agr\u00edcoles"},"content":{"rendered":"<p><\/p>\n<p class=\"ai-optimize-6 ai-optimize-introduction\" dir=\"auto\">A Ralarsa, entenem que la teva maquin\u00e0ria agr\u00edcola \u00e9s fonamental per al teu treball diari. Per aix\u00f2, som experts en el <strong>canvi de vidres de tractors agr\u00edcoles<\/strong> i tot tipus de vehicles agr\u00edcoles. Amb m\u00e9s de [tallers oberts] tallers repartits per tot Espanya i d\u00e8cades d\u2019experi\u00e8ncia en el sector, et garantim un servei r\u00e0pid, professional i amb la m\u00e0xima qualitat perqu\u00e8 el teu tractor torni a estar operatiu com m\u00e9s aviat millor.<\/p>\n<div class=\"my-2\"><\/div>\n<p><\/p>","protected":false},"excerpt":{"rendered":"A Ralarsa, entenem que la teva maquin\u00e0ria agr\u00edcola \u00e9s fonamental per al teu treball diari. Per aix\u00f2, som experts en el canvi de vidres de tractors agr\u00edcoles i tot tipus de vehicles agr\u00edcoles. Amb m\u00e9s de [tallers oberts] tallers repartits per tot Espanya i d\u00e8cades d\u2019experi\u00e8ncia en el sector, et garantim un servei r\u00e0pid, professional&#8230;","protected":false},"author":1,"featured_media":4662,"parent":0,"menu_order":8,"comment_status":"closed","ping_status":"closed","template":"","meta":{"_acf_changed":false,"inline_featured_image":false,"footnotes":""},"class_list":["post-1534","page","type-page","status-publish","has-post-thumbnail","hentry"],"acf":{"display":"default","generic_slider":null,"promo_banner":false,"related_promo":null},"yoast_head":"<!-- This site is optimized with the Yoast SEO Premium plugin v25.3 (Yoast SEO v27.5) - https:\/\/yoast.com\/product\/yoast-seo-premium-wordpress\/ -->\n<title>Canvi de vidres en tractors agr\u00edcoles - Ralarsa<\/title>\n<meta name=\"description\" content=\"Equip i log\u00edstica espec\u00edfica per a la gesti\u00f3 i canvi de vidres de tractors. Qualsevol marca o model de tractor. Ens desplacem on estigui el tractor. Sense problemes amb la ITV. Cita online.\" \/>\n<meta name=\"robots\" content=\"index, follow, max-snippet:-1, max-image-preview:large, max-video-preview:-1\" \/>\n<link rel=\"canonical\" href=\"https:\/\/www.ralarsa.com\/ca\/servicios-cambio-cristales-tractores-agricolas\/\" \/>\n<meta property=\"og:locale\" content=\"ca_ES\" \/>\n<meta property=\"og:type\" content=\"article\" \/>\n<meta property=\"og:title\" content=\"Canvi de vidres en tractors agr\u00edcoles\" \/>\n<meta property=\"og:description\" content=\"Equip i log\u00edstica espec\u00edfica per a la gesti\u00f3 i canvi de vidres de tractors. Qualsevol marca o model de tractor. Ens desplacem on estigui el tractor. Sense problemes amb la ITV. Cita online.\" \/>\n<meta property=\"og:url\" content=\"https:\/\/www.ralarsa.com\/ca\/servicios-cambio-cristales-tractores-agricolas\/\" \/>\n<meta property=\"og:site_name\" content=\"Ralarsa\" \/>\n<meta property=\"article:modified_time\" content=\"2026-04-16T10:17:10+00:00\" \/>\n<meta property=\"og:image\" content=\"https:\/\/d2oyvx818ubhz6.cloudfront.net\/wp-content\/uploads\/2025\/03\/ventajas-confiar-ralarsa-cambio-lunas-tractor.jpg\" \/>\n\t<meta property=\"og:image:width\" content=\"900\" \/>\n\t<meta property=\"og:image:height\" content=\"600\" \/>\n\t<meta property=\"og:image:type\" content=\"image\/jpeg\" \/>\n<meta name=\"twitter:card\" content=\"summary_large_image\" \/>\n<meta name=\"twitter:label1\" content=\"Temps estimat de lectura\" \/>\n\t<meta name=\"twitter:data1\" content=\"1 minut\" \/>\n<script type=\"application\/ld+json\" class=\"yoast-schema-graph\">{\"@context\":\"https:\\\/\\\/schema.org\",\"@graph\":[{\"@type\":\"WebPage\",\"@id\":\"https:\\\/\\\/www.ralarsa.com\\\/ca\\\/servicios-cambio-cristales-tractores-agricolas\\\/\",\"url\":\"https:\\\/\\\/www.ralarsa.com\\\/ca\\\/servicios-cambio-cristales-tractores-agricolas\\\/\",\"name\":\"Canvi de vidres en tractors agr\u00edcoles - Ralarsa\",\"isPartOf\":{\"@id\":\"https:\\\/\\\/www.ralarsa.com\\\/ca\\\/#website\"},\"primaryImageOfPage\":{\"@id\":\"https:\\\/\\\/www.ralarsa.com\\\/ca\\\/servicios-cambio-cristales-tractores-agricolas\\\/#primaryimage\"},\"image\":{\"@id\":\"https:\\\/\\\/www.ralarsa.com\\\/es\\\/servicios-cambio-cristales-tractores-agricolas\\\/#primaryimage\"},\"thumbnailUrl\":\"https:\\\/\\\/d2oyvx818ubhz6.cloudfront.net\\\/wp-content\\\/uploads\\\/2025\\\/03\\\/ventajas-confiar-ralarsa-cambio-lunas-tractor.jpg\",\"datePublished\":\"2025-03-27T12:28:57+00:00\",\"dateModified\":\"2026-04-16T10:17:10+00:00\",\"description\":\"Equip i log\u00edstica espec\u00edfica per a la gesti\u00f3 i canvi de vidres de tractors. Qualsevol marca o model de tractor. Ens desplacem on estigui el tractor. Sense problemes amb la ITV. Cita online.\",\"breadcrumb\":{\"@id\":\"https:\\\/\\\/www.ralarsa.com\\\/ca\\\/servicios-cambio-cristales-tractores-agricolas\\\/#breadcrumb\"},\"inLanguage\":\"ca\",\"potentialAction\":[{\"@type\":\"ReadAction\",\"target\":[[\"https:\\\/\\\/www.ralarsa.com\\\/ca\\\/servicios-cambio-cristales-tractores-agricolas\\\/\"]]}]},{\"@type\":\"ImageObject\",\"inLanguage\":\"ca\",\"@id\":\"https:\\\/\\\/www.ralarsa.com\\\/ca\\\/servicios-cambio-cristales-tractores-agricolas\\\/#primaryimage\",\"url\":\"https:\\\/\\\/d2oyvx818ubhz6.cloudfront.net\\\/wp-content\\\/uploads\\\/2025\\\/03\\\/ventajas-confiar-ralarsa-cambio-lunas-tractor.jpg\",\"contentUrl\":\"https:\\\/\\\/d2oyvx818ubhz6.cloudfront.net\\\/wp-content\\\/uploads\\\/2025\\\/03\\\/ventajas-confiar-ralarsa-cambio-lunas-tractor.jpg\",\"width\":900,\"height\":600,\"caption\":\"Ralarsa: la mejor opci\u00f3n para el cambio de lunas de tu tractor.\"},{\"@type\":\"BreadcrumbList\",\"@id\":\"https:\\\/\\\/www.ralarsa.com\\\/ca\\\/servicios-cambio-cristales-tractores-agricolas\\\/#breadcrumb\",\"itemListElement\":[{\"@type\":\"ListItem\",\"position\":1,\"name\":\"Portada\",\"item\":\"https:\\\/\\\/www.ralarsa.com\\\/ca\\\/ralarsa-2\\\/\"},{\"@type\":\"ListItem\",\"position\":2,\"name\":\"Cambio de cristales en tractores agr\u00edcolas\"}]},{\"@type\":\"WebSite\",\"@id\":\"https:\\\/\\\/www.ralarsa.com\\\/ca\\\/#website\",\"url\":\"https:\\\/\\\/www.ralarsa.com\\\/ca\\\/\",\"name\":\"Ralarsa\",\"description\":\"\",\"publisher\":{\"@id\":\"https:\\\/\\\/www.ralarsa.com\\\/ca\\\/#organization\"},\"potentialAction\":[{\"@type\":\"SearchAction\",\"target\":{\"@type\":\"EntryPoint\",\"urlTemplate\":\"https:\\\/\\\/www.ralarsa.com\\\/ca\\\/?s={search_term_string}\"},\"query-input\":{\"@type\":\"PropertyValueSpecification\",\"valueRequired\":true,\"valueName\":\"search_term_string\"}}],\"inLanguage\":\"ca\"},{\"@type\":\"Organization\",\"@id\":\"https:\\\/\\\/www.ralarsa.com\\\/ca\\\/#organization\",\"name\":\"Ralarsa\",\"url\":\"https:\\\/\\\/www.ralarsa.com\\\/ca\\\/\",\"logo\":{\"@type\":\"ImageObject\",\"inLanguage\":\"ca\",\"@id\":\"https:\\\/\\\/www.ralarsa.com\\\/ca\\\/#\\\/schema\\\/logo\\\/image\\\/\",\"url\":\"https:\\\/\\\/ralarsa.s3.eu-central-1.amazonaws.com\\\/wp-content\\\/uploads\\\/2025\\\/04\\\/logo-ralarsa.png\",\"contentUrl\":\"https:\\\/\\\/ralarsa.s3.eu-central-1.amazonaws.com\\\/wp-content\\\/uploads\\\/2025\\\/04\\\/logo-ralarsa.png\",\"width\":1192,\"height\":412,\"caption\":\"Ralarsa\"},\"image\":{\"@id\":\"https:\\\/\\\/www.ralarsa.com\\\/ca\\\/#\\\/schema\\\/logo\\\/image\\\/\"}}]}<\/script>\n<!-- \/ Yoast SEO Premium plugin. -->","yoast_head_json":{"title":"Canvi de vidres en tractors agr\u00edcoles - Ralarsa","description":"Equip i log\u00edstica espec\u00edfica per a la gesti\u00f3 i canvi de vidres de tractors. Qualsevol marca o model de tractor. Ens desplacem on estigui el tractor. Sense problemes amb la ITV. Cita online.","robots":{"index":"index","follow":"follow","max-snippet":"max-snippet:-1","max-image-preview":"max-image-preview:large","max-video-preview":"max-video-preview:-1"},"canonical":"https:\/\/www.ralarsa.com\/ca\/servicios-cambio-cristales-tractores-agricolas\/","og_locale":"ca_ES","og_type":"article","og_title":"Canvi de vidres en tractors agr\u00edcoles","og_description":"Equip i log\u00edstica espec\u00edfica per a la gesti\u00f3 i canvi de vidres de tractors. Qualsevol marca o model de tractor. Ens desplacem on estigui el tractor. Sense problemes amb la ITV. Cita online.","og_url":"https:\/\/www.ralarsa.com\/ca\/servicios-cambio-cristales-tractores-agricolas\/","og_site_name":"Ralarsa","article_modified_time":"2026-04-16T10:17:10+00:00","og_image":[{"width":900,"height":600,"url":"https:\/\/d2oyvx818ubhz6.cloudfront.net\/wp-content\/uploads\/2025\/03\/ventajas-confiar-ralarsa-cambio-lunas-tractor.jpg","type":"image\/jpeg"}],"twitter_card":"summary_large_image","twitter_misc":{"Temps estimat de lectura":"1 minut"},"schema":{"@context":"https:\/\/schema.org","@graph":[{"@type":"WebPage","@id":"https:\/\/www.ralarsa.com\/ca\/servicios-cambio-cristales-tractores-agricolas\/","url":"https:\/\/www.ralarsa.com\/ca\/servicios-cambio-cristales-tractores-agricolas\/","name":"Canvi de vidres en tractors agr\u00edcoles - Ralarsa","isPartOf":{"@id":"https:\/\/www.ralarsa.com\/ca\/#website"},"primaryImageOfPage":{"@id":"https:\/\/www.ralarsa.com\/ca\/servicios-cambio-cristales-tractores-agricolas\/#primaryimage"},"image":{"@id":"https:\/\/www.ralarsa.com\/es\/servicios-cambio-cristales-tractores-agricolas\/#primaryimage"},"thumbnailUrl":"https:\/\/d2oyvx818ubhz6.cloudfront.net\/wp-content\/uploads\/2025\/03\/ventajas-confiar-ralarsa-cambio-lunas-tractor.jpg","datePublished":"2025-03-27T12:28:57+00:00","dateModified":"2026-04-16T10:17:10+00:00","description":"Equip i log\u00edstica espec\u00edfica per a la gesti\u00f3 i canvi de vidres de tractors. Qualsevol marca o model de tractor. Ens desplacem on estigui el tractor. Sense problemes amb la ITV. Cita online.","breadcrumb":{"@id":"https:\/\/www.ralarsa.com\/ca\/servicios-cambio-cristales-tractores-agricolas\/#breadcrumb"},"inLanguage":"ca","potentialAction":[{"@type":"ReadAction","target":[["https:\/\/www.ralarsa.com\/ca\/servicios-cambio-cristales-tractores-agricolas\/"]]}]},{"@type":"ImageObject","inLanguage":"ca","@id":"https:\/\/www.ralarsa.com\/ca\/servicios-cambio-cristales-tractores-agricolas\/#primaryimage","url":"https:\/\/d2oyvx818ubhz6.cloudfront.net\/wp-content\/uploads\/2025\/03\/ventajas-confiar-ralarsa-cambio-lunas-tractor.jpg","contentUrl":"https:\/\/d2oyvx818ubhz6.cloudfront.net\/wp-content\/uploads\/2025\/03\/ventajas-confiar-ralarsa-cambio-lunas-tractor.jpg","width":900,"height":600,"caption":"Ralarsa: la mejor opci\u00f3n para el cambio de lunas de tu tractor."},{"@type":"BreadcrumbList","@id":"https:\/\/www.ralarsa.com\/ca\/servicios-cambio-cristales-tractores-agricolas\/#breadcrumb","itemListElement":[{"@type":"ListItem","position":1,"name":"Portada","item":"https:\/\/www.ralarsa.com\/ca\/ralarsa-2\/"},{"@type":"ListItem","position":2,"name":"Cambio de cristales en tractores agr\u00edcolas"}]},{"@type":"WebSite","@id":"https:\/\/www.ralarsa.com\/ca\/#website","url":"https:\/\/www.ralarsa.com\/ca\/","name":"Ralarsa","description":"","publisher":{"@id":"https:\/\/www.ralarsa.com\/ca\/#organization"},"potentialAction":[{"@type":"SearchAction","target":{"@type":"EntryPoint","urlTemplate":"https:\/\/www.ralarsa.com\/ca\/?s={search_term_string}"},"query-input":{"@type":"PropertyValueSpecification","valueRequired":true,"valueName":"search_term_string"}}],"inLanguage":"ca"},{"@type":"Organization","@id":"https:\/\/www.ralarsa.com\/ca\/#organization","name":"Ralarsa","url":"https:\/\/www.ralarsa.com\/ca\/","logo":{"@type":"ImageObject","inLanguage":"ca","@id":"https:\/\/www.ralarsa.com\/ca\/#\/schema\/logo\/image\/","url":"https:\/\/ralarsa.s3.eu-central-1.amazonaws.com\/wp-content\/uploads\/2025\/04\/logo-ralarsa.png","contentUrl":"https:\/\/ralarsa.s3.eu-central-1.amazonaws.com\/wp-content\/uploads\/2025\/04\/logo-ralarsa.png","width":1192,"height":412,"caption":"Ralarsa"},"image":{"@id":"https:\/\/www.ralarsa.com\/ca\/#\/schema\/logo\/image\/"}}]}},"_links":{"self":[{"href":"https:\/\/www.ralarsa.com\/ca\/wp-json\/wp\/v2\/pages\/1534","targetHints":{"allow":["GET"]}}],"collection":[{"href":"https:\/\/www.ralarsa.com\/ca\/wp-json\/wp\/v2\/pages"}],"about":[{"href":"https:\/\/www.ralarsa.com\/ca\/wp-json\/wp\/v2\/types\/page"}],"author":[{"embeddable":true,"href":"https:\/\/www.ralarsa.com\/ca\/wp-json\/wp\/v2\/users\/1"}],"replies":[{"embeddable":true,"href":"https:\/\/www.ralarsa.com\/ca\/wp-json\/wp\/v2\/comments?post=1534"}],"version-history":[{"count":5,"href":"https:\/\/www.ralarsa.com\/ca\/wp-json\/wp\/v2\/pages\/1534\/revisions"}],"predecessor-version":[{"id":6735,"href":"https:\/\/www.ralarsa.com\/ca\/wp-json\/wp\/v2\/pages\/1534\/revisions\/6735"}],"wp:featuredmedia":[{"embeddable":true,"href":"https:\/\/www.ralarsa.com\/ca\/wp-json\/wp\/v2\/media\/4662"}],"wp:attachment":[{"href":"https:\/\/www.ralarsa.com\/ca\/wp-json\/wp\/v2\/media?parent=1534"}],"curies":[{"name":"wp","href":"https:\/\/api.w.org\/{rel}","templated":true}]}}