{"id":4719,"date":"2025-11-14T12:50:31","date_gmt":"2025-11-14T11:50:31","guid":{"rendered":"https:\/\/www.ralarsa.com\/es\/?page_id=4719"},"modified":"2025-12-22T17:34:42","modified_gmt":"2025-12-22T16:34:42","slug":"reparacion-elevalunas-coche","status":"publish","type":"page","link":"https:\/\/www.ralarsa.com\/ca\/reparacion-de-los-elevalunas-del-coche\/","title":{"rendered":"Reparaci\u00f3 dels Elevalunes del Cotxe"},"content":{"rendered":"<p><\/p>\n<p class=\"ai-optimize-6 ai-optimize-introduction\">El teu elevalunes fa soroll, li costa pujar o baixar, o es baixa sol? Un elevalunes defectu\u00f3s no nom\u00e9s \u00e9s inc\u00f2mode, sin\u00f3 que tamb\u00e9 afecta la teva seguretat.<\/p>\n<p class=\"ai-optimize-6 ai-optimize-introduction\">A Ralarsa, som especialistes en la <strong>reparaci\u00f3 dels elevalunes del cotxe<\/strong>, tant el\u00e8ctrics com manuals. Oferim un servei r\u00e0pid i efectiu, amb garantia professional, perqu\u00e8 puguis recuperar la comoditat i el control del teu vehicle.<\/p>\n<p><\/p>","protected":false},"excerpt":{"rendered":"El teu elevalunes fa soroll, li costa pujar o baixar, o es baixa sol? Un elevalunes defectu\u00f3s no nom\u00e9s \u00e9s inc\u00f2mode, sin\u00f3 que tamb\u00e9 afecta la teva seguretat. A Ralarsa, som especialistes en la reparaci\u00f3 dels elevalunes del cotxe, tant el\u00e8ctrics com manuals. Oferim un servei r\u00e0pid i efectiu, amb garantia professional, perqu\u00e8 puguis recuperar&#8230;","protected":false},"author":8,"featured_media":4648,"parent":0,"menu_order":0,"comment_status":"closed","ping_status":"closed","template":"","meta":{"_acf_changed":false,"inline_featured_image":false,"footnotes":""},"class_list":["post-4719","page","type-page","status-publish","has-post-thumbnail","hentry"],"acf":{"display":"default","generic_slider":null,"promo_banner":false,"related_promo":""},"yoast_head":"<!-- This site is optimized with the Yoast SEO Premium plugin v25.3 (Yoast SEO v26.7) - https:\/\/yoast.com\/wordpress\/plugins\/seo\/ -->\n<title>Reparaci\u00f3 dels Elevalunes del Cotxe - Ralarsa<\/title>\n<meta name=\"robots\" content=\"index, follow, max-snippet:-1, max-image-preview:large, max-video-preview:-1\" \/>\n<link rel=\"canonical\" href=\"https:\/\/www.ralarsa.com\/ca\/reparacion-de-los-elevalunas-del-coche\/\" \/>\n<meta property=\"og:locale\" content=\"ca_ES\" \/>\n<meta property=\"og:type\" content=\"article\" \/>\n<meta property=\"og:title\" content=\"Reparaci\u00f3 dels Elevalunes del Cotxe\" \/>\n<meta property=\"og:description\" content=\"El teu elevalunes fa soroll, li costa pujar o baixar, o es baixa sol? Un elevalunes defectu\u00f3s no nom\u00e9s \u00e9s inc\u00f2mode, sin\u00f3 que tamb\u00e9 afecta la teva seguretat. A Ralarsa, som especialistes en la reparaci\u00f3 dels elevalunes del cotxe, tant el\u00e8ctrics com manuals. Oferim un servei r\u00e0pid i efectiu, amb garantia professional, perqu\u00e8 puguis recuperar...\" \/>\n<meta property=\"og:url\" content=\"https:\/\/www.ralarsa.com\/ca\/reparacion-de-los-elevalunas-del-coche\/\" \/>\n<meta property=\"og:site_name\" content=\"Ralarsa\" \/>\n<meta property=\"article:modified_time\" content=\"2025-12-22T16:34:42+00:00\" \/>\n<meta property=\"og:image\" content=\"https:\/\/d2oyvx818ubhz6.cloudfront.net\/wp-content\/uploads\/2025\/03\/reparacion-elevalunas-coche.jpg\" \/>\n\t<meta property=\"og:image:width\" content=\"900\" \/>\n\t<meta property=\"og:image:height\" content=\"600\" \/>\n\t<meta property=\"og:image:type\" content=\"image\/jpeg\" \/>\n<meta name=\"twitter:card\" content=\"summary_large_image\" \/>\n<meta name=\"twitter:label1\" content=\"Temps estimat de lectura\" \/>\n\t<meta name=\"twitter:data1\" content=\"1 minut\" \/>\n<script type=\"application\/ld+json\" class=\"yoast-schema-graph\">{\"@context\":\"https:\/\/schema.org\",\"@graph\":[{\"@type\":\"WebPage\",\"@id\":\"https:\/\/www.ralarsa.com\/ca\/reparacion-de-los-elevalunas-del-coche\/\",\"url\":\"https:\/\/www.ralarsa.com\/ca\/reparacion-de-los-elevalunas-del-coche\/\",\"name\":\"Reparaci\u00f3 dels Elevalunes del Cotxe - Ralarsa\",\"isPartOf\":{\"@id\":\"https:\/\/www.ralarsa.com\/ca\/#website\"},\"primaryImageOfPage\":{\"@id\":\"https:\/\/www.ralarsa.com\/ca\/reparacion-de-los-elevalunas-del-coche\/#primaryimage\"},\"image\":{\"@id\":\"https:\/\/www.ralarsa.com\/es\/reparacion-de-los-elevalunas-del-coche\/#primaryimage\"},\"thumbnailUrl\":\"https:\/\/d2oyvx818ubhz6.cloudfront.net\/wp-content\/uploads\/2025\/03\/reparacion-elevalunas-coche.jpg\",\"datePublished\":\"2025-11-14T11:50:31+00:00\",\"dateModified\":\"2025-12-22T16:34:42+00:00\",\"breadcrumb\":{\"@id\":\"https:\/\/www.ralarsa.com\/ca\/reparacion-de-los-elevalunas-del-coche\/#breadcrumb\"},\"inLanguage\":\"ca\",\"potentialAction\":[{\"@type\":\"ReadAction\",\"target\":[[\"https:\/\/www.ralarsa.com\/ca\/reparacion-de-los-elevalunas-del-coche\/\"]]}]},{\"@type\":\"ImageObject\",\"inLanguage\":\"ca\",\"@id\":\"https:\/\/www.ralarsa.com\/ca\/reparacion-de-los-elevalunas-del-coche\/#primaryimage\",\"url\":\"https:\/\/d2oyvx818ubhz6.cloudfront.net\/wp-content\/uploads\/2025\/03\/reparacion-elevalunas-coche.jpg\",\"contentUrl\":\"https:\/\/d2oyvx818ubhz6.cloudfront.net\/wp-content\/uploads\/2025\/03\/reparacion-elevalunas-coche.jpg\",\"width\":900,\"height\":600,\"caption\":\"Reparaci\u00f3n de elevalunas: funcionalidad y confort en cada movimiento.\"},{\"@type\":\"BreadcrumbList\",\"@id\":\"https:\/\/www.ralarsa.com\/ca\/reparacion-de-los-elevalunas-del-coche\/#breadcrumb\",\"itemListElement\":[{\"@type\":\"ListItem\",\"position\":1,\"name\":\"Portada\",\"item\":\"https:\/\/www.ralarsa.com\/ca\/ralarsa-2\/\"},{\"@type\":\"ListItem\",\"position\":2,\"name\":\"Reparaci\u00f3n elevalunas coche\"}]},{\"@type\":\"WebSite\",\"@id\":\"https:\/\/www.ralarsa.com\/ca\/#website\",\"url\":\"https:\/\/www.ralarsa.com\/ca\/\",\"name\":\"Ralarsa\",\"description\":\"\",\"publisher\":{\"@id\":\"https:\/\/www.ralarsa.com\/ca\/#organization\"},\"potentialAction\":[{\"@type\":\"SearchAction\",\"target\":{\"@type\":\"EntryPoint\",\"urlTemplate\":\"https:\/\/www.ralarsa.com\/ca\/?s={search_term_string}\"},\"query-input\":{\"@type\":\"PropertyValueSpecification\",\"valueRequired\":true,\"valueName\":\"search_term_string\"}}],\"inLanguage\":\"ca\"},{\"@type\":\"Organization\",\"@id\":\"https:\/\/www.ralarsa.com\/ca\/#organization\",\"name\":\"Ralarsa\",\"url\":\"https:\/\/www.ralarsa.com\/ca\/\",\"logo\":{\"@type\":\"ImageObject\",\"inLanguage\":\"ca\",\"@id\":\"https:\/\/www.ralarsa.com\/ca\/#\/schema\/logo\/image\/\",\"url\":\"https:\/\/ralarsa.s3.eu-central-1.amazonaws.com\/wp-content\/uploads\/2025\/04\/logo-ralarsa.png\",\"contentUrl\":\"https:\/\/ralarsa.s3.eu-central-1.amazonaws.com\/wp-content\/uploads\/2025\/04\/logo-ralarsa.png\",\"width\":1192,\"height\":412,\"caption\":\"Ralarsa\"},\"image\":{\"@id\":\"https:\/\/www.ralarsa.com\/ca\/#\/schema\/logo\/image\/\"}}]}<\/script>\n<!-- \/ Yoast SEO Premium plugin. -->","yoast_head_json":{"title":"Reparaci\u00f3 dels Elevalunes del Cotxe - Ralarsa","robots":{"index":"index","follow":"follow","max-snippet":"max-snippet:-1","max-image-preview":"max-image-preview:large","max-video-preview":"max-video-preview:-1"},"canonical":"https:\/\/www.ralarsa.com\/ca\/reparacion-de-los-elevalunas-del-coche\/","og_locale":"ca_ES","og_type":"article","og_title":"Reparaci\u00f3 dels Elevalunes del Cotxe","og_description":"El teu elevalunes fa soroll, li costa pujar o baixar, o es baixa sol? Un elevalunes defectu\u00f3s no nom\u00e9s \u00e9s inc\u00f2mode, sin\u00f3 que tamb\u00e9 afecta la teva seguretat. A Ralarsa, som especialistes en la reparaci\u00f3 dels elevalunes del cotxe, tant el\u00e8ctrics com manuals. Oferim un servei r\u00e0pid i efectiu, amb garantia professional, perqu\u00e8 puguis recuperar...","og_url":"https:\/\/www.ralarsa.com\/ca\/reparacion-de-los-elevalunas-del-coche\/","og_site_name":"Ralarsa","article_modified_time":"2025-12-22T16:34:42+00:00","og_image":[{"width":900,"height":600,"url":"https:\/\/d2oyvx818ubhz6.cloudfront.net\/wp-content\/uploads\/2025\/03\/reparacion-elevalunas-coche.jpg","type":"image\/jpeg"}],"twitter_card":"summary_large_image","twitter_misc":{"Temps estimat de lectura":"1 minut"},"schema":{"@context":"https:\/\/schema.org","@graph":[{"@type":"WebPage","@id":"https:\/\/www.ralarsa.com\/ca\/reparacion-de-los-elevalunas-del-coche\/","url":"https:\/\/www.ralarsa.com\/ca\/reparacion-de-los-elevalunas-del-coche\/","name":"Reparaci\u00f3 dels Elevalunes del Cotxe - Ralarsa","isPartOf":{"@id":"https:\/\/www.ralarsa.com\/ca\/#website"},"primaryImageOfPage":{"@id":"https:\/\/www.ralarsa.com\/ca\/reparacion-de-los-elevalunas-del-coche\/#primaryimage"},"image":{"@id":"https:\/\/www.ralarsa.com\/es\/reparacion-de-los-elevalunas-del-coche\/#primaryimage"},"thumbnailUrl":"https:\/\/d2oyvx818ubhz6.cloudfront.net\/wp-content\/uploads\/2025\/03\/reparacion-elevalunas-coche.jpg","datePublished":"2025-11-14T11:50:31+00:00","dateModified":"2025-12-22T16:34:42+00:00","breadcrumb":{"@id":"https:\/\/www.ralarsa.com\/ca\/reparacion-de-los-elevalunas-del-coche\/#breadcrumb"},"inLanguage":"ca","potentialAction":[{"@type":"ReadAction","target":[["https:\/\/www.ralarsa.com\/ca\/reparacion-de-los-elevalunas-del-coche\/"]]}]},{"@type":"ImageObject","inLanguage":"ca","@id":"https:\/\/www.ralarsa.com\/ca\/reparacion-de-los-elevalunas-del-coche\/#primaryimage","url":"https:\/\/d2oyvx818ubhz6.cloudfront.net\/wp-content\/uploads\/2025\/03\/reparacion-elevalunas-coche.jpg","contentUrl":"https:\/\/d2oyvx818ubhz6.cloudfront.net\/wp-content\/uploads\/2025\/03\/reparacion-elevalunas-coche.jpg","width":900,"height":600,"caption":"Reparaci\u00f3n de elevalunas: funcionalidad y confort en cada movimiento."},{"@type":"BreadcrumbList","@id":"https:\/\/www.ralarsa.com\/ca\/reparacion-de-los-elevalunas-del-coche\/#breadcrumb","itemListElement":[{"@type":"ListItem","position":1,"name":"Portada","item":"https:\/\/www.ralarsa.com\/ca\/ralarsa-2\/"},{"@type":"ListItem","position":2,"name":"Reparaci\u00f3n elevalunas coche"}]},{"@type":"WebSite","@id":"https:\/\/www.ralarsa.com\/ca\/#website","url":"https:\/\/www.ralarsa.com\/ca\/","name":"Ralarsa","description":"","publisher":{"@id":"https:\/\/www.ralarsa.com\/ca\/#organization"},"potentialAction":[{"@type":"SearchAction","target":{"@type":"EntryPoint","urlTemplate":"https:\/\/www.ralarsa.com\/ca\/?s={search_term_string}"},"query-input":{"@type":"PropertyValueSpecification","valueRequired":true,"valueName":"search_term_string"}}],"inLanguage":"ca"},{"@type":"Organization","@id":"https:\/\/www.ralarsa.com\/ca\/#organization","name":"Ralarsa","url":"https:\/\/www.ralarsa.com\/ca\/","logo":{"@type":"ImageObject","inLanguage":"ca","@id":"https:\/\/www.ralarsa.com\/ca\/#\/schema\/logo\/image\/","url":"https:\/\/ralarsa.s3.eu-central-1.amazonaws.com\/wp-content\/uploads\/2025\/04\/logo-ralarsa.png","contentUrl":"https:\/\/ralarsa.s3.eu-central-1.amazonaws.com\/wp-content\/uploads\/2025\/04\/logo-ralarsa.png","width":1192,"height":412,"caption":"Ralarsa"},"image":{"@id":"https:\/\/www.ralarsa.com\/ca\/#\/schema\/logo\/image\/"}}]}},"_links":{"self":[{"href":"https:\/\/www.ralarsa.com\/ca\/wp-json\/wp\/v2\/pages\/4719","targetHints":{"allow":["GET"]}}],"collection":[{"href":"https:\/\/www.ralarsa.com\/ca\/wp-json\/wp\/v2\/pages"}],"about":[{"href":"https:\/\/www.ralarsa.com\/ca\/wp-json\/wp\/v2\/types\/page"}],"author":[{"embeddable":true,"href":"https:\/\/www.ralarsa.com\/ca\/wp-json\/wp\/v2\/users\/8"}],"replies":[{"embeddable":true,"href":"https:\/\/www.ralarsa.com\/ca\/wp-json\/wp\/v2\/comments?post=4719"}],"version-history":[{"count":25,"href":"https:\/\/www.ralarsa.com\/ca\/wp-json\/wp\/v2\/pages\/4719\/revisions"}],"predecessor-version":[{"id":6072,"href":"https:\/\/www.ralarsa.com\/ca\/wp-json\/wp\/v2\/pages\/4719\/revisions\/6072"}],"wp:featuredmedia":[{"embeddable":true,"href":"https:\/\/www.ralarsa.com\/ca\/wp-json\/wp\/v2\/media\/4648"}],"wp:attachment":[{"href":"https:\/\/www.ralarsa.com\/ca\/wp-json\/wp\/v2\/media?parent=4719"}],"curies":[{"name":"wp","href":"https:\/\/api.w.org\/{rel}","templated":true}]}}