{"id":4917,"date":"2025-10-16T16:23:00","date_gmt":"2025-10-16T15:23:00","guid":{"rendered":"https:\/\/www.ralarsa.com\/es\/?page_id=4917"},"modified":"2026-03-30T16:29:17","modified_gmt":"2026-03-30T15:29:17","slug":"servicios-ralarsa","status":"publish","type":"page","link":"https:\/\/www.ralarsa.com\/ca\/serveis-ralarsa\/","title":{"rendered":"Serveis de Ralarsa"},"content":{"rendered":"<p><\/p>\n<p class=\"ai-optimize-6\">Els <strong>serveis de Ralarsa<\/strong> estan avalats per m\u00e9s de 45 anys d\u2019experi\u00e8ncia en la reparaci\u00f3, substituci\u00f3 i manteniment de vidres de l\u2019autom\u00f2bil. Amb m\u00e9s de 250 tallers a Espanya, assegurem rapidesa, professionalitat i la m\u00e0xima confian\u00e7a en cada intervenci\u00f3.<\/p>\n<p><\/p>","protected":false},"excerpt":{"rendered":"Els serveis de Ralarsa estan avalats per m\u00e9s de 45 anys d\u2019experi\u00e8ncia en la reparaci\u00f3, substituci\u00f3 i manteniment de vidres de l\u2019autom\u00f2bil. Amb m\u00e9s de 250 tallers a Espanya, assegurem rapidesa, professionalitat i la m\u00e0xima confian\u00e7a en cada intervenci\u00f3.","protected":false},"author":8,"featured_media":4646,"parent":0,"menu_order":0,"comment_status":"closed","ping_status":"closed","template":"","meta":{"_acf_changed":false,"inline_featured_image":false,"footnotes":""},"class_list":["post-4917","page","type-page","status-publish","has-post-thumbnail","hentry"],"acf":{"display":"default","generic_slider":null,"promo_banner":false,"related_promo":null},"yoast_head":"<!-- This site is optimized with the Yoast SEO Premium plugin v25.3 (Yoast SEO v26.7) - https:\/\/yoast.com\/wordpress\/plugins\/seo\/ -->\n<title>Serveis de Ralarsa - Ralarsa<\/title>\n<meta name=\"robots\" content=\"index, follow, max-snippet:-1, max-image-preview:large, max-video-preview:-1\" \/>\n<link rel=\"canonical\" href=\"https:\/\/www.ralarsa.com\/ca\/servicios-ralarsa\/\" \/>\n<meta property=\"og:locale\" content=\"ca_ES\" \/>\n<meta property=\"og:type\" content=\"article\" \/>\n<meta property=\"og:title\" content=\"Serveis de Ralarsa\" \/>\n<meta property=\"og:description\" content=\"Els serveis de Ralarsa estan avalats per m\u00e9s de 45 anys d\u2019experi\u00e8ncia en la reparaci\u00f3, substituci\u00f3 i manteniment de vidres de l\u2019autom\u00f2bil. Amb m\u00e9s de 250 tallers a Espanya, assegurem rapidesa, professionalitat i la m\u00e0xima confian\u00e7a en cada intervenci\u00f3.\" \/>\n<meta property=\"og:url\" content=\"https:\/\/www.ralarsa.com\/ca\/servicios-ralarsa\/\" \/>\n<meta property=\"og:site_name\" content=\"Ralarsa\" \/>\n<meta property=\"article:modified_time\" content=\"2026-03-30T15:29:17+00:00\" \/>\n<meta property=\"og:image\" content=\"https:\/\/d2oyvx818ubhz6.cloudfront.net\/wp-content\/uploads\/2025\/07\/servicios-ralarsa.jpg\" \/>\n\t<meta property=\"og:image:width\" content=\"900\" \/>\n\t<meta property=\"og:image:height\" content=\"600\" \/>\n\t<meta property=\"og:image:type\" content=\"image\/jpeg\" \/>\n<meta name=\"twitter:card\" content=\"summary_large_image\" \/>\n<meta name=\"twitter:label1\" content=\"Temps estimat de lectura\" \/>\n\t<meta name=\"twitter:data1\" content=\"1 minut\" \/>\n<script type=\"application\/ld+json\" class=\"yoast-schema-graph\">{\"@context\":\"https:\/\/schema.org\",\"@graph\":[{\"@type\":\"WebPage\",\"@id\":\"https:\/\/www.ralarsa.com\/ca\/servicios-ralarsa\/\",\"url\":\"https:\/\/www.ralarsa.com\/ca\/servicios-ralarsa\/\",\"name\":\"Serveis de Ralarsa - Ralarsa\",\"isPartOf\":{\"@id\":\"https:\/\/www.ralarsa.com\/ca\/#website\"},\"primaryImageOfPage\":{\"@id\":\"https:\/\/www.ralarsa.com\/ca\/servicios-ralarsa\/#primaryimage\"},\"image\":{\"@id\":\"https:\/\/www.ralarsa.com\/es\/servicios-ralarsa\/#primaryimage\"},\"thumbnailUrl\":\"https:\/\/d2oyvx818ubhz6.cloudfront.net\/wp-content\/uploads\/2025\/07\/servicios-ralarsa.jpg\",\"datePublished\":\"2025-10-16T15:23:00+00:00\",\"dateModified\":\"2026-03-30T15:29:17+00:00\",\"breadcrumb\":{\"@id\":\"https:\/\/www.ralarsa.com\/ca\/servicios-ralarsa\/#breadcrumb\"},\"inLanguage\":\"ca\",\"potentialAction\":[{\"@type\":\"ReadAction\",\"target\":[[\"https:\/\/www.ralarsa.com\/ca\/servicios-ralarsa\/\"]]}]},{\"@type\":\"ImageObject\",\"inLanguage\":\"ca\",\"@id\":\"https:\/\/www.ralarsa.com\/ca\/servicios-ralarsa\/#primaryimage\",\"url\":\"https:\/\/d2oyvx818ubhz6.cloudfront.net\/wp-content\/uploads\/2025\/07\/servicios-ralarsa.jpg\",\"contentUrl\":\"https:\/\/d2oyvx818ubhz6.cloudfront.net\/wp-content\/uploads\/2025\/07\/servicios-ralarsa.jpg\",\"width\":900,\"height\":600,\"caption\":\"Servicios especializados de Ralarsa: reparaci\u00f3n y mantenimiento de lunas para tu seguridad.\"},{\"@type\":\"BreadcrumbList\",\"@id\":\"https:\/\/www.ralarsa.com\/ca\/servicios-ralarsa\/#breadcrumb\",\"itemListElement\":[{\"@type\":\"ListItem\",\"position\":1,\"name\":\"Portada\",\"item\":\"https:\/\/www.ralarsa.com\/ca\/ralarsa-2\/\"},{\"@type\":\"ListItem\",\"position\":2,\"name\":\"Servicios Ralarsa\"}]},{\"@type\":\"WebSite\",\"@id\":\"https:\/\/www.ralarsa.com\/ca\/#website\",\"url\":\"https:\/\/www.ralarsa.com\/ca\/\",\"name\":\"Ralarsa\",\"description\":\"\",\"publisher\":{\"@id\":\"https:\/\/www.ralarsa.com\/ca\/#organization\"},\"potentialAction\":[{\"@type\":\"SearchAction\",\"target\":{\"@type\":\"EntryPoint\",\"urlTemplate\":\"https:\/\/www.ralarsa.com\/ca\/?s={search_term_string}\"},\"query-input\":{\"@type\":\"PropertyValueSpecification\",\"valueRequired\":true,\"valueName\":\"search_term_string\"}}],\"inLanguage\":\"ca\"},{\"@type\":\"Organization\",\"@id\":\"https:\/\/www.ralarsa.com\/ca\/#organization\",\"name\":\"Ralarsa\",\"url\":\"https:\/\/www.ralarsa.com\/ca\/\",\"logo\":{\"@type\":\"ImageObject\",\"inLanguage\":\"ca\",\"@id\":\"https:\/\/www.ralarsa.com\/ca\/#\/schema\/logo\/image\/\",\"url\":\"https:\/\/ralarsa.s3.eu-central-1.amazonaws.com\/wp-content\/uploads\/2025\/04\/logo-ralarsa.png\",\"contentUrl\":\"https:\/\/ralarsa.s3.eu-central-1.amazonaws.com\/wp-content\/uploads\/2025\/04\/logo-ralarsa.png\",\"width\":1192,\"height\":412,\"caption\":\"Ralarsa\"},\"image\":{\"@id\":\"https:\/\/www.ralarsa.com\/ca\/#\/schema\/logo\/image\/\"}}]}<\/script>\n<!-- \/ Yoast SEO Premium plugin. -->","yoast_head_json":{"title":"Serveis de Ralarsa - Ralarsa","robots":{"index":"index","follow":"follow","max-snippet":"max-snippet:-1","max-image-preview":"max-image-preview:large","max-video-preview":"max-video-preview:-1"},"canonical":"https:\/\/www.ralarsa.com\/ca\/servicios-ralarsa\/","og_locale":"ca_ES","og_type":"article","og_title":"Serveis de Ralarsa","og_description":"Els serveis de Ralarsa estan avalats per m\u00e9s de 45 anys d\u2019experi\u00e8ncia en la reparaci\u00f3, substituci\u00f3 i manteniment de vidres de l\u2019autom\u00f2bil. Amb m\u00e9s de 250 tallers a Espanya, assegurem rapidesa, professionalitat i la m\u00e0xima confian\u00e7a en cada intervenci\u00f3.","og_url":"https:\/\/www.ralarsa.com\/ca\/servicios-ralarsa\/","og_site_name":"Ralarsa","article_modified_time":"2026-03-30T15:29:17+00:00","og_image":[{"width":900,"height":600,"url":"https:\/\/d2oyvx818ubhz6.cloudfront.net\/wp-content\/uploads\/2025\/07\/servicios-ralarsa.jpg","type":"image\/jpeg"}],"twitter_card":"summary_large_image","twitter_misc":{"Temps estimat de lectura":"1 minut"},"schema":{"@context":"https:\/\/schema.org","@graph":[{"@type":"WebPage","@id":"https:\/\/www.ralarsa.com\/ca\/servicios-ralarsa\/","url":"https:\/\/www.ralarsa.com\/ca\/servicios-ralarsa\/","name":"Serveis de Ralarsa - Ralarsa","isPartOf":{"@id":"https:\/\/www.ralarsa.com\/ca\/#website"},"primaryImageOfPage":{"@id":"https:\/\/www.ralarsa.com\/ca\/servicios-ralarsa\/#primaryimage"},"image":{"@id":"https:\/\/www.ralarsa.com\/es\/servicios-ralarsa\/#primaryimage"},"thumbnailUrl":"https:\/\/d2oyvx818ubhz6.cloudfront.net\/wp-content\/uploads\/2025\/07\/servicios-ralarsa.jpg","datePublished":"2025-10-16T15:23:00+00:00","dateModified":"2026-03-30T15:29:17+00:00","breadcrumb":{"@id":"https:\/\/www.ralarsa.com\/ca\/servicios-ralarsa\/#breadcrumb"},"inLanguage":"ca","potentialAction":[{"@type":"ReadAction","target":[["https:\/\/www.ralarsa.com\/ca\/servicios-ralarsa\/"]]}]},{"@type":"ImageObject","inLanguage":"ca","@id":"https:\/\/www.ralarsa.com\/ca\/servicios-ralarsa\/#primaryimage","url":"https:\/\/d2oyvx818ubhz6.cloudfront.net\/wp-content\/uploads\/2025\/07\/servicios-ralarsa.jpg","contentUrl":"https:\/\/d2oyvx818ubhz6.cloudfront.net\/wp-content\/uploads\/2025\/07\/servicios-ralarsa.jpg","width":900,"height":600,"caption":"Servicios especializados de Ralarsa: reparaci\u00f3n y mantenimiento de lunas para tu seguridad."},{"@type":"BreadcrumbList","@id":"https:\/\/www.ralarsa.com\/ca\/servicios-ralarsa\/#breadcrumb","itemListElement":[{"@type":"ListItem","position":1,"name":"Portada","item":"https:\/\/www.ralarsa.com\/ca\/ralarsa-2\/"},{"@type":"ListItem","position":2,"name":"Servicios Ralarsa"}]},{"@type":"WebSite","@id":"https:\/\/www.ralarsa.com\/ca\/#website","url":"https:\/\/www.ralarsa.com\/ca\/","name":"Ralarsa","description":"","publisher":{"@id":"https:\/\/www.ralarsa.com\/ca\/#organization"},"potentialAction":[{"@type":"SearchAction","target":{"@type":"EntryPoint","urlTemplate":"https:\/\/www.ralarsa.com\/ca\/?s={search_term_string}"},"query-input":{"@type":"PropertyValueSpecification","valueRequired":true,"valueName":"search_term_string"}}],"inLanguage":"ca"},{"@type":"Organization","@id":"https:\/\/www.ralarsa.com\/ca\/#organization","name":"Ralarsa","url":"https:\/\/www.ralarsa.com\/ca\/","logo":{"@type":"ImageObject","inLanguage":"ca","@id":"https:\/\/www.ralarsa.com\/ca\/#\/schema\/logo\/image\/","url":"https:\/\/ralarsa.s3.eu-central-1.amazonaws.com\/wp-content\/uploads\/2025\/04\/logo-ralarsa.png","contentUrl":"https:\/\/ralarsa.s3.eu-central-1.amazonaws.com\/wp-content\/uploads\/2025\/04\/logo-ralarsa.png","width":1192,"height":412,"caption":"Ralarsa"},"image":{"@id":"https:\/\/www.ralarsa.com\/ca\/#\/schema\/logo\/image\/"}}]}},"_links":{"self":[{"href":"https:\/\/www.ralarsa.com\/ca\/wp-json\/wp\/v2\/pages\/4917","targetHints":{"allow":["GET"]}}],"collection":[{"href":"https:\/\/www.ralarsa.com\/ca\/wp-json\/wp\/v2\/pages"}],"about":[{"href":"https:\/\/www.ralarsa.com\/ca\/wp-json\/wp\/v2\/types\/page"}],"author":[{"embeddable":true,"href":"https:\/\/www.ralarsa.com\/ca\/wp-json\/wp\/v2\/users\/8"}],"replies":[{"embeddable":true,"href":"https:\/\/www.ralarsa.com\/ca\/wp-json\/wp\/v2\/comments?post=4917"}],"version-history":[{"count":16,"href":"https:\/\/www.ralarsa.com\/ca\/wp-json\/wp\/v2\/pages\/4917\/revisions"}],"predecessor-version":[{"id":6659,"href":"https:\/\/www.ralarsa.com\/ca\/wp-json\/wp\/v2\/pages\/4917\/revisions\/6659"}],"wp:featuredmedia":[{"embeddable":true,"href":"https:\/\/www.ralarsa.com\/ca\/wp-json\/wp\/v2\/media\/4646"}],"wp:attachment":[{"href":"https:\/\/www.ralarsa.com\/ca\/wp-json\/wp\/v2\/media?parent=4917"}],"curies":[{"name":"wp","href":"https:\/\/api.w.org\/{rel}","templated":true}]}}