{"id":1537,"date":"2025-03-27T13:28:57","date_gmt":"2025-03-27T12:28:57","guid":{"rendered":"https:\/\/www.ralarsa.com\/servicios\/calibracion-sistemas-adas\/"},"modified":"2025-12-10T16:46:59","modified_gmt":"2025-12-10T15:46:59","slug":"calibracion-sistemas-adas","status":"publish","type":"page","link":"https:\/\/www.ralarsa.com\/en\/adas-system-calibration\/","title":{"rendered":"ADAS systems calibration"},"content":{"rendered":"<p><\/p>\n<p class=\"ai-optimize-6 ai-optimize-introduction\"><strong>ADAS system calibration <\/strong><em>(Advanced Driver Assistance Systems) <\/em>is essential to ensure your safety on the road. The cameras and sensors on the windshield manage key functions such as automatic braking and lane keeping.<\/p>\n<p class=\"ai-optimize-7\">At Ralarsa, we calibrate these systems after windshield replacement to ensure precise and reliable operation. Trust our experts to keep your vehicle ready and safe for every journey.<\/p>\n<p><\/p>","protected":false},"excerpt":{"rendered":"ADAS system calibration (Advanced Driver Assistance Systems) is essential to ensure your safety on the road. The cameras and sensors on the windshield manage key functions such as automatic braking and lane keeping. At Ralarsa, we calibrate these systems after windshield replacement to ensure precise and reliable operation. Trust our experts to keep your vehicle&#8230;","protected":false},"author":1,"featured_media":4645,"parent":0,"menu_order":11,"comment_status":"closed","ping_status":"closed","template":"","meta":{"_acf_changed":false,"inline_featured_image":false,"footnotes":""},"class_list":["post-1537","page","type-page","status-publish","has-post-thumbnail","hentry"],"acf":{"display":"default","generic_slider":null,"promo_banner":false,"related_promo":""},"yoast_head":"<!-- This site is optimized with the Yoast SEO Premium plugin v25.3 (Yoast SEO v27.5) - https:\/\/yoast.com\/product\/yoast-seo-premium-wordpress\/ -->\n<title>ADAS System Calibration | Ralarsa<\/title>\n<meta name=\"description\" content=\"At Ralarsa, we specialize in calibrating ADAS systems, an electronic security system essential for vehicle safety. Make an appointment!\" \/>\n<meta name=\"robots\" content=\"index, follow, max-snippet:-1, max-image-preview:large, max-video-preview:-1\" \/>\n<link rel=\"canonical\" href=\"https:\/\/www.ralarsa.com\/en\/calibracion-sistemas-adas\/\" \/>\n<meta property=\"og:locale\" content=\"en_US\" \/>\n<meta property=\"og:type\" content=\"article\" \/>\n<meta property=\"og:title\" content=\"ADAS systems calibration\" \/>\n<meta property=\"og:description\" content=\"At Ralarsa, we specialize in calibrating ADAS systems, an electronic security system essential for vehicle safety. Make an appointment!\" \/>\n<meta property=\"og:url\" content=\"https:\/\/www.ralarsa.com\/en\/calibracion-sistemas-adas\/\" \/>\n<meta property=\"og:site_name\" content=\"Ralarsa\" \/>\n<meta property=\"article:modified_time\" content=\"2025-12-10T15:46:59+00:00\" \/>\n<meta property=\"og:image\" content=\"https:\/\/d2oyvx818ubhz6.cloudfront.net\/wp-content\/uploads\/2025\/03\/calibracion-sistema-adas.jpg\" \/>\n\t<meta property=\"og:image:width\" content=\"900\" \/>\n\t<meta property=\"og:image:height\" content=\"595\" \/>\n\t<meta property=\"og:image:type\" content=\"image\/jpeg\" \/>\n<meta name=\"twitter:card\" content=\"summary_large_image\" \/>\n<meta name=\"twitter:label1\" content=\"Est. reading time\" \/>\n\t<meta name=\"twitter:data1\" content=\"1 minute\" \/>\n<script type=\"application\/ld+json\" class=\"yoast-schema-graph\">{\"@context\":\"https:\\\/\\\/schema.org\",\"@graph\":[{\"@type\":\"WebPage\",\"@id\":\"https:\\\/\\\/www.ralarsa.com\\\/en\\\/calibracion-sistemas-adas\\\/\",\"url\":\"https:\\\/\\\/www.ralarsa.com\\\/en\\\/calibracion-sistemas-adas\\\/\",\"name\":\"ADAS System Calibration | Ralarsa\",\"isPartOf\":{\"@id\":\"https:\\\/\\\/www.ralarsa.com\\\/en\\\/#website\"},\"primaryImageOfPage\":{\"@id\":\"https:\\\/\\\/www.ralarsa.com\\\/en\\\/calibracion-sistemas-adas\\\/#primaryimage\"},\"image\":{\"@id\":\"https:\\\/\\\/www.ralarsa.com\\\/es\\\/calibracion-sistemas-adas\\\/#primaryimage\"},\"thumbnailUrl\":\"https:\\\/\\\/d2oyvx818ubhz6.cloudfront.net\\\/wp-content\\\/uploads\\\/2025\\\/03\\\/calibracion-sistema-adas.jpg\",\"datePublished\":\"2025-03-27T12:28:57+00:00\",\"dateModified\":\"2025-12-10T15:46:59+00:00\",\"description\":\"At Ralarsa, we specialize in calibrating ADAS systems, an electronic security system essential for vehicle safety. Make an appointment!\",\"breadcrumb\":{\"@id\":\"https:\\\/\\\/www.ralarsa.com\\\/en\\\/calibracion-sistemas-adas\\\/#breadcrumb\"},\"inLanguage\":\"en-US\",\"potentialAction\":[{\"@type\":\"ReadAction\",\"target\":[[\"https:\\\/\\\/www.ralarsa.com\\\/en\\\/calibracion-sistemas-adas\\\/\"]]}]},{\"@type\":\"ImageObject\",\"inLanguage\":\"en-US\",\"@id\":\"https:\\\/\\\/www.ralarsa.com\\\/en\\\/calibracion-sistemas-adas\\\/#primaryimage\",\"url\":\"https:\\\/\\\/d2oyvx818ubhz6.cloudfront.net\\\/wp-content\\\/uploads\\\/2025\\\/03\\\/calibracion-sistema-adas.jpg\",\"contentUrl\":\"https:\\\/\\\/d2oyvx818ubhz6.cloudfront.net\\\/wp-content\\\/uploads\\\/2025\\\/03\\\/calibracion-sistema-adas.jpg\",\"width\":900,\"height\":595,\"caption\":\"Calibraci\u00f3n del sistema ADAS: tecnolog\u00eda y precisi\u00f3n al servicio de tu seguridad.\"},{\"@type\":\"BreadcrumbList\",\"@id\":\"https:\\\/\\\/www.ralarsa.com\\\/en\\\/calibracion-sistemas-adas\\\/#breadcrumb\",\"itemListElement\":[{\"@type\":\"ListItem\",\"position\":1,\"name\":\"Portada\",\"item\":\"https:\\\/\\\/www.ralarsa.com\\\/en\\\/ralarsa-2\\\/\"},{\"@type\":\"ListItem\",\"position\":2,\"name\":\"Calibraci\u00f3n de sistemas ADAS\"}]},{\"@type\":\"WebSite\",\"@id\":\"https:\\\/\\\/www.ralarsa.com\\\/en\\\/#website\",\"url\":\"https:\\\/\\\/www.ralarsa.com\\\/en\\\/\",\"name\":\"Ralarsa\",\"description\":\"\",\"publisher\":{\"@id\":\"https:\\\/\\\/www.ralarsa.com\\\/en\\\/#organization\"},\"potentialAction\":[{\"@type\":\"SearchAction\",\"target\":{\"@type\":\"EntryPoint\",\"urlTemplate\":\"https:\\\/\\\/www.ralarsa.com\\\/en\\\/?s={search_term_string}\"},\"query-input\":{\"@type\":\"PropertyValueSpecification\",\"valueRequired\":true,\"valueName\":\"search_term_string\"}}],\"inLanguage\":\"en-US\"},{\"@type\":\"Organization\",\"@id\":\"https:\\\/\\\/www.ralarsa.com\\\/en\\\/#organization\",\"name\":\"Ralarsa\",\"url\":\"https:\\\/\\\/www.ralarsa.com\\\/en\\\/\",\"logo\":{\"@type\":\"ImageObject\",\"inLanguage\":\"en-US\",\"@id\":\"https:\\\/\\\/www.ralarsa.com\\\/en\\\/#\\\/schema\\\/logo\\\/image\\\/\",\"url\":\"https:\\\/\\\/ralarsa.s3.eu-central-1.amazonaws.com\\\/wp-content\\\/uploads\\\/2025\\\/04\\\/logo-ralarsa.png\",\"contentUrl\":\"https:\\\/\\\/ralarsa.s3.eu-central-1.amazonaws.com\\\/wp-content\\\/uploads\\\/2025\\\/04\\\/logo-ralarsa.png\",\"width\":1192,\"height\":412,\"caption\":\"Ralarsa\"},\"image\":{\"@id\":\"https:\\\/\\\/www.ralarsa.com\\\/en\\\/#\\\/schema\\\/logo\\\/image\\\/\"}}]}<\/script>\n<!-- \/ Yoast SEO Premium plugin. -->","yoast_head_json":{"title":"ADAS System Calibration | Ralarsa","description":"At Ralarsa, we specialize in calibrating ADAS systems, an electronic security system essential for vehicle safety. Make an appointment!","robots":{"index":"index","follow":"follow","max-snippet":"max-snippet:-1","max-image-preview":"max-image-preview:large","max-video-preview":"max-video-preview:-1"},"canonical":"https:\/\/www.ralarsa.com\/en\/calibracion-sistemas-adas\/","og_locale":"en_US","og_type":"article","og_title":"ADAS systems calibration","og_description":"At Ralarsa, we specialize in calibrating ADAS systems, an electronic security system essential for vehicle safety. Make an appointment!","og_url":"https:\/\/www.ralarsa.com\/en\/calibracion-sistemas-adas\/","og_site_name":"Ralarsa","article_modified_time":"2025-12-10T15:46:59+00:00","og_image":[{"width":900,"height":595,"url":"https:\/\/d2oyvx818ubhz6.cloudfront.net\/wp-content\/uploads\/2025\/03\/calibracion-sistema-adas.jpg","type":"image\/jpeg"}],"twitter_card":"summary_large_image","twitter_misc":{"Est. reading time":"1 minute"},"schema":{"@context":"https:\/\/schema.org","@graph":[{"@type":"WebPage","@id":"https:\/\/www.ralarsa.com\/en\/calibracion-sistemas-adas\/","url":"https:\/\/www.ralarsa.com\/en\/calibracion-sistemas-adas\/","name":"ADAS System Calibration | Ralarsa","isPartOf":{"@id":"https:\/\/www.ralarsa.com\/en\/#website"},"primaryImageOfPage":{"@id":"https:\/\/www.ralarsa.com\/en\/calibracion-sistemas-adas\/#primaryimage"},"image":{"@id":"https:\/\/www.ralarsa.com\/es\/calibracion-sistemas-adas\/#primaryimage"},"thumbnailUrl":"https:\/\/d2oyvx818ubhz6.cloudfront.net\/wp-content\/uploads\/2025\/03\/calibracion-sistema-adas.jpg","datePublished":"2025-03-27T12:28:57+00:00","dateModified":"2025-12-10T15:46:59+00:00","description":"At Ralarsa, we specialize in calibrating ADAS systems, an electronic security system essential for vehicle safety. Make an appointment!","breadcrumb":{"@id":"https:\/\/www.ralarsa.com\/en\/calibracion-sistemas-adas\/#breadcrumb"},"inLanguage":"en-US","potentialAction":[{"@type":"ReadAction","target":[["https:\/\/www.ralarsa.com\/en\/calibracion-sistemas-adas\/"]]}]},{"@type":"ImageObject","inLanguage":"en-US","@id":"https:\/\/www.ralarsa.com\/en\/calibracion-sistemas-adas\/#primaryimage","url":"https:\/\/d2oyvx818ubhz6.cloudfront.net\/wp-content\/uploads\/2025\/03\/calibracion-sistema-adas.jpg","contentUrl":"https:\/\/d2oyvx818ubhz6.cloudfront.net\/wp-content\/uploads\/2025\/03\/calibracion-sistema-adas.jpg","width":900,"height":595,"caption":"Calibraci\u00f3n del sistema ADAS: tecnolog\u00eda y precisi\u00f3n al servicio de tu seguridad."},{"@type":"BreadcrumbList","@id":"https:\/\/www.ralarsa.com\/en\/calibracion-sistemas-adas\/#breadcrumb","itemListElement":[{"@type":"ListItem","position":1,"name":"Portada","item":"https:\/\/www.ralarsa.com\/en\/ralarsa-2\/"},{"@type":"ListItem","position":2,"name":"Calibraci\u00f3n de sistemas ADAS"}]},{"@type":"WebSite","@id":"https:\/\/www.ralarsa.com\/en\/#website","url":"https:\/\/www.ralarsa.com\/en\/","name":"Ralarsa","description":"","publisher":{"@id":"https:\/\/www.ralarsa.com\/en\/#organization"},"potentialAction":[{"@type":"SearchAction","target":{"@type":"EntryPoint","urlTemplate":"https:\/\/www.ralarsa.com\/en\/?s={search_term_string}"},"query-input":{"@type":"PropertyValueSpecification","valueRequired":true,"valueName":"search_term_string"}}],"inLanguage":"en-US"},{"@type":"Organization","@id":"https:\/\/www.ralarsa.com\/en\/#organization","name":"Ralarsa","url":"https:\/\/www.ralarsa.com\/en\/","logo":{"@type":"ImageObject","inLanguage":"en-US","@id":"https:\/\/www.ralarsa.com\/en\/#\/schema\/logo\/image\/","url":"https:\/\/ralarsa.s3.eu-central-1.amazonaws.com\/wp-content\/uploads\/2025\/04\/logo-ralarsa.png","contentUrl":"https:\/\/ralarsa.s3.eu-central-1.amazonaws.com\/wp-content\/uploads\/2025\/04\/logo-ralarsa.png","width":1192,"height":412,"caption":"Ralarsa"},"image":{"@id":"https:\/\/www.ralarsa.com\/en\/#\/schema\/logo\/image\/"}}]}},"_links":{"self":[{"href":"https:\/\/www.ralarsa.com\/en\/wp-json\/wp\/v2\/pages\/1537","targetHints":{"allow":["GET"]}}],"collection":[{"href":"https:\/\/www.ralarsa.com\/en\/wp-json\/wp\/v2\/pages"}],"about":[{"href":"https:\/\/www.ralarsa.com\/en\/wp-json\/wp\/v2\/types\/page"}],"author":[{"embeddable":true,"href":"https:\/\/www.ralarsa.com\/en\/wp-json\/wp\/v2\/users\/1"}],"replies":[{"embeddable":true,"href":"https:\/\/www.ralarsa.com\/en\/wp-json\/wp\/v2\/comments?post=1537"}],"version-history":[{"count":1,"href":"https:\/\/www.ralarsa.com\/en\/wp-json\/wp\/v2\/pages\/1537\/revisions"}],"predecessor-version":[{"id":5888,"href":"https:\/\/www.ralarsa.com\/en\/wp-json\/wp\/v2\/pages\/1537\/revisions\/5888"}],"wp:featuredmedia":[{"embeddable":true,"href":"https:\/\/www.ralarsa.com\/en\/wp-json\/wp\/v2\/media\/4645"}],"wp:attachment":[{"href":"https:\/\/www.ralarsa.com\/en\/wp-json\/wp\/v2\/media?parent=1537"}],"curies":[{"name":"wp","href":"https:\/\/api.w.org\/{rel}","templated":true}]}}