{"id":4864,"date":"2025-10-24T10:12:59","date_gmt":"2025-10-24T09:12:59","guid":{"rendered":"https:\/\/www.ralarsa.com\/es\/?page_id=4864"},"modified":"2026-03-12T17:23:54","modified_gmt":"2026-03-12T16:23:54","slug":"reparar-luna-coche-2","status":"publish","type":"page","link":"https:\/\/www.ralarsa.com\/en\/repair-windshield-car\/","title":{"rendered":"Repair windshield car"},"content":{"rendered":"<p><\/p>\n<p class=\"ai-optimize-8 ai-optimize-introduction\" dir=\"auto\">At Ralarsa, we are experts in <strong>repair windshield car<\/strong>, offering a professional and high-quality service. We fix small damages, such as cracks or minor chips, using advanced techniques and providing long-lasting results that guarantee your safety and visibility while driving.<\/p>\n<div class=\"my-2\"><\/div>\n<p><\/p>","protected":false},"excerpt":{"rendered":"At Ralarsa, we are experts in repair windshield car, offering a professional and high-quality service. We fix small damages, such as cracks or minor chips, using advanced techniques and providing long-lasting results that guarantee your safety and visibility while driving.","protected":false},"author":8,"featured_media":6514,"parent":0,"menu_order":0,"comment_status":"closed","ping_status":"closed","template":"","meta":{"_acf_changed":false,"inline_featured_image":false,"footnotes":""},"class_list":["post-4864","page","type-page","status-publish","has-post-thumbnail","hentry"],"acf":{"display":"default","generic_slider":null,"promo_banner":false,"related_promo":null},"yoast_head":"<!-- This site is optimized with the Yoast SEO Premium plugin v25.3 (Yoast SEO v26.7) - https:\/\/yoast.com\/wordpress\/plugins\/seo\/ -->\n<title>Repair windshield car - Ralarsa<\/title>\n<meta name=\"robots\" content=\"index, follow, max-snippet:-1, max-image-preview:large, max-video-preview:-1\" \/>\n<link rel=\"canonical\" href=\"https:\/\/www.ralarsa.com\/en\/reparar-luna-coche\/\" \/>\n<meta property=\"og:locale\" content=\"en_US\" \/>\n<meta property=\"og:type\" content=\"article\" \/>\n<meta property=\"og:title\" content=\"Repair windshield car\" \/>\n<meta property=\"og:description\" content=\"At Ralarsa, we are experts in repair windshield car, offering a professional and high-quality service. We fix small damages, such as cracks or minor chips, using advanced techniques and providing long-lasting results that guarantee your safety and visibility while driving.\" \/>\n<meta property=\"og:url\" content=\"https:\/\/www.ralarsa.com\/en\/reparar-luna-coche\/\" \/>\n<meta property=\"og:site_name\" content=\"Ralarsa\" \/>\n<meta property=\"article:modified_time\" content=\"2026-03-12T16:23:54+00:00\" \/>\n<meta property=\"og:image\" content=\"https:\/\/d2oyvx818ubhz6.cloudfront.net\/wp-content\/uploads\/2026\/02\/proceso-reparacion-lunas-explicado-paso-paso.png\" \/>\n\t<meta property=\"og:image:width\" content=\"901\" \/>\n\t<meta property=\"og:image:height\" content=\"600\" \/>\n\t<meta property=\"og:image:type\" content=\"image\/png\" \/>\n<meta name=\"twitter:card\" content=\"summary_large_image\" \/>\n<meta name=\"twitter:label1\" content=\"Est. reading time\" \/>\n\t<meta name=\"twitter:data1\" content=\"1 minute\" \/>\n<script type=\"application\/ld+json\" class=\"yoast-schema-graph\">{\"@context\":\"https:\/\/schema.org\",\"@graph\":[{\"@type\":\"WebPage\",\"@id\":\"https:\/\/www.ralarsa.com\/en\/reparar-luna-coche\/\",\"url\":\"https:\/\/www.ralarsa.com\/en\/reparar-luna-coche\/\",\"name\":\"Repair windshield car - Ralarsa\",\"isPartOf\":{\"@id\":\"https:\/\/www.ralarsa.com\/en\/#website\"},\"primaryImageOfPage\":{\"@id\":\"https:\/\/www.ralarsa.com\/en\/reparar-luna-coche\/#primaryimage\"},\"image\":{\"@id\":\"https:\/\/www.ralarsa.com\/es\/reparar-luna-coche\/#primaryimage\"},\"thumbnailUrl\":\"https:\/\/d2oyvx818ubhz6.cloudfront.net\/wp-content\/uploads\/2026\/02\/proceso-reparacion-lunas-explicado-paso-paso.png\",\"datePublished\":\"2025-10-24T09:12:59+00:00\",\"dateModified\":\"2026-03-12T16:23:54+00:00\",\"breadcrumb\":{\"@id\":\"https:\/\/www.ralarsa.com\/en\/reparar-luna-coche\/#breadcrumb\"},\"inLanguage\":\"en-US\",\"potentialAction\":[{\"@type\":\"ReadAction\",\"target\":[[\"https:\/\/www.ralarsa.com\/en\/reparar-luna-coche\/\"]]}]},{\"@type\":\"ImageObject\",\"inLanguage\":\"en-US\",\"@id\":\"https:\/\/www.ralarsa.com\/en\/reparar-luna-coche\/#primaryimage\",\"url\":\"https:\/\/d2oyvx818ubhz6.cloudfront.net\/wp-content\/uploads\/2026\/02\/proceso-reparacion-lunas-explicado-paso-paso.png\",\"contentUrl\":\"https:\/\/d2oyvx818ubhz6.cloudfront.net\/wp-content\/uploads\/2026\/02\/proceso-reparacion-lunas-explicado-paso-paso.png\",\"width\":901,\"height\":600,\"caption\":\"T\u00e9cnico especializado reparando una luna de autom\u00f3vil con herramientas profesionales, garantizando seguridad y visibilidad \u00f3ptima.\"},{\"@type\":\"BreadcrumbList\",\"@id\":\"https:\/\/www.ralarsa.com\/en\/reparar-luna-coche\/#breadcrumb\",\"itemListElement\":[{\"@type\":\"ListItem\",\"position\":1,\"name\":\"Portada\",\"item\":\"https:\/\/www.ralarsa.com\/en\/ralarsa-2\/\"},{\"@type\":\"ListItem\",\"position\":2,\"name\":\"Reparar luna coche\"}]},{\"@type\":\"WebSite\",\"@id\":\"https:\/\/www.ralarsa.com\/en\/#website\",\"url\":\"https:\/\/www.ralarsa.com\/en\/\",\"name\":\"Ralarsa\",\"description\":\"\",\"publisher\":{\"@id\":\"https:\/\/www.ralarsa.com\/en\/#organization\"},\"potentialAction\":[{\"@type\":\"SearchAction\",\"target\":{\"@type\":\"EntryPoint\",\"urlTemplate\":\"https:\/\/www.ralarsa.com\/en\/?s={search_term_string}\"},\"query-input\":{\"@type\":\"PropertyValueSpecification\",\"valueRequired\":true,\"valueName\":\"search_term_string\"}}],\"inLanguage\":\"en-US\"},{\"@type\":\"Organization\",\"@id\":\"https:\/\/www.ralarsa.com\/en\/#organization\",\"name\":\"Ralarsa\",\"url\":\"https:\/\/www.ralarsa.com\/en\/\",\"logo\":{\"@type\":\"ImageObject\",\"inLanguage\":\"en-US\",\"@id\":\"https:\/\/www.ralarsa.com\/en\/#\/schema\/logo\/image\/\",\"url\":\"https:\/\/ralarsa.s3.eu-central-1.amazonaws.com\/wp-content\/uploads\/2025\/04\/logo-ralarsa.png\",\"contentUrl\":\"https:\/\/ralarsa.s3.eu-central-1.amazonaws.com\/wp-content\/uploads\/2025\/04\/logo-ralarsa.png\",\"width\":1192,\"height\":412,\"caption\":\"Ralarsa\"},\"image\":{\"@id\":\"https:\/\/www.ralarsa.com\/en\/#\/schema\/logo\/image\/\"}}]}<\/script>\n<!-- \/ Yoast SEO Premium plugin. -->","yoast_head_json":{"title":"Repair windshield car - Ralarsa","robots":{"index":"index","follow":"follow","max-snippet":"max-snippet:-1","max-image-preview":"max-image-preview:large","max-video-preview":"max-video-preview:-1"},"canonical":"https:\/\/www.ralarsa.com\/en\/reparar-luna-coche\/","og_locale":"en_US","og_type":"article","og_title":"Repair windshield car","og_description":"At Ralarsa, we are experts in repair windshield car, offering a professional and high-quality service. We fix small damages, such as cracks or minor chips, using advanced techniques and providing long-lasting results that guarantee your safety and visibility while driving.","og_url":"https:\/\/www.ralarsa.com\/en\/reparar-luna-coche\/","og_site_name":"Ralarsa","article_modified_time":"2026-03-12T16:23:54+00:00","og_image":[{"width":901,"height":600,"url":"https:\/\/d2oyvx818ubhz6.cloudfront.net\/wp-content\/uploads\/2026\/02\/proceso-reparacion-lunas-explicado-paso-paso.png","type":"image\/png"}],"twitter_card":"summary_large_image","twitter_misc":{"Est. reading time":"1 minute"},"schema":{"@context":"https:\/\/schema.org","@graph":[{"@type":"WebPage","@id":"https:\/\/www.ralarsa.com\/en\/reparar-luna-coche\/","url":"https:\/\/www.ralarsa.com\/en\/reparar-luna-coche\/","name":"Repair windshield car - Ralarsa","isPartOf":{"@id":"https:\/\/www.ralarsa.com\/en\/#website"},"primaryImageOfPage":{"@id":"https:\/\/www.ralarsa.com\/en\/reparar-luna-coche\/#primaryimage"},"image":{"@id":"https:\/\/www.ralarsa.com\/es\/reparar-luna-coche\/#primaryimage"},"thumbnailUrl":"https:\/\/d2oyvx818ubhz6.cloudfront.net\/wp-content\/uploads\/2026\/02\/proceso-reparacion-lunas-explicado-paso-paso.png","datePublished":"2025-10-24T09:12:59+00:00","dateModified":"2026-03-12T16:23:54+00:00","breadcrumb":{"@id":"https:\/\/www.ralarsa.com\/en\/reparar-luna-coche\/#breadcrumb"},"inLanguage":"en-US","potentialAction":[{"@type":"ReadAction","target":[["https:\/\/www.ralarsa.com\/en\/reparar-luna-coche\/"]]}]},{"@type":"ImageObject","inLanguage":"en-US","@id":"https:\/\/www.ralarsa.com\/en\/reparar-luna-coche\/#primaryimage","url":"https:\/\/d2oyvx818ubhz6.cloudfront.net\/wp-content\/uploads\/2026\/02\/proceso-reparacion-lunas-explicado-paso-paso.png","contentUrl":"https:\/\/d2oyvx818ubhz6.cloudfront.net\/wp-content\/uploads\/2026\/02\/proceso-reparacion-lunas-explicado-paso-paso.png","width":901,"height":600,"caption":"T\u00e9cnico especializado reparando una luna de autom\u00f3vil con herramientas profesionales, garantizando seguridad y visibilidad \u00f3ptima."},{"@type":"BreadcrumbList","@id":"https:\/\/www.ralarsa.com\/en\/reparar-luna-coche\/#breadcrumb","itemListElement":[{"@type":"ListItem","position":1,"name":"Portada","item":"https:\/\/www.ralarsa.com\/en\/ralarsa-2\/"},{"@type":"ListItem","position":2,"name":"Reparar luna coche"}]},{"@type":"WebSite","@id":"https:\/\/www.ralarsa.com\/en\/#website","url":"https:\/\/www.ralarsa.com\/en\/","name":"Ralarsa","description":"","publisher":{"@id":"https:\/\/www.ralarsa.com\/en\/#organization"},"potentialAction":[{"@type":"SearchAction","target":{"@type":"EntryPoint","urlTemplate":"https:\/\/www.ralarsa.com\/en\/?s={search_term_string}"},"query-input":{"@type":"PropertyValueSpecification","valueRequired":true,"valueName":"search_term_string"}}],"inLanguage":"en-US"},{"@type":"Organization","@id":"https:\/\/www.ralarsa.com\/en\/#organization","name":"Ralarsa","url":"https:\/\/www.ralarsa.com\/en\/","logo":{"@type":"ImageObject","inLanguage":"en-US","@id":"https:\/\/www.ralarsa.com\/en\/#\/schema\/logo\/image\/","url":"https:\/\/ralarsa.s3.eu-central-1.amazonaws.com\/wp-content\/uploads\/2025\/04\/logo-ralarsa.png","contentUrl":"https:\/\/ralarsa.s3.eu-central-1.amazonaws.com\/wp-content\/uploads\/2025\/04\/logo-ralarsa.png","width":1192,"height":412,"caption":"Ralarsa"},"image":{"@id":"https:\/\/www.ralarsa.com\/en\/#\/schema\/logo\/image\/"}}]}},"_links":{"self":[{"href":"https:\/\/www.ralarsa.com\/en\/wp-json\/wp\/v2\/pages\/4864","targetHints":{"allow":["GET"]}}],"collection":[{"href":"https:\/\/www.ralarsa.com\/en\/wp-json\/wp\/v2\/pages"}],"about":[{"href":"https:\/\/www.ralarsa.com\/en\/wp-json\/wp\/v2\/types\/page"}],"author":[{"embeddable":true,"href":"https:\/\/www.ralarsa.com\/en\/wp-json\/wp\/v2\/users\/8"}],"replies":[{"embeddable":true,"href":"https:\/\/www.ralarsa.com\/en\/wp-json\/wp\/v2\/comments?post=4864"}],"version-history":[{"count":7,"href":"https:\/\/www.ralarsa.com\/en\/wp-json\/wp\/v2\/pages\/4864\/revisions"}],"predecessor-version":[{"id":5851,"href":"https:\/\/www.ralarsa.com\/en\/wp-json\/wp\/v2\/pages\/4864\/revisions\/5851"}],"wp:featuredmedia":[{"embeddable":true,"href":"https:\/\/www.ralarsa.com\/en\/wp-json\/wp\/v2\/media\/6514"}],"wp:attachment":[{"href":"https:\/\/www.ralarsa.com\/en\/wp-json\/wp\/v2\/media?parent=4864"}],"curies":[{"name":"wp","href":"https:\/\/api.w.org\/{rel}","templated":true}]}}