{"id":4933,"date":"2025-10-24T09:54:01","date_gmt":"2025-10-24T08:54:01","guid":{"rendered":"https:\/\/www.ralarsa.com\/es\/?page_id=4933"},"modified":"2026-04-16T11:05:23","modified_gmt":"2026-04-16T10:05:23","slug":"historia-y-evolucion-de-ralarsa","status":"publish","type":"page","link":"https:\/\/www.ralarsa.com\/en\/auto-glass-ralarsa\/","title":{"rendered":"History and Evolution of Ralarsa"},"content":{"rendered":"<p><\/p>\n<p class=\"ai-optimize-6 ai-optimize-introduction\" dir=\"auto\">With more than <span class=\"TextRun SCXW52118245 BCX0\" lang=\"ES-ES\" xml:lang=\"ES-ES\" data-contrast=\"auto\"><span class=\"NormalTextRun SCXW52118245 BCX0\">45 <\/span><\/span>years of experience, the <strong>history and evolution of Ralarsa<\/strong> is defined by its leadership in car windshield repair and replacement. Since its beginnings, Ralarsa has been committed to innovation, quality, and trust, becoming a benchmark with more than <span class=\"TextRun SCXW52118245 BCX0\" lang=\"ES-ES\" xml:lang=\"ES-ES\" data-contrast=\"auto\"><span class=\"NormalTextRun SCXW52118245 BCX0\">250 <\/span><\/span>workshops throughout Spain.<\/p>\n<div class=\"my-2\"><\/div>\n<p><\/p>","protected":false},"excerpt":{"rendered":"With more than 45 years of experience, the history and evolution of Ralarsa is defined by its leadership in car windshield repair and replacement. Since its beginnings, Ralarsa has been committed to innovation, quality, and trust, becoming a benchmark with more than 250 workshops throughout Spain.","protected":false},"author":8,"featured_media":6448,"parent":0,"menu_order":0,"comment_status":"closed","ping_status":"closed","template":"","meta":{"_acf_changed":false,"inline_featured_image":false,"footnotes":""},"class_list":["post-4933","page","type-page","status-publish","has-post-thumbnail","hentry"],"acf":{"display":"default","generic_slider":null,"promo_banner":false,"related_promo":null},"yoast_head":"<!-- This site is optimized with the Yoast SEO Premium plugin v25.3 (Yoast SEO v26.7) - https:\/\/yoast.com\/wordpress\/plugins\/seo\/ -->\n<title>History and Evolution of Ralarsa - Ralarsa<\/title>\n<meta name=\"robots\" content=\"index, follow, max-snippet:-1, max-image-preview:large, max-video-preview:-1\" \/>\n<link rel=\"canonical\" href=\"https:\/\/www.ralarsa.com\/en\/auto-cristal-ralarsa\/\" \/>\n<meta property=\"og:locale\" content=\"en_US\" \/>\n<meta property=\"og:type\" content=\"article\" \/>\n<meta property=\"og:title\" content=\"History and Evolution of Ralarsa\" \/>\n<meta property=\"og:description\" content=\"With more than 45 years of experience, the history and evolution of Ralarsa is defined by its leadership in car windshield repair and replacement. Since its beginnings, Ralarsa has been committed to innovation, quality, and trust, becoming a benchmark with more than 250 workshops throughout Spain.\" \/>\n<meta property=\"og:url\" content=\"https:\/\/www.ralarsa.com\/en\/auto-cristal-ralarsa\/\" \/>\n<meta property=\"og:site_name\" content=\"Ralarsa\" \/>\n<meta property=\"article:modified_time\" content=\"2026-04-16T10:05:23+00:00\" \/>\n<meta property=\"og:image\" content=\"https:\/\/d2oyvx818ubhz6.cloudfront.net\/wp-content\/uploads\/2026\/01\/historia-evolucion-ralarsa.jpg\" \/>\n\t<meta property=\"og:image:width\" content=\"900\" \/>\n\t<meta property=\"og:image:height\" content=\"600\" \/>\n\t<meta property=\"og:image:type\" content=\"image\/jpeg\" \/>\n<meta name=\"twitter:card\" content=\"summary_large_image\" \/>\n<meta name=\"twitter:label1\" content=\"Est. reading time\" \/>\n\t<meta name=\"twitter:data1\" content=\"1 minute\" \/>\n<script type=\"application\/ld+json\" class=\"yoast-schema-graph\">{\"@context\":\"https:\/\/schema.org\",\"@graph\":[{\"@type\":\"WebPage\",\"@id\":\"https:\/\/www.ralarsa.com\/en\/auto-cristal-ralarsa\/\",\"url\":\"https:\/\/www.ralarsa.com\/en\/auto-cristal-ralarsa\/\",\"name\":\"History and Evolution of Ralarsa - Ralarsa\",\"isPartOf\":{\"@id\":\"https:\/\/www.ralarsa.com\/en\/#website\"},\"primaryImageOfPage\":{\"@id\":\"https:\/\/www.ralarsa.com\/en\/auto-cristal-ralarsa\/#primaryimage\"},\"image\":{\"@id\":\"https:\/\/www.ralarsa.com\/es\/auto-cristal-ralarsa\/#primaryimage\"},\"thumbnailUrl\":\"https:\/\/d2oyvx818ubhz6.cloudfront.net\/wp-content\/uploads\/2026\/01\/historia-evolucion-ralarsa.jpg\",\"datePublished\":\"2025-10-24T08:54:01+00:00\",\"dateModified\":\"2026-04-16T10:05:23+00:00\",\"breadcrumb\":{\"@id\":\"https:\/\/www.ralarsa.com\/en\/auto-cristal-ralarsa\/#breadcrumb\"},\"inLanguage\":\"en-US\",\"potentialAction\":[{\"@type\":\"ReadAction\",\"target\":[[\"https:\/\/www.ralarsa.com\/en\/auto-cristal-ralarsa\/\"]]}]},{\"@type\":\"ImageObject\",\"inLanguage\":\"en-US\",\"@id\":\"https:\/\/www.ralarsa.com\/en\/auto-cristal-ralarsa\/#primaryimage\",\"url\":\"https:\/\/d2oyvx818ubhz6.cloudfront.net\/wp-content\/uploads\/2026\/01\/historia-evolucion-ralarsa.jpg\",\"contentUrl\":\"https:\/\/d2oyvx818ubhz6.cloudfront.net\/wp-content\/uploads\/2026\/01\/historia-evolucion-ralarsa.jpg\",\"width\":900,\"height\":600,\"caption\":\"Ralarsa \u2013 M\u00e1s de cuatro d\u00e9cadas siendo l\u00edderes en lunas de autom\u00f3vil.\"},{\"@type\":\"BreadcrumbList\",\"@id\":\"https:\/\/www.ralarsa.com\/en\/auto-cristal-ralarsa\/#breadcrumb\",\"itemListElement\":[{\"@type\":\"ListItem\",\"position\":1,\"name\":\"Portada\",\"item\":\"https:\/\/www.ralarsa.com\/en\/ralarsa-2\/\"},{\"@type\":\"ListItem\",\"position\":2,\"name\":\"Historia y evoluci\u00f3n de Ralarsa\"}]},{\"@type\":\"WebSite\",\"@id\":\"https:\/\/www.ralarsa.com\/en\/#website\",\"url\":\"https:\/\/www.ralarsa.com\/en\/\",\"name\":\"Ralarsa\",\"description\":\"\",\"publisher\":{\"@id\":\"https:\/\/www.ralarsa.com\/en\/#organization\"},\"potentialAction\":[{\"@type\":\"SearchAction\",\"target\":{\"@type\":\"EntryPoint\",\"urlTemplate\":\"https:\/\/www.ralarsa.com\/en\/?s={search_term_string}\"},\"query-input\":{\"@type\":\"PropertyValueSpecification\",\"valueRequired\":true,\"valueName\":\"search_term_string\"}}],\"inLanguage\":\"en-US\"},{\"@type\":\"Organization\",\"@id\":\"https:\/\/www.ralarsa.com\/en\/#organization\",\"name\":\"Ralarsa\",\"url\":\"https:\/\/www.ralarsa.com\/en\/\",\"logo\":{\"@type\":\"ImageObject\",\"inLanguage\":\"en-US\",\"@id\":\"https:\/\/www.ralarsa.com\/en\/#\/schema\/logo\/image\/\",\"url\":\"https:\/\/ralarsa.s3.eu-central-1.amazonaws.com\/wp-content\/uploads\/2025\/04\/logo-ralarsa.png\",\"contentUrl\":\"https:\/\/ralarsa.s3.eu-central-1.amazonaws.com\/wp-content\/uploads\/2025\/04\/logo-ralarsa.png\",\"width\":1192,\"height\":412,\"caption\":\"Ralarsa\"},\"image\":{\"@id\":\"https:\/\/www.ralarsa.com\/en\/#\/schema\/logo\/image\/\"}}]}<\/script>\n<!-- \/ Yoast SEO Premium plugin. -->","yoast_head_json":{"title":"History and Evolution of Ralarsa - Ralarsa","robots":{"index":"index","follow":"follow","max-snippet":"max-snippet:-1","max-image-preview":"max-image-preview:large","max-video-preview":"max-video-preview:-1"},"canonical":"https:\/\/www.ralarsa.com\/en\/auto-cristal-ralarsa\/","og_locale":"en_US","og_type":"article","og_title":"History and Evolution of Ralarsa","og_description":"With more than 45 years of experience, the history and evolution of Ralarsa is defined by its leadership in car windshield repair and replacement. Since its beginnings, Ralarsa has been committed to innovation, quality, and trust, becoming a benchmark with more than 250 workshops throughout Spain.","og_url":"https:\/\/www.ralarsa.com\/en\/auto-cristal-ralarsa\/","og_site_name":"Ralarsa","article_modified_time":"2026-04-16T10:05:23+00:00","og_image":[{"width":900,"height":600,"url":"https:\/\/d2oyvx818ubhz6.cloudfront.net\/wp-content\/uploads\/2026\/01\/historia-evolucion-ralarsa.jpg","type":"image\/jpeg"}],"twitter_card":"summary_large_image","twitter_misc":{"Est. reading time":"1 minute"},"schema":{"@context":"https:\/\/schema.org","@graph":[{"@type":"WebPage","@id":"https:\/\/www.ralarsa.com\/en\/auto-cristal-ralarsa\/","url":"https:\/\/www.ralarsa.com\/en\/auto-cristal-ralarsa\/","name":"History and Evolution of Ralarsa - Ralarsa","isPartOf":{"@id":"https:\/\/www.ralarsa.com\/en\/#website"},"primaryImageOfPage":{"@id":"https:\/\/www.ralarsa.com\/en\/auto-cristal-ralarsa\/#primaryimage"},"image":{"@id":"https:\/\/www.ralarsa.com\/es\/auto-cristal-ralarsa\/#primaryimage"},"thumbnailUrl":"https:\/\/d2oyvx818ubhz6.cloudfront.net\/wp-content\/uploads\/2026\/01\/historia-evolucion-ralarsa.jpg","datePublished":"2025-10-24T08:54:01+00:00","dateModified":"2026-04-16T10:05:23+00:00","breadcrumb":{"@id":"https:\/\/www.ralarsa.com\/en\/auto-cristal-ralarsa\/#breadcrumb"},"inLanguage":"en-US","potentialAction":[{"@type":"ReadAction","target":[["https:\/\/www.ralarsa.com\/en\/auto-cristal-ralarsa\/"]]}]},{"@type":"ImageObject","inLanguage":"en-US","@id":"https:\/\/www.ralarsa.com\/en\/auto-cristal-ralarsa\/#primaryimage","url":"https:\/\/d2oyvx818ubhz6.cloudfront.net\/wp-content\/uploads\/2026\/01\/historia-evolucion-ralarsa.jpg","contentUrl":"https:\/\/d2oyvx818ubhz6.cloudfront.net\/wp-content\/uploads\/2026\/01\/historia-evolucion-ralarsa.jpg","width":900,"height":600,"caption":"Ralarsa \u2013 M\u00e1s de cuatro d\u00e9cadas siendo l\u00edderes en lunas de autom\u00f3vil."},{"@type":"BreadcrumbList","@id":"https:\/\/www.ralarsa.com\/en\/auto-cristal-ralarsa\/#breadcrumb","itemListElement":[{"@type":"ListItem","position":1,"name":"Portada","item":"https:\/\/www.ralarsa.com\/en\/ralarsa-2\/"},{"@type":"ListItem","position":2,"name":"Historia y evoluci\u00f3n de Ralarsa"}]},{"@type":"WebSite","@id":"https:\/\/www.ralarsa.com\/en\/#website","url":"https:\/\/www.ralarsa.com\/en\/","name":"Ralarsa","description":"","publisher":{"@id":"https:\/\/www.ralarsa.com\/en\/#organization"},"potentialAction":[{"@type":"SearchAction","target":{"@type":"EntryPoint","urlTemplate":"https:\/\/www.ralarsa.com\/en\/?s={search_term_string}"},"query-input":{"@type":"PropertyValueSpecification","valueRequired":true,"valueName":"search_term_string"}}],"inLanguage":"en-US"},{"@type":"Organization","@id":"https:\/\/www.ralarsa.com\/en\/#organization","name":"Ralarsa","url":"https:\/\/www.ralarsa.com\/en\/","logo":{"@type":"ImageObject","inLanguage":"en-US","@id":"https:\/\/www.ralarsa.com\/en\/#\/schema\/logo\/image\/","url":"https:\/\/ralarsa.s3.eu-central-1.amazonaws.com\/wp-content\/uploads\/2025\/04\/logo-ralarsa.png","contentUrl":"https:\/\/ralarsa.s3.eu-central-1.amazonaws.com\/wp-content\/uploads\/2025\/04\/logo-ralarsa.png","width":1192,"height":412,"caption":"Ralarsa"},"image":{"@id":"https:\/\/www.ralarsa.com\/en\/#\/schema\/logo\/image\/"}}]}},"_links":{"self":[{"href":"https:\/\/www.ralarsa.com\/en\/wp-json\/wp\/v2\/pages\/4933","targetHints":{"allow":["GET"]}}],"collection":[{"href":"https:\/\/www.ralarsa.com\/en\/wp-json\/wp\/v2\/pages"}],"about":[{"href":"https:\/\/www.ralarsa.com\/en\/wp-json\/wp\/v2\/types\/page"}],"author":[{"embeddable":true,"href":"https:\/\/www.ralarsa.com\/en\/wp-json\/wp\/v2\/users\/8"}],"replies":[{"embeddable":true,"href":"https:\/\/www.ralarsa.com\/en\/wp-json\/wp\/v2\/comments?post=4933"}],"version-history":[{"count":17,"href":"https:\/\/www.ralarsa.com\/en\/wp-json\/wp\/v2\/pages\/4933\/revisions"}],"predecessor-version":[{"id":6732,"href":"https:\/\/www.ralarsa.com\/en\/wp-json\/wp\/v2\/pages\/4933\/revisions\/6732"}],"wp:featuredmedia":[{"embeddable":true,"href":"https:\/\/www.ralarsa.com\/en\/wp-json\/wp\/v2\/media\/6448"}],"wp:attachment":[{"href":"https:\/\/www.ralarsa.com\/en\/wp-json\/wp\/v2\/media?parent=4933"}],"curies":[{"name":"wp","href":"https:\/\/api.w.org\/{rel}","templated":true}]}}