{"id":5632,"date":"2025-09-30T22:02:31","date_gmt":"2025-09-30T21:02:31","guid":{"rendered":"https:\/\/www.ralarsa.com\/es\/?page_id=5632"},"modified":"2025-10-14T07:25:01","modified_gmt":"2025-10-14T06:25:01","slug":"ralarsa-te-regala-unas-escobillas-gratis","status":"publish","type":"page","link":"https:\/\/www.ralarsa.com\/en\/ralarsa-te-regala-unas-escobillas-gratis\/","title":{"rendered":"\u00a1Consigue tus escobillas gratis al reservar tu cita online!"},"content":{"rendered":"<p class=\"qtranxs-available-languages-message qtranxs-available-languages-message-en\">Sorry, this entry is only available in <a href=\"https:\/\/www.ralarsa.com\/es\/wp-json\/wp\/v2\/pages\/5632\" class=\"qtranxs-available-language-link qtranxs-available-language-link-es\" title=\"Espa\u00f1ol\">Espa\u00f1ol<\/a>.<\/p><p><\/p>\n<p class=\"ai-optimize-6 ai-optimize-introduction\"><strong>Reserva tu cita online para reparar o sustituir tu luna y ll\u00e9vate un regalo<\/strong><\/p>\n<p class=\"ai-optimize-6\">En Ralarsa queremos que conduzcas con la m\u00e1xima seguridad y visibilidad.<br \/>\nPor eso, durante el mes de octubre, si reservas tu cita a trav\u00e9s de nuestro <a href=\"https:\/\/www.ralarsa.com\/es\/solicita-cita-con-taller-de-lunas\/\">pide cita<\/a>, te regalamos un juego de escobillas delanteras instalado en tu veh\u00edculo, sin coste adicional.<\/p>\n<p><\/p>","protected":false},"excerpt":{"rendered":"Sorry, this entry is only available in Espa\u00f1ol. Reserva tu cita online para reparar o sustituir tu luna y ll\u00e9vate un regalo En Ralarsa queremos que conduzcas con la m\u00e1xima seguridad y visibilidad. Por eso, durante el mes de octubre, si reservas tu cita a trav\u00e9s de nuestro pide cita, te regalamos un juego de&#8230;","protected":false},"author":4,"featured_media":5674,"parent":0,"menu_order":0,"comment_status":"closed","ping_status":"closed","template":"","meta":{"_acf_changed":false,"inline_featured_image":false,"footnotes":""},"class_list":["post-5632","page","type-page","status-publish","has-post-thumbnail","hentry"],"acf":{"display":"default","generic_slider":null,"promo_banner":false,"related_promo":5649},"yoast_head":"<!-- This site is optimized with the Yoast SEO Premium plugin v25.3 (Yoast SEO v26.7) - https:\/\/yoast.com\/wordpress\/plugins\/seo\/ -->\n<title>Escobillas gratis al reservar online en Ralarsa - Ralarsa<\/title>\n<meta name=\"description\" content=\"Reserva online en Ralarsa y obt\u00e9n escobillas gratis al reservar online para tu veh\u00edculo, con instalaci\u00f3n sin coste adicional.\" \/>\n<meta name=\"robots\" content=\"index, follow, max-snippet:-1, max-image-preview:large, max-video-preview:-1\" \/>\n<link rel=\"canonical\" href=\"https:\/\/www.ralarsa.com\/en\/ralarsa-te-regala-unas-escobillas-gratis\/\" \/>\n<meta property=\"og:locale\" content=\"en_US\" \/>\n<meta property=\"og:type\" content=\"article\" \/>\n<meta property=\"og:title\" content=\"\u00a1Consigue tus escobillas gratis al reservar tu cita online!\" \/>\n<meta property=\"og:description\" content=\"Reserva online en Ralarsa y obt\u00e9n escobillas gratis al reservar online para tu veh\u00edculo, con instalaci\u00f3n sin coste adicional.\" \/>\n<meta property=\"og:url\" content=\"https:\/\/www.ralarsa.com\/en\/ralarsa-te-regala-unas-escobillas-gratis\/\" \/>\n<meta property=\"og:site_name\" content=\"Ralarsa\" \/>\n<meta property=\"article:modified_time\" content=\"2025-10-14T06:25:01+00:00\" \/>\n<meta property=\"og:image\" content=\"https:\/\/d2oyvx818ubhz6.cloudfront.net\/wp-content\/uploads\/2025\/10\/cambio-escobillas-ralarsa.jpg\" \/>\n\t<meta property=\"og:image:width\" content=\"900\" \/>\n\t<meta property=\"og:image:height\" content=\"600\" \/>\n\t<meta property=\"og:image:type\" content=\"image\/jpeg\" \/>\n<meta name=\"twitter:card\" content=\"summary_large_image\" \/>\n<meta name=\"twitter:label1\" content=\"Est. reading time\" \/>\n\t<meta name=\"twitter:data1\" content=\"1 minute\" \/>\n<script type=\"application\/ld+json\" class=\"yoast-schema-graph\">{\"@context\":\"https:\/\/schema.org\",\"@graph\":[{\"@type\":\"WebPage\",\"@id\":\"https:\/\/www.ralarsa.com\/en\/ralarsa-te-regala-unas-escobillas-gratis\/\",\"url\":\"https:\/\/www.ralarsa.com\/en\/ralarsa-te-regala-unas-escobillas-gratis\/\",\"name\":\"Escobillas gratis al reservar online en Ralarsa - Ralarsa\",\"isPartOf\":{\"@id\":\"https:\/\/www.ralarsa.com\/en\/#website\"},\"primaryImageOfPage\":{\"@id\":\"https:\/\/www.ralarsa.com\/en\/ralarsa-te-regala-unas-escobillas-gratis\/#primaryimage\"},\"image\":{\"@id\":\"https:\/\/www.ralarsa.com\/es\/ralarsa-te-regala-unas-escobillas-gratis\/#primaryimage\"},\"thumbnailUrl\":\"https:\/\/d2oyvx818ubhz6.cloudfront.net\/wp-content\/uploads\/2025\/10\/cambio-escobillas-ralarsa.jpg\",\"datePublished\":\"2025-09-30T21:02:31+00:00\",\"dateModified\":\"2025-10-14T06:25:01+00:00\",\"description\":\"Reserva online en Ralarsa y obt\u00e9n escobillas gratis al reservar online para tu veh\u00edculo, con instalaci\u00f3n sin coste adicional.\",\"breadcrumb\":{\"@id\":\"https:\/\/www.ralarsa.com\/en\/ralarsa-te-regala-unas-escobillas-gratis\/#breadcrumb\"},\"inLanguage\":\"en-US\",\"potentialAction\":[{\"@type\":\"ReadAction\",\"target\":[[\"https:\/\/www.ralarsa.com\/en\/ralarsa-te-regala-unas-escobillas-gratis\/\"]]}]},{\"@type\":\"ImageObject\",\"inLanguage\":\"en-US\",\"@id\":\"https:\/\/www.ralarsa.com\/en\/ralarsa-te-regala-unas-escobillas-gratis\/#primaryimage\",\"url\":\"https:\/\/d2oyvx818ubhz6.cloudfront.net\/wp-content\/uploads\/2025\/10\/cambio-escobillas-ralarsa.jpg\",\"contentUrl\":\"https:\/\/d2oyvx818ubhz6.cloudfront.net\/wp-content\/uploads\/2025\/10\/cambio-escobillas-ralarsa.jpg\",\"width\":900,\"height\":600},{\"@type\":\"BreadcrumbList\",\"@id\":\"https:\/\/www.ralarsa.com\/en\/ralarsa-te-regala-unas-escobillas-gratis\/#breadcrumb\",\"itemListElement\":[{\"@type\":\"ListItem\",\"position\":1,\"name\":\"Portada\",\"item\":\"https:\/\/www.ralarsa.com\/en\/ralarsa-2\/\"},{\"@type\":\"ListItem\",\"position\":2,\"name\":\"\u00a1Consigue tus escobillas gratis al reservar tu cita online!\"}]},{\"@type\":\"WebSite\",\"@id\":\"https:\/\/www.ralarsa.com\/en\/#website\",\"url\":\"https:\/\/www.ralarsa.com\/en\/\",\"name\":\"Ralarsa\",\"description\":\"\",\"publisher\":{\"@id\":\"https:\/\/www.ralarsa.com\/en\/#organization\"},\"potentialAction\":[{\"@type\":\"SearchAction\",\"target\":{\"@type\":\"EntryPoint\",\"urlTemplate\":\"https:\/\/www.ralarsa.com\/en\/?s={search_term_string}\"},\"query-input\":{\"@type\":\"PropertyValueSpecification\",\"valueRequired\":true,\"valueName\":\"search_term_string\"}}],\"inLanguage\":\"en-US\"},{\"@type\":\"Organization\",\"@id\":\"https:\/\/www.ralarsa.com\/en\/#organization\",\"name\":\"Ralarsa\",\"url\":\"https:\/\/www.ralarsa.com\/en\/\",\"logo\":{\"@type\":\"ImageObject\",\"inLanguage\":\"en-US\",\"@id\":\"https:\/\/www.ralarsa.com\/en\/#\/schema\/logo\/image\/\",\"url\":\"https:\/\/ralarsa.s3.eu-central-1.amazonaws.com\/wp-content\/uploads\/2025\/04\/logo-ralarsa.png\",\"contentUrl\":\"https:\/\/ralarsa.s3.eu-central-1.amazonaws.com\/wp-content\/uploads\/2025\/04\/logo-ralarsa.png\",\"width\":1192,\"height\":412,\"caption\":\"Ralarsa\"},\"image\":{\"@id\":\"https:\/\/www.ralarsa.com\/en\/#\/schema\/logo\/image\/\"}}]}<\/script>\n<!-- \/ Yoast SEO Premium plugin. -->","yoast_head_json":{"title":"Escobillas gratis al reservar online en Ralarsa - Ralarsa","description":"Reserva online en Ralarsa y obt\u00e9n escobillas gratis al reservar online para tu veh\u00edculo, con instalaci\u00f3n sin coste adicional.","robots":{"index":"index","follow":"follow","max-snippet":"max-snippet:-1","max-image-preview":"max-image-preview:large","max-video-preview":"max-video-preview:-1"},"canonical":"https:\/\/www.ralarsa.com\/en\/ralarsa-te-regala-unas-escobillas-gratis\/","og_locale":"en_US","og_type":"article","og_title":"\u00a1Consigue tus escobillas gratis al reservar tu cita online!","og_description":"Reserva online en Ralarsa y obt\u00e9n escobillas gratis al reservar online para tu veh\u00edculo, con instalaci\u00f3n sin coste adicional.","og_url":"https:\/\/www.ralarsa.com\/en\/ralarsa-te-regala-unas-escobillas-gratis\/","og_site_name":"Ralarsa","article_modified_time":"2025-10-14T06:25:01+00:00","og_image":[{"width":900,"height":600,"url":"https:\/\/d2oyvx818ubhz6.cloudfront.net\/wp-content\/uploads\/2025\/10\/cambio-escobillas-ralarsa.jpg","type":"image\/jpeg"}],"twitter_card":"summary_large_image","twitter_misc":{"Est. reading time":"1 minute"},"schema":{"@context":"https:\/\/schema.org","@graph":[{"@type":"WebPage","@id":"https:\/\/www.ralarsa.com\/en\/ralarsa-te-regala-unas-escobillas-gratis\/","url":"https:\/\/www.ralarsa.com\/en\/ralarsa-te-regala-unas-escobillas-gratis\/","name":"Escobillas gratis al reservar online en Ralarsa - Ralarsa","isPartOf":{"@id":"https:\/\/www.ralarsa.com\/en\/#website"},"primaryImageOfPage":{"@id":"https:\/\/www.ralarsa.com\/en\/ralarsa-te-regala-unas-escobillas-gratis\/#primaryimage"},"image":{"@id":"https:\/\/www.ralarsa.com\/es\/ralarsa-te-regala-unas-escobillas-gratis\/#primaryimage"},"thumbnailUrl":"https:\/\/d2oyvx818ubhz6.cloudfront.net\/wp-content\/uploads\/2025\/10\/cambio-escobillas-ralarsa.jpg","datePublished":"2025-09-30T21:02:31+00:00","dateModified":"2025-10-14T06:25:01+00:00","description":"Reserva online en Ralarsa y obt\u00e9n escobillas gratis al reservar online para tu veh\u00edculo, con instalaci\u00f3n sin coste adicional.","breadcrumb":{"@id":"https:\/\/www.ralarsa.com\/en\/ralarsa-te-regala-unas-escobillas-gratis\/#breadcrumb"},"inLanguage":"en-US","potentialAction":[{"@type":"ReadAction","target":[["https:\/\/www.ralarsa.com\/en\/ralarsa-te-regala-unas-escobillas-gratis\/"]]}]},{"@type":"ImageObject","inLanguage":"en-US","@id":"https:\/\/www.ralarsa.com\/en\/ralarsa-te-regala-unas-escobillas-gratis\/#primaryimage","url":"https:\/\/d2oyvx818ubhz6.cloudfront.net\/wp-content\/uploads\/2025\/10\/cambio-escobillas-ralarsa.jpg","contentUrl":"https:\/\/d2oyvx818ubhz6.cloudfront.net\/wp-content\/uploads\/2025\/10\/cambio-escobillas-ralarsa.jpg","width":900,"height":600},{"@type":"BreadcrumbList","@id":"https:\/\/www.ralarsa.com\/en\/ralarsa-te-regala-unas-escobillas-gratis\/#breadcrumb","itemListElement":[{"@type":"ListItem","position":1,"name":"Portada","item":"https:\/\/www.ralarsa.com\/en\/ralarsa-2\/"},{"@type":"ListItem","position":2,"name":"\u00a1Consigue tus escobillas gratis al reservar tu cita online!"}]},{"@type":"WebSite","@id":"https:\/\/www.ralarsa.com\/en\/#website","url":"https:\/\/www.ralarsa.com\/en\/","name":"Ralarsa","description":"","publisher":{"@id":"https:\/\/www.ralarsa.com\/en\/#organization"},"potentialAction":[{"@type":"SearchAction","target":{"@type":"EntryPoint","urlTemplate":"https:\/\/www.ralarsa.com\/en\/?s={search_term_string}"},"query-input":{"@type":"PropertyValueSpecification","valueRequired":true,"valueName":"search_term_string"}}],"inLanguage":"en-US"},{"@type":"Organization","@id":"https:\/\/www.ralarsa.com\/en\/#organization","name":"Ralarsa","url":"https:\/\/www.ralarsa.com\/en\/","logo":{"@type":"ImageObject","inLanguage":"en-US","@id":"https:\/\/www.ralarsa.com\/en\/#\/schema\/logo\/image\/","url":"https:\/\/ralarsa.s3.eu-central-1.amazonaws.com\/wp-content\/uploads\/2025\/04\/logo-ralarsa.png","contentUrl":"https:\/\/ralarsa.s3.eu-central-1.amazonaws.com\/wp-content\/uploads\/2025\/04\/logo-ralarsa.png","width":1192,"height":412,"caption":"Ralarsa"},"image":{"@id":"https:\/\/www.ralarsa.com\/en\/#\/schema\/logo\/image\/"}}]}},"_links":{"self":[{"href":"https:\/\/www.ralarsa.com\/en\/wp-json\/wp\/v2\/pages\/5632","targetHints":{"allow":["GET"]}}],"collection":[{"href":"https:\/\/www.ralarsa.com\/en\/wp-json\/wp\/v2\/pages"}],"about":[{"href":"https:\/\/www.ralarsa.com\/en\/wp-json\/wp\/v2\/types\/page"}],"author":[{"embeddable":true,"href":"https:\/\/www.ralarsa.com\/en\/wp-json\/wp\/v2\/users\/4"}],"replies":[{"embeddable":true,"href":"https:\/\/www.ralarsa.com\/en\/wp-json\/wp\/v2\/comments?post=5632"}],"version-history":[{"count":29,"href":"https:\/\/www.ralarsa.com\/en\/wp-json\/wp\/v2\/pages\/5632\/revisions"}],"predecessor-version":[{"id":5733,"href":"https:\/\/www.ralarsa.com\/en\/wp-json\/wp\/v2\/pages\/5632\/revisions\/5733"}],"wp:featuredmedia":[{"embeddable":true,"href":"https:\/\/www.ralarsa.com\/en\/wp-json\/wp\/v2\/media\/5674"}],"wp:attachment":[{"href":"https:\/\/www.ralarsa.com\/en\/wp-json\/wp\/v2\/media?parent=5632"}],"curies":[{"name":"wp","href":"https:\/\/api.w.org\/{rel}","templated":true}]}}