{"id":1173,"date":"2025-03-25T16:24:14","date_gmt":"2025-03-25T15:24:14","guid":{"rendered":"https:\/\/www.ralarsa.com\/?page_id=1173"},"modified":"2025-06-10T09:14:46","modified_gmt":"2025-06-10T08:14:46","slug":"red-de-talleres","status":"publish","type":"page","link":"https:\/\/www.ralarsa.com\/es\/localizador-de-talleres\/","title":{"rendered":"Red de talleres"},"content":{"rendered":"<p>En Ralarsa somos <strong data-start=\"146\" data-end=\"195\">expertos en reparaci\u00f3n y sustituci\u00f3n de lunas<\/strong>. <strong data-start=\"199\" data-end=\"230\">Busca tu taller m\u00e1s cercano<\/strong> y deja tu coche en manos de profesionales, est\u00e9s donde est\u00e9s.<\/p>","protected":false},"excerpt":{"rendered":"En Ralarsa somos expertos en reparaci\u00f3n y sustituci\u00f3n de lunas. Busca tu taller m\u00e1s cercano y deja tu coche en manos de profesionales, est\u00e9s donde est\u00e9s.","protected":false},"author":1,"featured_media":0,"parent":0,"menu_order":0,"comment_status":"closed","ping_status":"closed","template":"templates\/finder.php","meta":{"_acf_changed":false,"inline_featured_image":false,"footnotes":""},"class_list":["post-1173","page","type-page","status-publish","hentry"],"acf":{"display":"default","generic_slider":null,"promo_banner":false,"related_promo":null},"yoast_head":"<!-- This site is optimized with the Yoast SEO Premium plugin v25.3 (Yoast SEO v26.7) - https:\/\/yoast.com\/wordpress\/plugins\/seo\/ -->\n<title>Localizador Talleres de Lunas | Ralarsa<\/title>\n<meta name=\"description\" content=\"Localiza el taller de lunas de coche m\u00e1s cercano a ti gracias a nuestro localizador y deja tu coche en manos de profesionales. M\u00e1s de 250 talleres \u00a1Pide Cita!\" \/>\n<meta name=\"robots\" content=\"index, follow, max-snippet:-1, max-image-preview:large, max-video-preview:-1\" \/>\n<link rel=\"canonical\" href=\"https:\/\/www.ralarsa.com\/es\/localizador-de-talleres\/\" \/>\n<meta property=\"og:locale\" content=\"es_ES\" \/>\n<meta property=\"og:type\" content=\"article\" \/>\n<meta property=\"og:title\" content=\"Red de talleres\" \/>\n<meta property=\"og:description\" content=\"Localiza el taller de lunas de coche m\u00e1s cercano a ti gracias a nuestro localizador y deja tu coche en manos de profesionales. M\u00e1s de 250 talleres \u00a1Pide Cita!\" \/>\n<meta property=\"og:url\" content=\"https:\/\/www.ralarsa.com\/es\/localizador-de-talleres\/\" \/>\n<meta property=\"og:site_name\" content=\"Ralarsa\" \/>\n<meta property=\"article:modified_time\" content=\"2025-06-10T08:14:46+00:00\" \/>\n<meta property=\"og:image\" content=\"https:\/\/d2oyvx818ubhz6.cloudfront.net\/wp-content\/uploads\/2025\/06\/ralarsa-logo.png\" \/>\n\t<meta property=\"og:image:width\" content=\"250\" \/>\n\t<meta property=\"og:image:height\" content=\"250\" \/>\n\t<meta property=\"og:image:type\" content=\"image\/png\" \/>\n<meta name=\"twitter:card\" content=\"summary_large_image\" \/>\n<meta name=\"twitter:label1\" content=\"Tiempo de lectura\" \/>\n\t<meta name=\"twitter:data1\" content=\"1 minuto\" \/>\n<script type=\"application\/ld+json\" class=\"yoast-schema-graph\">{\"@context\":\"https:\/\/schema.org\",\"@graph\":[{\"@type\":\"WebPage\",\"@id\":\"https:\/\/www.ralarsa.com\/es\/localizador-de-talleres\/\",\"url\":\"https:\/\/www.ralarsa.com\/es\/localizador-de-talleres\/\",\"name\":\"Localizador Talleres de Lunas | Ralarsa\",\"isPartOf\":{\"@id\":\"https:\/\/www.ralarsa.com\/es\/#website\"},\"datePublished\":\"2025-03-25T15:24:14+00:00\",\"dateModified\":\"2025-06-10T08:14:46+00:00\",\"description\":\"Localiza el taller de lunas de coche m\u00e1s cercano a ti gracias a nuestro localizador y deja tu coche en manos de profesionales. M\u00e1s de 250 talleres \u00a1Pide Cita!\",\"breadcrumb\":{\"@id\":\"https:\/\/www.ralarsa.com\/es\/localizador-de-talleres\/#breadcrumb\"},\"inLanguage\":\"es\",\"potentialAction\":[{\"@type\":\"ReadAction\",\"target\":[[\"https:\/\/www.ralarsa.com\/es\/localizador-de-talleres\/\"]]}]},{\"@type\":\"BreadcrumbList\",\"@id\":\"https:\/\/www.ralarsa.com\/es\/localizador-de-talleres\/#breadcrumb\",\"itemListElement\":[{\"@type\":\"ListItem\",\"position\":1,\"name\":\"Portada\",\"item\":\"https:\/\/www.ralarsa.com\/es\/ralarsa-2\/\"},{\"@type\":\"ListItem\",\"position\":2,\"name\":\"Red de talleres\"}]},{\"@type\":\"WebSite\",\"@id\":\"https:\/\/www.ralarsa.com\/es\/#website\",\"url\":\"https:\/\/www.ralarsa.com\/es\/\",\"name\":\"Ralarsa\",\"description\":\"\",\"publisher\":{\"@id\":\"https:\/\/www.ralarsa.com\/es\/#organization\"},\"potentialAction\":[{\"@type\":\"SearchAction\",\"target\":{\"@type\":\"EntryPoint\",\"urlTemplate\":\"https:\/\/www.ralarsa.com\/es\/?s={search_term_string}\"},\"query-input\":{\"@type\":\"PropertyValueSpecification\",\"valueRequired\":true,\"valueName\":\"search_term_string\"}}],\"inLanguage\":\"es\"},{\"@type\":\"Organization\",\"@id\":\"https:\/\/www.ralarsa.com\/es\/#organization\",\"name\":\"Ralarsa\",\"url\":\"https:\/\/www.ralarsa.com\/es\/\",\"logo\":{\"@type\":\"ImageObject\",\"inLanguage\":\"es\",\"@id\":\"https:\/\/www.ralarsa.com\/es\/#\/schema\/logo\/image\/\",\"url\":\"https:\/\/ralarsa.s3.eu-central-1.amazonaws.com\/wp-content\/uploads\/2025\/04\/logo-ralarsa.png\",\"contentUrl\":\"https:\/\/ralarsa.s3.eu-central-1.amazonaws.com\/wp-content\/uploads\/2025\/04\/logo-ralarsa.png\",\"width\":1192,\"height\":412,\"caption\":\"Ralarsa\"},\"image\":{\"@id\":\"https:\/\/www.ralarsa.com\/es\/#\/schema\/logo\/image\/\"}}]}<\/script>\n<!-- \/ Yoast SEO Premium plugin. -->","yoast_head_json":{"title":"Localizador Talleres de Lunas | Ralarsa","description":"Localiza el taller de lunas de coche m\u00e1s cercano a ti gracias a nuestro localizador y deja tu coche en manos de profesionales. M\u00e1s de 250 talleres \u00a1Pide Cita!","robots":{"index":"index","follow":"follow","max-snippet":"max-snippet:-1","max-image-preview":"max-image-preview:large","max-video-preview":"max-video-preview:-1"},"canonical":"https:\/\/www.ralarsa.com\/es\/localizador-de-talleres\/","og_locale":"es_ES","og_type":"article","og_title":"Red de talleres","og_description":"Localiza el taller de lunas de coche m\u00e1s cercano a ti gracias a nuestro localizador y deja tu coche en manos de profesionales. M\u00e1s de 250 talleres \u00a1Pide Cita!","og_url":"https:\/\/www.ralarsa.com\/es\/localizador-de-talleres\/","og_site_name":"Ralarsa","article_modified_time":"2025-06-10T08:14:46+00:00","og_image":[{"width":250,"height":250,"url":"https:\/\/d2oyvx818ubhz6.cloudfront.net\/wp-content\/uploads\/2025\/06\/ralarsa-logo.png","type":"image\/png"}],"twitter_card":"summary_large_image","twitter_misc":{"Tiempo de lectura":"1 minuto"},"schema":{"@context":"https:\/\/schema.org","@graph":[{"@type":"WebPage","@id":"https:\/\/www.ralarsa.com\/es\/localizador-de-talleres\/","url":"https:\/\/www.ralarsa.com\/es\/localizador-de-talleres\/","name":"Localizador Talleres de Lunas | Ralarsa","isPartOf":{"@id":"https:\/\/www.ralarsa.com\/es\/#website"},"datePublished":"2025-03-25T15:24:14+00:00","dateModified":"2025-06-10T08:14:46+00:00","description":"Localiza el taller de lunas de coche m\u00e1s cercano a ti gracias a nuestro localizador y deja tu coche en manos de profesionales. M\u00e1s de 250 talleres \u00a1Pide Cita!","breadcrumb":{"@id":"https:\/\/www.ralarsa.com\/es\/localizador-de-talleres\/#breadcrumb"},"inLanguage":"es","potentialAction":[{"@type":"ReadAction","target":[["https:\/\/www.ralarsa.com\/es\/localizador-de-talleres\/"]]}]},{"@type":"BreadcrumbList","@id":"https:\/\/www.ralarsa.com\/es\/localizador-de-talleres\/#breadcrumb","itemListElement":[{"@type":"ListItem","position":1,"name":"Portada","item":"https:\/\/www.ralarsa.com\/es\/ralarsa-2\/"},{"@type":"ListItem","position":2,"name":"Red de talleres"}]},{"@type":"WebSite","@id":"https:\/\/www.ralarsa.com\/es\/#website","url":"https:\/\/www.ralarsa.com\/es\/","name":"Ralarsa","description":"","publisher":{"@id":"https:\/\/www.ralarsa.com\/es\/#organization"},"potentialAction":[{"@type":"SearchAction","target":{"@type":"EntryPoint","urlTemplate":"https:\/\/www.ralarsa.com\/es\/?s={search_term_string}"},"query-input":{"@type":"PropertyValueSpecification","valueRequired":true,"valueName":"search_term_string"}}],"inLanguage":"es"},{"@type":"Organization","@id":"https:\/\/www.ralarsa.com\/es\/#organization","name":"Ralarsa","url":"https:\/\/www.ralarsa.com\/es\/","logo":{"@type":"ImageObject","inLanguage":"es","@id":"https:\/\/www.ralarsa.com\/es\/#\/schema\/logo\/image\/","url":"https:\/\/ralarsa.s3.eu-central-1.amazonaws.com\/wp-content\/uploads\/2025\/04\/logo-ralarsa.png","contentUrl":"https:\/\/ralarsa.s3.eu-central-1.amazonaws.com\/wp-content\/uploads\/2025\/04\/logo-ralarsa.png","width":1192,"height":412,"caption":"Ralarsa"},"image":{"@id":"https:\/\/www.ralarsa.com\/es\/#\/schema\/logo\/image\/"}}]}},"_links":{"self":[{"href":"https:\/\/www.ralarsa.com\/es\/wp-json\/wp\/v2\/pages\/1173","targetHints":{"allow":["GET"]}}],"collection":[{"href":"https:\/\/www.ralarsa.com\/es\/wp-json\/wp\/v2\/pages"}],"about":[{"href":"https:\/\/www.ralarsa.com\/es\/wp-json\/wp\/v2\/types\/page"}],"author":[{"embeddable":true,"href":"https:\/\/www.ralarsa.com\/es\/wp-json\/wp\/v2\/users\/1"}],"replies":[{"embeddable":true,"href":"https:\/\/www.ralarsa.com\/es\/wp-json\/wp\/v2\/comments?post=1173"}],"version-history":[{"count":5,"href":"https:\/\/www.ralarsa.com\/es\/wp-json\/wp\/v2\/pages\/1173\/revisions"}],"predecessor-version":[{"id":3905,"href":"https:\/\/www.ralarsa.com\/es\/wp-json\/wp\/v2\/pages\/1173\/revisions\/3905"}],"wp:attachment":[{"href":"https:\/\/www.ralarsa.com\/es\/wp-json\/wp\/v2\/media?parent=1173"}],"curies":[{"name":"wp","href":"https:\/\/api.w.org\/{rel}","templated":true}]}}