{"id":1528,"date":"2025-03-27T13:28:56","date_gmt":"2025-03-27T12:28:56","guid":{"rendered":"https:\/\/www.ralarsa.com\/servicios\/cambio-luna-del-coche\/"},"modified":"2025-11-18T16:08:51","modified_gmt":"2025-11-18T15:08:51","slug":"cambio-luna-del-coche","status":"publish","type":"page","link":"https:\/\/www.ralarsa.com\/es\/servicios-cambiar-parabrisas-coche\/","title":{"rendered":"Cambiar parabrisas coche"},"content":{"rendered":"<p><\/p>\n<p class=\"ai-optimize-6 ai-optimize-introduction\"><span class=\"TextRun SCXW136079734 BCX0\" lang=\"ES-ES\" xml:lang=\"ES-ES\" data-contrast=\"none\"><span class=\"NormalTextRun SCXW136079734 BCX0\">En <\/span><\/span><span class=\"TextRun SCXW136079734 BCX0\" lang=\"ES-ES\" xml:lang=\"ES-ES\" data-contrast=\"none\"><span class=\"NormalTextRun SpellingErrorV2Themed SCXW136079734 BCX0\">Ralarsa<\/span><\/span><span class=\"TextRun SCXW136079734 BCX0\" lang=\"ES-ES\" xml:lang=\"ES-ES\" data-contrast=\"none\"><span class=\"NormalTextRun SCXW136079734 BCX0\">,<\/span><span class=\"NormalTextRun SCXW136079734 BCX0\"> somos especialistas en <\/span><\/span><strong><span class=\"TextRun SCXW136079734 BCX0\" lang=\"ES-ES\" xml:lang=\"ES-ES\" data-contrast=\"none\"><span class=\"NormalTextRun SCXW136079734 BCX0\">cambiar el parabrisas del <\/span><span class=\"NormalTextRun SCXW136079734 BCX0\">coche<\/span><\/span><\/strong><span class=\"TextRun SCXW136079734 BCX0\" lang=\"ES-ES\" xml:lang=\"ES-ES\" data-contrast=\"none\"><span class=\"NormalTextRun SCXW136079734 BCX0\">,<\/span><span class=\"NormalTextRun SCXW136079734 BCX0\"> ofreciendo un servicio r\u00e1pido, profesional y seguro. Trabajamos con piezas homologadas y t\u00e9cnicos cualificados para garantizar un ajuste perfecto y preservar la seguridad y prestaciones de tu veh\u00edculo.<\/span><\/span><span class=\"EOP SCXW136079734 BCX0\" data-ccp-props=\"{&quot;335551550&quot;:6,&quot;335551620&quot;:6}\">\u00a0<\/span><\/p>\n<p><\/p>","protected":false},"excerpt":{"rendered":"En Ralarsa, somos especialistas en cambiar el parabrisas del coche, ofreciendo un servicio r\u00e1pido, profesional y seguro. Trabajamos con piezas homologadas y t\u00e9cnicos cualificados para garantizar un ajuste perfecto y preservar la seguridad y prestaciones de tu veh\u00edculo.\u00a0","protected":false},"author":1,"featured_media":4664,"parent":0,"menu_order":7,"comment_status":"closed","ping_status":"closed","template":"","meta":{"_acf_changed":false,"inline_featured_image":false,"footnotes":""},"class_list":["post-1528","page","type-page","status-publish","has-post-thumbnail","hentry"],"acf":{"display":"default","generic_slider":null,"promo_banner":false,"related_promo":""},"yoast_head":"<!-- This site is optimized with the Yoast SEO Premium plugin v25.3 (Yoast SEO v26.7) - https:\/\/yoast.com\/wordpress\/plugins\/seo\/ -->\n<title>Cambiar parabrisas coche - Ralarsa<\/title>\n<meta name=\"description\" content=\"Especialistas en cambiar parabrisas. Cualquier marca o modelo. Recomendados por las principales compa\u00f1\u00edas de seguros. M\u00e1s de 240 talleres y servicio a domicilio. Solicita\" \/>\n<meta name=\"robots\" content=\"index, follow, max-snippet:-1, max-image-preview:large, max-video-preview:-1\" \/>\n<link rel=\"canonical\" href=\"https:\/\/www.ralarsa.com\/es\/servicios-cambiar-parabrisas-coche\/\" \/>\n<meta property=\"og:locale\" content=\"es_ES\" \/>\n<meta property=\"og:type\" content=\"article\" \/>\n<meta property=\"og:title\" content=\"Cambiar parabrisas coche\" \/>\n<meta property=\"og:description\" content=\"Especialistas en cambiar parabrisas. Cualquier marca o modelo. Recomendados por las principales compa\u00f1\u00edas de seguros. M\u00e1s de 240 talleres y servicio a domicilio. Solicita\" \/>\n<meta property=\"og:url\" content=\"https:\/\/www.ralarsa.com\/es\/servicios-cambiar-parabrisas-coche\/\" \/>\n<meta property=\"og:site_name\" content=\"Ralarsa\" \/>\n<meta property=\"article:modified_time\" content=\"2025-11-18T15:08:51+00:00\" \/>\n<meta property=\"og:image\" content=\"https:\/\/d2oyvx818ubhz6.cloudfront.net\/wp-content\/uploads\/2025\/03\/ralarsa-especialistas-cambiar-lunas-coche.jpg\" \/>\n\t<meta property=\"og:image:width\" content=\"900\" \/>\n\t<meta property=\"og:image:height\" content=\"600\" \/>\n\t<meta property=\"og:image:type\" content=\"image\/jpeg\" \/>\n<meta name=\"twitter:card\" content=\"summary_large_image\" \/>\n<meta name=\"twitter:label1\" content=\"Tiempo de lectura\" \/>\n\t<meta name=\"twitter:data1\" content=\"1 minuto\" \/>\n<script type=\"application\/ld+json\" class=\"yoast-schema-graph\">{\"@context\":\"https:\/\/schema.org\",\"@graph\":[{\"@type\":\"WebPage\",\"@id\":\"https:\/\/www.ralarsa.com\/es\/servicios-cambiar-parabrisas-coche\/\",\"url\":\"https:\/\/www.ralarsa.com\/es\/servicios-cambiar-parabrisas-coche\/\",\"name\":\"Cambiar parabrisas coche - Ralarsa\",\"isPartOf\":{\"@id\":\"https:\/\/www.ralarsa.com\/es\/#website\"},\"primaryImageOfPage\":{\"@id\":\"https:\/\/www.ralarsa.com\/es\/servicios-cambiar-parabrisas-coche\/#primaryimage\"},\"image\":{\"@id\":\"https:\/\/www.ralarsa.com\/es\/servicios-cambiar-parabrisas-coche\/#primaryimage\"},\"thumbnailUrl\":\"https:\/\/d2oyvx818ubhz6.cloudfront.net\/wp-content\/uploads\/2025\/03\/ralarsa-especialistas-cambiar-lunas-coche.jpg\",\"datePublished\":\"2025-03-27T12:28:56+00:00\",\"dateModified\":\"2025-11-18T15:08:51+00:00\",\"description\":\"Especialistas en cambiar parabrisas. Cualquier marca o modelo. Recomendados por las principales compa\u00f1\u00edas de seguros. M\u00e1s de 240 talleres y servicio a domicilio. Solicita\",\"breadcrumb\":{\"@id\":\"https:\/\/www.ralarsa.com\/es\/servicios-cambiar-parabrisas-coche\/#breadcrumb\"},\"inLanguage\":\"es\",\"potentialAction\":[{\"@type\":\"ReadAction\",\"target\":[[\"https:\/\/www.ralarsa.com\/es\/servicios-cambiar-parabrisas-coche\/\"]]}]},{\"@type\":\"ImageObject\",\"inLanguage\":\"es\",\"@id\":\"https:\/\/www.ralarsa.com\/es\/servicios-cambiar-parabrisas-coche\/#primaryimage\",\"url\":\"https:\/\/d2oyvx818ubhz6.cloudfront.net\/wp-content\/uploads\/2025\/03\/ralarsa-especialistas-cambiar-lunas-coche.jpg\",\"contentUrl\":\"https:\/\/d2oyvx818ubhz6.cloudfront.net\/wp-content\/uploads\/2025\/03\/ralarsa-especialistas-cambiar-lunas-coche.jpg\",\"width\":900,\"height\":600,\"caption\":\"Ralarsa: expertos en el cambio de lunas, seguridad y calidad garantizadas.\"},{\"@type\":\"BreadcrumbList\",\"@id\":\"https:\/\/www.ralarsa.com\/es\/servicios-cambiar-parabrisas-coche\/#breadcrumb\",\"itemListElement\":[{\"@type\":\"ListItem\",\"position\":1,\"name\":\"Portada\",\"item\":\"https:\/\/www.ralarsa.com\/es\/ralarsa-2\/\"},{\"@type\":\"ListItem\",\"position\":2,\"name\":\"Cambiar parabrisas coche\"}]},{\"@type\":\"WebSite\",\"@id\":\"https:\/\/www.ralarsa.com\/es\/#website\",\"url\":\"https:\/\/www.ralarsa.com\/es\/\",\"name\":\"Ralarsa\",\"description\":\"\",\"publisher\":{\"@id\":\"https:\/\/www.ralarsa.com\/es\/#organization\"},\"potentialAction\":[{\"@type\":\"SearchAction\",\"target\":{\"@type\":\"EntryPoint\",\"urlTemplate\":\"https:\/\/www.ralarsa.com\/es\/?s={search_term_string}\"},\"query-input\":{\"@type\":\"PropertyValueSpecification\",\"valueRequired\":true,\"valueName\":\"search_term_string\"}}],\"inLanguage\":\"es\"},{\"@type\":\"Organization\",\"@id\":\"https:\/\/www.ralarsa.com\/es\/#organization\",\"name\":\"Ralarsa\",\"url\":\"https:\/\/www.ralarsa.com\/es\/\",\"logo\":{\"@type\":\"ImageObject\",\"inLanguage\":\"es\",\"@id\":\"https:\/\/www.ralarsa.com\/es\/#\/schema\/logo\/image\/\",\"url\":\"https:\/\/ralarsa.s3.eu-central-1.amazonaws.com\/wp-content\/uploads\/2025\/04\/logo-ralarsa.png\",\"contentUrl\":\"https:\/\/ralarsa.s3.eu-central-1.amazonaws.com\/wp-content\/uploads\/2025\/04\/logo-ralarsa.png\",\"width\":1192,\"height\":412,\"caption\":\"Ralarsa\"},\"image\":{\"@id\":\"https:\/\/www.ralarsa.com\/es\/#\/schema\/logo\/image\/\"}}]}<\/script>\n<!-- \/ Yoast SEO Premium plugin. -->","yoast_head_json":{"title":"Cambiar parabrisas coche - Ralarsa","description":"Especialistas en cambiar parabrisas. Cualquier marca o modelo. Recomendados por las principales compa\u00f1\u00edas de seguros. M\u00e1s de 240 talleres y servicio a domicilio. Solicita","robots":{"index":"index","follow":"follow","max-snippet":"max-snippet:-1","max-image-preview":"max-image-preview:large","max-video-preview":"max-video-preview:-1"},"canonical":"https:\/\/www.ralarsa.com\/es\/servicios-cambiar-parabrisas-coche\/","og_locale":"es_ES","og_type":"article","og_title":"Cambiar parabrisas coche","og_description":"Especialistas en cambiar parabrisas. Cualquier marca o modelo. Recomendados por las principales compa\u00f1\u00edas de seguros. M\u00e1s de 240 talleres y servicio a domicilio. Solicita","og_url":"https:\/\/www.ralarsa.com\/es\/servicios-cambiar-parabrisas-coche\/","og_site_name":"Ralarsa","article_modified_time":"2025-11-18T15:08:51+00:00","og_image":[{"width":900,"height":600,"url":"https:\/\/d2oyvx818ubhz6.cloudfront.net\/wp-content\/uploads\/2025\/03\/ralarsa-especialistas-cambiar-lunas-coche.jpg","type":"image\/jpeg"}],"twitter_card":"summary_large_image","twitter_misc":{"Tiempo de lectura":"1 minuto"},"schema":{"@context":"https:\/\/schema.org","@graph":[{"@type":"WebPage","@id":"https:\/\/www.ralarsa.com\/es\/servicios-cambiar-parabrisas-coche\/","url":"https:\/\/www.ralarsa.com\/es\/servicios-cambiar-parabrisas-coche\/","name":"Cambiar parabrisas coche - Ralarsa","isPartOf":{"@id":"https:\/\/www.ralarsa.com\/es\/#website"},"primaryImageOfPage":{"@id":"https:\/\/www.ralarsa.com\/es\/servicios-cambiar-parabrisas-coche\/#primaryimage"},"image":{"@id":"https:\/\/www.ralarsa.com\/es\/servicios-cambiar-parabrisas-coche\/#primaryimage"},"thumbnailUrl":"https:\/\/d2oyvx818ubhz6.cloudfront.net\/wp-content\/uploads\/2025\/03\/ralarsa-especialistas-cambiar-lunas-coche.jpg","datePublished":"2025-03-27T12:28:56+00:00","dateModified":"2025-11-18T15:08:51+00:00","description":"Especialistas en cambiar parabrisas. Cualquier marca o modelo. Recomendados por las principales compa\u00f1\u00edas de seguros. M\u00e1s de 240 talleres y servicio a domicilio. Solicita","breadcrumb":{"@id":"https:\/\/www.ralarsa.com\/es\/servicios-cambiar-parabrisas-coche\/#breadcrumb"},"inLanguage":"es","potentialAction":[{"@type":"ReadAction","target":[["https:\/\/www.ralarsa.com\/es\/servicios-cambiar-parabrisas-coche\/"]]}]},{"@type":"ImageObject","inLanguage":"es","@id":"https:\/\/www.ralarsa.com\/es\/servicios-cambiar-parabrisas-coche\/#primaryimage","url":"https:\/\/d2oyvx818ubhz6.cloudfront.net\/wp-content\/uploads\/2025\/03\/ralarsa-especialistas-cambiar-lunas-coche.jpg","contentUrl":"https:\/\/d2oyvx818ubhz6.cloudfront.net\/wp-content\/uploads\/2025\/03\/ralarsa-especialistas-cambiar-lunas-coche.jpg","width":900,"height":600,"caption":"Ralarsa: expertos en el cambio de lunas, seguridad y calidad garantizadas."},{"@type":"BreadcrumbList","@id":"https:\/\/www.ralarsa.com\/es\/servicios-cambiar-parabrisas-coche\/#breadcrumb","itemListElement":[{"@type":"ListItem","position":1,"name":"Portada","item":"https:\/\/www.ralarsa.com\/es\/ralarsa-2\/"},{"@type":"ListItem","position":2,"name":"Cambiar parabrisas coche"}]},{"@type":"WebSite","@id":"https:\/\/www.ralarsa.com\/es\/#website","url":"https:\/\/www.ralarsa.com\/es\/","name":"Ralarsa","description":"","publisher":{"@id":"https:\/\/www.ralarsa.com\/es\/#organization"},"potentialAction":[{"@type":"SearchAction","target":{"@type":"EntryPoint","urlTemplate":"https:\/\/www.ralarsa.com\/es\/?s={search_term_string}"},"query-input":{"@type":"PropertyValueSpecification","valueRequired":true,"valueName":"search_term_string"}}],"inLanguage":"es"},{"@type":"Organization","@id":"https:\/\/www.ralarsa.com\/es\/#organization","name":"Ralarsa","url":"https:\/\/www.ralarsa.com\/es\/","logo":{"@type":"ImageObject","inLanguage":"es","@id":"https:\/\/www.ralarsa.com\/es\/#\/schema\/logo\/image\/","url":"https:\/\/ralarsa.s3.eu-central-1.amazonaws.com\/wp-content\/uploads\/2025\/04\/logo-ralarsa.png","contentUrl":"https:\/\/ralarsa.s3.eu-central-1.amazonaws.com\/wp-content\/uploads\/2025\/04\/logo-ralarsa.png","width":1192,"height":412,"caption":"Ralarsa"},"image":{"@id":"https:\/\/www.ralarsa.com\/es\/#\/schema\/logo\/image\/"}}]}},"_links":{"self":[{"href":"https:\/\/www.ralarsa.com\/es\/wp-json\/wp\/v2\/pages\/1528","targetHints":{"allow":["GET"]}}],"collection":[{"href":"https:\/\/www.ralarsa.com\/es\/wp-json\/wp\/v2\/pages"}],"about":[{"href":"https:\/\/www.ralarsa.com\/es\/wp-json\/wp\/v2\/types\/page"}],"author":[{"embeddable":true,"href":"https:\/\/www.ralarsa.com\/es\/wp-json\/wp\/v2\/users\/1"}],"replies":[{"embeddable":true,"href":"https:\/\/www.ralarsa.com\/es\/wp-json\/wp\/v2\/comments?post=1528"}],"version-history":[{"count":2,"href":"https:\/\/www.ralarsa.com\/es\/wp-json\/wp\/v2\/pages\/1528\/revisions"}],"predecessor-version":[{"id":5915,"href":"https:\/\/www.ralarsa.com\/es\/wp-json\/wp\/v2\/pages\/1528\/revisions\/5915"}],"wp:featuredmedia":[{"embeddable":true,"href":"https:\/\/www.ralarsa.com\/es\/wp-json\/wp\/v2\/media\/4664"}],"wp:attachment":[{"href":"https:\/\/www.ralarsa.com\/es\/wp-json\/wp\/v2\/media?parent=1528"}],"curies":[{"name":"wp","href":"https:\/\/api.w.org\/{rel}","templated":true}]}}