{"id":1530,"date":"2025-03-27T13:28:56","date_gmt":"2025-03-27T12:28:56","guid":{"rendered":"https:\/\/www.ralarsa.com\/servicios\/pulido-faros-coches-restauracion-opacos\/"},"modified":"2026-04-10T11:48:51","modified_gmt":"2026-04-10T10:48:51","slug":"pulido-faros-coches-restauracion-opacos","status":"publish","type":"page","link":"https:\/\/www.ralarsa.com\/es\/pulido-faros-coche\/","title":{"rendered":"Pulido de faros del coche"},"content":{"rendered":"<p><\/p>\n<p class=\"ai-optimize-6 ai-optimize-introduction\"><span data-contrast=\"auto\">Maximiza la seguridad y est\u00e9tica de tu coche con el <\/span><b><span data-contrast=\"auto\">pulido de faros del coche <\/span><\/b><span data-contrast=\"auto\">en Ralarsa. Si tus faros est\u00e1n opacos o amarillentos, somos la soluci\u00f3n.<\/span><span data-ccp-props=\"{&quot;134233117&quot;:false,&quot;134233118&quot;:false,&quot;335551550&quot;:6,&quot;335551620&quot;:6,&quot;335559738&quot;:240,&quot;335559739&quot;:240}\">\u00a0<\/span><span data-contrast=\"auto\">Eliminamos la opacidad para restaurar su claridad original, lo que garantiza mayor visibilidad en carretera y un acabado impecable. Con un servicio r\u00e1pido y experto, tu veh\u00edculo lucir\u00e1 como nuevo y t\u00fa conducir\u00e1s con total seguridad.<\/span><span data-ccp-props=\"{&quot;134233117&quot;:false,&quot;134233118&quot;:false,&quot;335551550&quot;:6,&quot;335551620&quot;:6,&quot;335559738&quot;:240,&quot;335559739&quot;:240}\">\u00a0<\/span><\/p>\n<p><\/p>","protected":false},"excerpt":{"rendered":"Maximiza la seguridad y est\u00e9tica de tu coche con el pulido de faros del coche en Ralarsa. Si tus faros est\u00e1n opacos o amarillentos, somos la soluci\u00f3n.\u00a0Eliminamos la opacidad para restaurar su claridad original, lo que garantiza mayor visibilidad en carretera y un acabado impecable. Con un servicio r\u00e1pido y experto, tu veh\u00edculo lucir\u00e1 como&#8230;","protected":false},"author":1,"featured_media":4650,"parent":0,"menu_order":13,"comment_status":"closed","ping_status":"closed","template":"","meta":{"_acf_changed":false,"inline_featured_image":false,"footnotes":""},"class_list":["post-1530","page","type-page","status-publish","has-post-thumbnail","hentry"],"acf":{"display":"default","generic_slider":null,"promo_banner":false,"related_promo":""},"yoast_head":"<!-- This site is optimized with the Yoast SEO Premium plugin v25.3 (Yoast SEO v26.7) - https:\/\/yoast.com\/wordpress\/plugins\/seo\/ -->\n<title>Pulir Faros del Coche | Ralarsa<\/title>\n<meta name=\"description\" content=\"Pulimos faros de coche con el objetivo de que recuperes la m\u00e1xima visibilidad y seguridad al volante y te asegures que pasas la ITV \u00a1Pide Cita!\" \/>\n<meta name=\"robots\" content=\"index, follow, max-snippet:-1, max-image-preview:large, max-video-preview:-1\" \/>\n<link rel=\"canonical\" href=\"https:\/\/www.ralarsa.com\/es\/pulido-faros-coche\/\" \/>\n<meta property=\"og:locale\" content=\"es_ES\" \/>\n<meta property=\"og:type\" content=\"article\" \/>\n<meta property=\"og:title\" content=\"Pulido de faros del coche\" \/>\n<meta property=\"og:description\" content=\"Pulimos faros de coche con el objetivo de que recuperes la m\u00e1xima visibilidad y seguridad al volante y te asegures que pasas la ITV \u00a1Pide Cita!\" \/>\n<meta property=\"og:url\" content=\"https:\/\/www.ralarsa.com\/es\/pulido-faros-coche\/\" \/>\n<meta property=\"og:site_name\" content=\"Ralarsa\" \/>\n<meta property=\"article:modified_time\" content=\"2026-04-10T10:48:51+00:00\" \/>\n<meta property=\"og:image\" content=\"https:\/\/d2oyvx818ubhz6.cloudfront.net\/wp-content\/uploads\/2025\/03\/porque-elegir-ralarsa-pulido-faros-coche.jpg\" \/>\n\t<meta property=\"og:image:width\" content=\"900\" \/>\n\t<meta property=\"og:image:height\" content=\"600\" \/>\n\t<meta property=\"og:image:type\" content=\"image\/jpeg\" \/>\n<meta name=\"twitter:card\" content=\"summary_large_image\" \/>\n<meta name=\"twitter:label1\" content=\"Tiempo de lectura\" \/>\n\t<meta name=\"twitter:data1\" content=\"1 minuto\" \/>\n<script type=\"application\/ld+json\" class=\"yoast-schema-graph\">{\"@context\":\"https:\/\/schema.org\",\"@graph\":[{\"@type\":\"WebPage\",\"@id\":\"https:\/\/www.ralarsa.com\/es\/pulido-faros-coche\/\",\"url\":\"https:\/\/www.ralarsa.com\/es\/pulido-faros-coche\/\",\"name\":\"Pulir Faros del Coche | Ralarsa\",\"isPartOf\":{\"@id\":\"https:\/\/www.ralarsa.com\/es\/#website\"},\"primaryImageOfPage\":{\"@id\":\"https:\/\/www.ralarsa.com\/es\/pulido-faros-coche\/#primaryimage\"},\"image\":{\"@id\":\"https:\/\/www.ralarsa.com\/es\/pulido-faros-coche\/#primaryimage\"},\"thumbnailUrl\":\"https:\/\/d2oyvx818ubhz6.cloudfront.net\/wp-content\/uploads\/2025\/03\/porque-elegir-ralarsa-pulido-faros-coche.jpg\",\"datePublished\":\"2025-03-27T12:28:56+00:00\",\"dateModified\":\"2026-04-10T10:48:51+00:00\",\"description\":\"Pulimos faros de coche con el objetivo de que recuperes la m\u00e1xima visibilidad y seguridad al volante y te asegures que pasas la ITV \u00a1Pide Cita!\",\"breadcrumb\":{\"@id\":\"https:\/\/www.ralarsa.com\/es\/pulido-faros-coche\/#breadcrumb\"},\"inLanguage\":\"es\",\"potentialAction\":[{\"@type\":\"ReadAction\",\"target\":[[\"https:\/\/www.ralarsa.com\/es\/pulido-faros-coche\/\"]]}]},{\"@type\":\"ImageObject\",\"inLanguage\":\"es\",\"@id\":\"https:\/\/www.ralarsa.com\/es\/pulido-faros-coche\/#primaryimage\",\"url\":\"https:\/\/d2oyvx818ubhz6.cloudfront.net\/wp-content\/uploads\/2025\/03\/porque-elegir-ralarsa-pulido-faros-coche.jpg\",\"contentUrl\":\"https:\/\/d2oyvx818ubhz6.cloudfront.net\/wp-content\/uploads\/2025\/03\/porque-elegir-ralarsa-pulido-faros-coche.jpg\",\"width\":900,\"height\":600,\"caption\":\"Ralarsa: la mejor opci\u00f3n para el pulido profesional de faros.\"},{\"@type\":\"BreadcrumbList\",\"@id\":\"https:\/\/www.ralarsa.com\/es\/pulido-faros-coche\/#breadcrumb\",\"itemListElement\":[{\"@type\":\"ListItem\",\"position\":1,\"name\":\"Portada\",\"item\":\"https:\/\/www.ralarsa.com\/es\/ralarsa-2\/\"},{\"@type\":\"ListItem\",\"position\":2,\"name\":\"Pulido de faros del coche\"}]},{\"@type\":\"WebSite\",\"@id\":\"https:\/\/www.ralarsa.com\/es\/#website\",\"url\":\"https:\/\/www.ralarsa.com\/es\/\",\"name\":\"Ralarsa\",\"description\":\"\",\"publisher\":{\"@id\":\"https:\/\/www.ralarsa.com\/es\/#organization\"},\"potentialAction\":[{\"@type\":\"SearchAction\",\"target\":{\"@type\":\"EntryPoint\",\"urlTemplate\":\"https:\/\/www.ralarsa.com\/es\/?s={search_term_string}\"},\"query-input\":{\"@type\":\"PropertyValueSpecification\",\"valueRequired\":true,\"valueName\":\"search_term_string\"}}],\"inLanguage\":\"es\"},{\"@type\":\"Organization\",\"@id\":\"https:\/\/www.ralarsa.com\/es\/#organization\",\"name\":\"Ralarsa\",\"url\":\"https:\/\/www.ralarsa.com\/es\/\",\"logo\":{\"@type\":\"ImageObject\",\"inLanguage\":\"es\",\"@id\":\"https:\/\/www.ralarsa.com\/es\/#\/schema\/logo\/image\/\",\"url\":\"https:\/\/ralarsa.s3.eu-central-1.amazonaws.com\/wp-content\/uploads\/2025\/04\/logo-ralarsa.png\",\"contentUrl\":\"https:\/\/ralarsa.s3.eu-central-1.amazonaws.com\/wp-content\/uploads\/2025\/04\/logo-ralarsa.png\",\"width\":1192,\"height\":412,\"caption\":\"Ralarsa\"},\"image\":{\"@id\":\"https:\/\/www.ralarsa.com\/es\/#\/schema\/logo\/image\/\"}}]}<\/script>\n<!-- \/ Yoast SEO Premium plugin. -->","yoast_head_json":{"title":"Pulir Faros del Coche | Ralarsa","description":"Pulimos faros de coche con el objetivo de que recuperes la m\u00e1xima visibilidad y seguridad al volante y te asegures que pasas la ITV \u00a1Pide Cita!","robots":{"index":"index","follow":"follow","max-snippet":"max-snippet:-1","max-image-preview":"max-image-preview:large","max-video-preview":"max-video-preview:-1"},"canonical":"https:\/\/www.ralarsa.com\/es\/pulido-faros-coche\/","og_locale":"es_ES","og_type":"article","og_title":"Pulido de faros del coche","og_description":"Pulimos faros de coche con el objetivo de que recuperes la m\u00e1xima visibilidad y seguridad al volante y te asegures que pasas la ITV \u00a1Pide Cita!","og_url":"https:\/\/www.ralarsa.com\/es\/pulido-faros-coche\/","og_site_name":"Ralarsa","article_modified_time":"2026-04-10T10:48:51+00:00","og_image":[{"width":900,"height":600,"url":"https:\/\/d2oyvx818ubhz6.cloudfront.net\/wp-content\/uploads\/2025\/03\/porque-elegir-ralarsa-pulido-faros-coche.jpg","type":"image\/jpeg"}],"twitter_card":"summary_large_image","twitter_misc":{"Tiempo de lectura":"1 minuto"},"schema":{"@context":"https:\/\/schema.org","@graph":[{"@type":"WebPage","@id":"https:\/\/www.ralarsa.com\/es\/pulido-faros-coche\/","url":"https:\/\/www.ralarsa.com\/es\/pulido-faros-coche\/","name":"Pulir Faros del Coche | Ralarsa","isPartOf":{"@id":"https:\/\/www.ralarsa.com\/es\/#website"},"primaryImageOfPage":{"@id":"https:\/\/www.ralarsa.com\/es\/pulido-faros-coche\/#primaryimage"},"image":{"@id":"https:\/\/www.ralarsa.com\/es\/pulido-faros-coche\/#primaryimage"},"thumbnailUrl":"https:\/\/d2oyvx818ubhz6.cloudfront.net\/wp-content\/uploads\/2025\/03\/porque-elegir-ralarsa-pulido-faros-coche.jpg","datePublished":"2025-03-27T12:28:56+00:00","dateModified":"2026-04-10T10:48:51+00:00","description":"Pulimos faros de coche con el objetivo de que recuperes la m\u00e1xima visibilidad y seguridad al volante y te asegures que pasas la ITV \u00a1Pide Cita!","breadcrumb":{"@id":"https:\/\/www.ralarsa.com\/es\/pulido-faros-coche\/#breadcrumb"},"inLanguage":"es","potentialAction":[{"@type":"ReadAction","target":[["https:\/\/www.ralarsa.com\/es\/pulido-faros-coche\/"]]}]},{"@type":"ImageObject","inLanguage":"es","@id":"https:\/\/www.ralarsa.com\/es\/pulido-faros-coche\/#primaryimage","url":"https:\/\/d2oyvx818ubhz6.cloudfront.net\/wp-content\/uploads\/2025\/03\/porque-elegir-ralarsa-pulido-faros-coche.jpg","contentUrl":"https:\/\/d2oyvx818ubhz6.cloudfront.net\/wp-content\/uploads\/2025\/03\/porque-elegir-ralarsa-pulido-faros-coche.jpg","width":900,"height":600,"caption":"Ralarsa: la mejor opci\u00f3n para el pulido profesional de faros."},{"@type":"BreadcrumbList","@id":"https:\/\/www.ralarsa.com\/es\/pulido-faros-coche\/#breadcrumb","itemListElement":[{"@type":"ListItem","position":1,"name":"Portada","item":"https:\/\/www.ralarsa.com\/es\/ralarsa-2\/"},{"@type":"ListItem","position":2,"name":"Pulido de faros del coche"}]},{"@type":"WebSite","@id":"https:\/\/www.ralarsa.com\/es\/#website","url":"https:\/\/www.ralarsa.com\/es\/","name":"Ralarsa","description":"","publisher":{"@id":"https:\/\/www.ralarsa.com\/es\/#organization"},"potentialAction":[{"@type":"SearchAction","target":{"@type":"EntryPoint","urlTemplate":"https:\/\/www.ralarsa.com\/es\/?s={search_term_string}"},"query-input":{"@type":"PropertyValueSpecification","valueRequired":true,"valueName":"search_term_string"}}],"inLanguage":"es"},{"@type":"Organization","@id":"https:\/\/www.ralarsa.com\/es\/#organization","name":"Ralarsa","url":"https:\/\/www.ralarsa.com\/es\/","logo":{"@type":"ImageObject","inLanguage":"es","@id":"https:\/\/www.ralarsa.com\/es\/#\/schema\/logo\/image\/","url":"https:\/\/ralarsa.s3.eu-central-1.amazonaws.com\/wp-content\/uploads\/2025\/04\/logo-ralarsa.png","contentUrl":"https:\/\/ralarsa.s3.eu-central-1.amazonaws.com\/wp-content\/uploads\/2025\/04\/logo-ralarsa.png","width":1192,"height":412,"caption":"Ralarsa"},"image":{"@id":"https:\/\/www.ralarsa.com\/es\/#\/schema\/logo\/image\/"}}]}},"_links":{"self":[{"href":"https:\/\/www.ralarsa.com\/es\/wp-json\/wp\/v2\/pages\/1530","targetHints":{"allow":["GET"]}}],"collection":[{"href":"https:\/\/www.ralarsa.com\/es\/wp-json\/wp\/v2\/pages"}],"about":[{"href":"https:\/\/www.ralarsa.com\/es\/wp-json\/wp\/v2\/types\/page"}],"author":[{"embeddable":true,"href":"https:\/\/www.ralarsa.com\/es\/wp-json\/wp\/v2\/users\/1"}],"replies":[{"embeddable":true,"href":"https:\/\/www.ralarsa.com\/es\/wp-json\/wp\/v2\/comments?post=1530"}],"version-history":[{"count":6,"href":"https:\/\/www.ralarsa.com\/es\/wp-json\/wp\/v2\/pages\/1530\/revisions"}],"predecessor-version":[{"id":6710,"href":"https:\/\/www.ralarsa.com\/es\/wp-json\/wp\/v2\/pages\/1530\/revisions\/6710"}],"wp:featuredmedia":[{"embeddable":true,"href":"https:\/\/www.ralarsa.com\/es\/wp-json\/wp\/v2\/media\/4650"}],"wp:attachment":[{"href":"https:\/\/www.ralarsa.com\/es\/wp-json\/wp\/v2\/media?parent=1530"}],"curies":[{"name":"wp","href":"https:\/\/api.w.org\/{rel}","templated":true}]}}