{"id":1537,"date":"2025-03-27T13:28:57","date_gmt":"2025-03-27T12:28:57","guid":{"rendered":"https:\/\/www.ralarsa.com\/servicios\/calibracion-sistemas-adas\/"},"modified":"2025-12-10T16:46:59","modified_gmt":"2025-12-10T15:46:59","slug":"calibracion-sistemas-adas","status":"publish","type":"page","link":"https:\/\/www.ralarsa.com\/es\/calibracion-sistemas-adas\/","title":{"rendered":"Calibraci\u00f3n de sistemas ADAS"},"content":{"rendered":"<p><\/p>\n<p class=\"ai-optimize-7 ai-optimize-introduction\">En Ralarsa, la <strong>calibraci\u00f3n de sistemas ADAS<\/strong> <em>(Sistemas Avanzados de Asistencia a la Conducci\u00f3n)<\/em> se realiza siempre tras sustituir el cristal, asegurando que c\u00e1maras y sensores funcionen con total precisi\u00f3n y tu seguridad est\u00e9 garantizada.<\/p>\n<p class=\"ai-optimize-11\">\n<p><\/p>","protected":false},"excerpt":{"rendered":"En Ralarsa, la calibraci\u00f3n de sistemas ADAS (Sistemas Avanzados de Asistencia a la Conducci\u00f3n) se realiza siempre tras sustituir el cristal, asegurando que c\u00e1maras y sensores funcionen con total precisi\u00f3n y tu seguridad est\u00e9 garantizada.","protected":false},"author":1,"featured_media":4645,"parent":0,"menu_order":11,"comment_status":"closed","ping_status":"closed","template":"","meta":{"_acf_changed":false,"inline_featured_image":false,"footnotes":""},"class_list":["post-1537","page","type-page","status-publish","has-post-thumbnail","hentry"],"acf":{"display":"default","generic_slider":null,"promo_banner":false,"related_promo":""},"yoast_head":"<!-- This site is optimized with the Yoast SEO Premium plugin v25.3 (Yoast SEO v27.5) - https:\/\/yoast.com\/product\/yoast-seo-premium-wordpress\/ -->\n<title>Calibraci\u00f3n Sistemas ADAS | Ralarsa<\/title>\n<meta name=\"description\" content=\"En Ralarsa somos especialistas en calibrar sistemas ADAS, un sistema de seguridad electr\u00f3nico primordial para la seguridad del veh\u00edculo \u00a1Pide Cita!\" \/>\n<meta name=\"robots\" content=\"index, follow, max-snippet:-1, max-image-preview:large, max-video-preview:-1\" \/>\n<link rel=\"canonical\" href=\"https:\/\/www.ralarsa.com\/es\/calibracion-sistemas-adas\/\" \/>\n<meta property=\"og:locale\" content=\"es_ES\" \/>\n<meta property=\"og:type\" content=\"article\" \/>\n<meta property=\"og:title\" content=\"Calibraci\u00f3n de sistemas ADAS\" \/>\n<meta property=\"og:description\" content=\"En Ralarsa somos especialistas en calibrar sistemas ADAS, un sistema de seguridad electr\u00f3nico primordial para la seguridad del veh\u00edculo \u00a1Pide Cita!\" \/>\n<meta property=\"og:url\" content=\"https:\/\/www.ralarsa.com\/es\/calibracion-sistemas-adas\/\" \/>\n<meta property=\"og:site_name\" content=\"Ralarsa\" \/>\n<meta property=\"article:modified_time\" content=\"2025-12-10T15:46:59+00:00\" \/>\n<meta property=\"og:image\" content=\"https:\/\/d2oyvx818ubhz6.cloudfront.net\/wp-content\/uploads\/2025\/03\/calibracion-sistema-adas.jpg\" \/>\n\t<meta property=\"og:image:width\" content=\"900\" \/>\n\t<meta property=\"og:image:height\" content=\"595\" \/>\n\t<meta property=\"og:image:type\" content=\"image\/jpeg\" \/>\n<meta name=\"twitter:card\" content=\"summary_large_image\" \/>\n<meta name=\"twitter:label1\" content=\"Tiempo de lectura\" \/>\n\t<meta name=\"twitter:data1\" content=\"1 minuto\" \/>\n<script type=\"application\/ld+json\" class=\"yoast-schema-graph\">{\"@context\":\"https:\\\/\\\/schema.org\",\"@graph\":[{\"@type\":\"WebPage\",\"@id\":\"https:\\\/\\\/www.ralarsa.com\\\/es\\\/calibracion-sistemas-adas\\\/\",\"url\":\"https:\\\/\\\/www.ralarsa.com\\\/es\\\/calibracion-sistemas-adas\\\/\",\"name\":\"Calibraci\u00f3n Sistemas ADAS | Ralarsa\",\"isPartOf\":{\"@id\":\"https:\\\/\\\/www.ralarsa.com\\\/es\\\/#website\"},\"primaryImageOfPage\":{\"@id\":\"https:\\\/\\\/www.ralarsa.com\\\/es\\\/calibracion-sistemas-adas\\\/#primaryimage\"},\"image\":{\"@id\":\"https:\\\/\\\/www.ralarsa.com\\\/es\\\/calibracion-sistemas-adas\\\/#primaryimage\"},\"thumbnailUrl\":\"https:\\\/\\\/d2oyvx818ubhz6.cloudfront.net\\\/wp-content\\\/uploads\\\/2025\\\/03\\\/calibracion-sistema-adas.jpg\",\"datePublished\":\"2025-03-27T12:28:57+00:00\",\"dateModified\":\"2025-12-10T15:46:59+00:00\",\"description\":\"En Ralarsa somos especialistas en calibrar sistemas ADAS, un sistema de seguridad electr\u00f3nico primordial para la seguridad del veh\u00edculo \u00a1Pide Cita!\",\"breadcrumb\":{\"@id\":\"https:\\\/\\\/www.ralarsa.com\\\/es\\\/calibracion-sistemas-adas\\\/#breadcrumb\"},\"inLanguage\":\"es\",\"potentialAction\":[{\"@type\":\"ReadAction\",\"target\":[[\"https:\\\/\\\/www.ralarsa.com\\\/es\\\/calibracion-sistemas-adas\\\/\"]]}]},{\"@type\":\"ImageObject\",\"inLanguage\":\"es\",\"@id\":\"https:\\\/\\\/www.ralarsa.com\\\/es\\\/calibracion-sistemas-adas\\\/#primaryimage\",\"url\":\"https:\\\/\\\/d2oyvx818ubhz6.cloudfront.net\\\/wp-content\\\/uploads\\\/2025\\\/03\\\/calibracion-sistema-adas.jpg\",\"contentUrl\":\"https:\\\/\\\/d2oyvx818ubhz6.cloudfront.net\\\/wp-content\\\/uploads\\\/2025\\\/03\\\/calibracion-sistema-adas.jpg\",\"width\":900,\"height\":595,\"caption\":\"Calibraci\u00f3n del sistema ADAS: tecnolog\u00eda y precisi\u00f3n al servicio de tu seguridad.\"},{\"@type\":\"BreadcrumbList\",\"@id\":\"https:\\\/\\\/www.ralarsa.com\\\/es\\\/calibracion-sistemas-adas\\\/#breadcrumb\",\"itemListElement\":[{\"@type\":\"ListItem\",\"position\":1,\"name\":\"Portada\",\"item\":\"https:\\\/\\\/www.ralarsa.com\\\/es\\\/ralarsa-2\\\/\"},{\"@type\":\"ListItem\",\"position\":2,\"name\":\"Calibraci\u00f3n de sistemas ADAS\"}]},{\"@type\":\"WebSite\",\"@id\":\"https:\\\/\\\/www.ralarsa.com\\\/es\\\/#website\",\"url\":\"https:\\\/\\\/www.ralarsa.com\\\/es\\\/\",\"name\":\"Ralarsa\",\"description\":\"\",\"publisher\":{\"@id\":\"https:\\\/\\\/www.ralarsa.com\\\/es\\\/#organization\"},\"potentialAction\":[{\"@type\":\"SearchAction\",\"target\":{\"@type\":\"EntryPoint\",\"urlTemplate\":\"https:\\\/\\\/www.ralarsa.com\\\/es\\\/?s={search_term_string}\"},\"query-input\":{\"@type\":\"PropertyValueSpecification\",\"valueRequired\":true,\"valueName\":\"search_term_string\"}}],\"inLanguage\":\"es\"},{\"@type\":\"Organization\",\"@id\":\"https:\\\/\\\/www.ralarsa.com\\\/es\\\/#organization\",\"name\":\"Ralarsa\",\"url\":\"https:\\\/\\\/www.ralarsa.com\\\/es\\\/\",\"logo\":{\"@type\":\"ImageObject\",\"inLanguage\":\"es\",\"@id\":\"https:\\\/\\\/www.ralarsa.com\\\/es\\\/#\\\/schema\\\/logo\\\/image\\\/\",\"url\":\"https:\\\/\\\/ralarsa.s3.eu-central-1.amazonaws.com\\\/wp-content\\\/uploads\\\/2025\\\/04\\\/logo-ralarsa.png\",\"contentUrl\":\"https:\\\/\\\/ralarsa.s3.eu-central-1.amazonaws.com\\\/wp-content\\\/uploads\\\/2025\\\/04\\\/logo-ralarsa.png\",\"width\":1192,\"height\":412,\"caption\":\"Ralarsa\"},\"image\":{\"@id\":\"https:\\\/\\\/www.ralarsa.com\\\/es\\\/#\\\/schema\\\/logo\\\/image\\\/\"}}]}<\/script>\n<!-- \/ Yoast SEO Premium plugin. -->","yoast_head_json":{"title":"Calibraci\u00f3n Sistemas ADAS | Ralarsa","description":"En Ralarsa somos especialistas en calibrar sistemas ADAS, un sistema de seguridad electr\u00f3nico primordial para la seguridad del veh\u00edculo \u00a1Pide Cita!","robots":{"index":"index","follow":"follow","max-snippet":"max-snippet:-1","max-image-preview":"max-image-preview:large","max-video-preview":"max-video-preview:-1"},"canonical":"https:\/\/www.ralarsa.com\/es\/calibracion-sistemas-adas\/","og_locale":"es_ES","og_type":"article","og_title":"Calibraci\u00f3n de sistemas ADAS","og_description":"En Ralarsa somos especialistas en calibrar sistemas ADAS, un sistema de seguridad electr\u00f3nico primordial para la seguridad del veh\u00edculo \u00a1Pide Cita!","og_url":"https:\/\/www.ralarsa.com\/es\/calibracion-sistemas-adas\/","og_site_name":"Ralarsa","article_modified_time":"2025-12-10T15:46:59+00:00","og_image":[{"width":900,"height":595,"url":"https:\/\/d2oyvx818ubhz6.cloudfront.net\/wp-content\/uploads\/2025\/03\/calibracion-sistema-adas.jpg","type":"image\/jpeg"}],"twitter_card":"summary_large_image","twitter_misc":{"Tiempo de lectura":"1 minuto"},"schema":{"@context":"https:\/\/schema.org","@graph":[{"@type":"WebPage","@id":"https:\/\/www.ralarsa.com\/es\/calibracion-sistemas-adas\/","url":"https:\/\/www.ralarsa.com\/es\/calibracion-sistemas-adas\/","name":"Calibraci\u00f3n Sistemas ADAS | Ralarsa","isPartOf":{"@id":"https:\/\/www.ralarsa.com\/es\/#website"},"primaryImageOfPage":{"@id":"https:\/\/www.ralarsa.com\/es\/calibracion-sistemas-adas\/#primaryimage"},"image":{"@id":"https:\/\/www.ralarsa.com\/es\/calibracion-sistemas-adas\/#primaryimage"},"thumbnailUrl":"https:\/\/d2oyvx818ubhz6.cloudfront.net\/wp-content\/uploads\/2025\/03\/calibracion-sistema-adas.jpg","datePublished":"2025-03-27T12:28:57+00:00","dateModified":"2025-12-10T15:46:59+00:00","description":"En Ralarsa somos especialistas en calibrar sistemas ADAS, un sistema de seguridad electr\u00f3nico primordial para la seguridad del veh\u00edculo \u00a1Pide Cita!","breadcrumb":{"@id":"https:\/\/www.ralarsa.com\/es\/calibracion-sistemas-adas\/#breadcrumb"},"inLanguage":"es","potentialAction":[{"@type":"ReadAction","target":[["https:\/\/www.ralarsa.com\/es\/calibracion-sistemas-adas\/"]]}]},{"@type":"ImageObject","inLanguage":"es","@id":"https:\/\/www.ralarsa.com\/es\/calibracion-sistemas-adas\/#primaryimage","url":"https:\/\/d2oyvx818ubhz6.cloudfront.net\/wp-content\/uploads\/2025\/03\/calibracion-sistema-adas.jpg","contentUrl":"https:\/\/d2oyvx818ubhz6.cloudfront.net\/wp-content\/uploads\/2025\/03\/calibracion-sistema-adas.jpg","width":900,"height":595,"caption":"Calibraci\u00f3n del sistema ADAS: tecnolog\u00eda y precisi\u00f3n al servicio de tu seguridad."},{"@type":"BreadcrumbList","@id":"https:\/\/www.ralarsa.com\/es\/calibracion-sistemas-adas\/#breadcrumb","itemListElement":[{"@type":"ListItem","position":1,"name":"Portada","item":"https:\/\/www.ralarsa.com\/es\/ralarsa-2\/"},{"@type":"ListItem","position":2,"name":"Calibraci\u00f3n de sistemas ADAS"}]},{"@type":"WebSite","@id":"https:\/\/www.ralarsa.com\/es\/#website","url":"https:\/\/www.ralarsa.com\/es\/","name":"Ralarsa","description":"","publisher":{"@id":"https:\/\/www.ralarsa.com\/es\/#organization"},"potentialAction":[{"@type":"SearchAction","target":{"@type":"EntryPoint","urlTemplate":"https:\/\/www.ralarsa.com\/es\/?s={search_term_string}"},"query-input":{"@type":"PropertyValueSpecification","valueRequired":true,"valueName":"search_term_string"}}],"inLanguage":"es"},{"@type":"Organization","@id":"https:\/\/www.ralarsa.com\/es\/#organization","name":"Ralarsa","url":"https:\/\/www.ralarsa.com\/es\/","logo":{"@type":"ImageObject","inLanguage":"es","@id":"https:\/\/www.ralarsa.com\/es\/#\/schema\/logo\/image\/","url":"https:\/\/ralarsa.s3.eu-central-1.amazonaws.com\/wp-content\/uploads\/2025\/04\/logo-ralarsa.png","contentUrl":"https:\/\/ralarsa.s3.eu-central-1.amazonaws.com\/wp-content\/uploads\/2025\/04\/logo-ralarsa.png","width":1192,"height":412,"caption":"Ralarsa"},"image":{"@id":"https:\/\/www.ralarsa.com\/es\/#\/schema\/logo\/image\/"}}]}},"_links":{"self":[{"href":"https:\/\/www.ralarsa.com\/es\/wp-json\/wp\/v2\/pages\/1537","targetHints":{"allow":["GET"]}}],"collection":[{"href":"https:\/\/www.ralarsa.com\/es\/wp-json\/wp\/v2\/pages"}],"about":[{"href":"https:\/\/www.ralarsa.com\/es\/wp-json\/wp\/v2\/types\/page"}],"author":[{"embeddable":true,"href":"https:\/\/www.ralarsa.com\/es\/wp-json\/wp\/v2\/users\/1"}],"replies":[{"embeddable":true,"href":"https:\/\/www.ralarsa.com\/es\/wp-json\/wp\/v2\/comments?post=1537"}],"version-history":[{"count":1,"href":"https:\/\/www.ralarsa.com\/es\/wp-json\/wp\/v2\/pages\/1537\/revisions"}],"predecessor-version":[{"id":5888,"href":"https:\/\/www.ralarsa.com\/es\/wp-json\/wp\/v2\/pages\/1537\/revisions\/5888"}],"wp:featuredmedia":[{"embeddable":true,"href":"https:\/\/www.ralarsa.com\/es\/wp-json\/wp\/v2\/media\/4645"}],"wp:attachment":[{"href":"https:\/\/www.ralarsa.com\/es\/wp-json\/wp\/v2\/media?parent=1537"}],"curies":[{"name":"wp","href":"https:\/\/api.w.org\/{rel}","templated":true}]}}