{"id":1538,"date":"2025-03-27T13:28:58","date_gmt":"2025-03-27T12:28:58","guid":{"rendered":"https:\/\/www.ralarsa.com\/servicios\/lunetas-coche\/"},"modified":"2026-03-20T09:18:38","modified_gmt":"2026-03-20T08:18:38","slug":"lunetas-coche","status":"publish","type":"page","link":"https:\/\/www.ralarsa.com\/es\/cambio-luneta-trasera-coche\/","title":{"rendered":"Cambio luneta trasera del coche"},"content":{"rendered":"<p><\/p>\n<p class=\"ai-optimize-6 ai-optimize-introduction\"><span class=\"TextRun SCXW17689512 BCX0\" lang=\"ES-ES\" xml:lang=\"ES-ES\" data-contrast=\"auto\"><span class=\"NormalTextRun SCXW17689512 BCX0\">En <\/span><span class=\"NormalTextRun SpellingErrorV2Themed SpellingErrorHighlight SCXW17689512 BCX0\">Ralarsa<\/span><span class=\"NormalTextRun SCXW17689512 BCX0\"> somos especialistas en el <\/span><\/span><strong><span class=\"TextRun SCXW17689512 BCX0\" lang=\"ES-ES\" xml:lang=\"ES-ES\" data-contrast=\"auto\"><span class=\"NormalTextRun SCXW17689512 BCX0\">cambio de la luneta trasera del <\/span><span class=\"NormalTextRun SCXW17689512 BCX0\">coche<\/span><\/span><\/strong><span class=\"TextRun SCXW17689512 BCX0\" lang=\"ES-ES\" xml:lang=\"ES-ES\" data-contrast=\"auto\"><span class=\"NormalTextRun SCXW17689512 BCX0\">,<\/span><span class=\"NormalTextRun SCXW17689512 BCX0\"> ofreciendo un servicio r\u00e1pido y profesional. Sustituimos la luneta da\u00f1ada por piezas homologadas, garantizando un ajuste perfecto y manteniendo todas las funcionalidades originales. Conf\u00eda en nuestros t\u00e9cnicos para asegurar tu seguridad y confort en cada trayecto<\/span><span class=\"NormalTextRun SCXW17689512 BCX0\">.<\/span><\/span><span class=\"EOP SCXW17689512 BCX0\" data-ccp-props=\"{&quot;134233117&quot;:false,&quot;134233118&quot;:false,&quot;201341983&quot;:0,&quot;335551550&quot;:6,&quot;335551620&quot;:6,&quot;335559685&quot;:0,&quot;335559737&quot;:0,&quot;335559738&quot;:0,&quot;335559739&quot;:160,&quot;335559740&quot;:279}\">\u00a0<\/span><\/p>\n<p><\/p>","protected":false},"excerpt":{"rendered":"En Ralarsa somos especialistas en el cambio de la luneta trasera del coche, ofreciendo un servicio r\u00e1pido y profesional. Sustituimos la luneta da\u00f1ada por piezas homologadas, garantizando un ajuste perfecto y manteniendo todas las funcionalidades originales. Conf\u00eda en nuestros t\u00e9cnicos para asegurar tu seguridad y confort en cada trayecto.\u00a0","protected":false},"author":1,"featured_media":4644,"parent":0,"menu_order":1,"comment_status":"closed","ping_status":"closed","template":"","meta":{"_acf_changed":false,"inline_featured_image":false,"footnotes":""},"class_list":["post-1538","page","type-page","status-publish","has-post-thumbnail","hentry"],"acf":{"display":"default","generic_slider":null,"promo_banner":false,"related_promo":5952},"yoast_head":"<!-- This site is optimized with the Yoast SEO Premium plugin v25.3 (Yoast SEO v26.7) - https:\/\/yoast.com\/wordpress\/plugins\/seo\/ -->\n<title>Cambiar Luneta Trasera del Coche | Ralarsa<\/title>\n<meta name=\"description\" content=\"Nos encargamos de cambiar la luneta trasera del coche gracias a nuestro servicio de sustituci\u00f3n r\u00e1pido y seguro. Tenemos m\u00e1s de 250 talleres \u00a1Pide Cita!\" \/>\n<meta name=\"robots\" content=\"index, follow, max-snippet:-1, max-image-preview:large, max-video-preview:-1\" \/>\n<link rel=\"canonical\" href=\"https:\/\/www.ralarsa.com\/es\/cambio-luneta-trasera-coche\/\" \/>\n<meta property=\"og:locale\" content=\"es_ES\" \/>\n<meta property=\"og:type\" content=\"article\" \/>\n<meta property=\"og:title\" content=\"Cambio luneta trasera del coche\" \/>\n<meta property=\"og:description\" content=\"Nos encargamos de cambiar la luneta trasera del coche gracias a nuestro servicio de sustituci\u00f3n r\u00e1pido y seguro. Tenemos m\u00e1s de 250 talleres \u00a1Pide Cita!\" \/>\n<meta property=\"og:url\" content=\"https:\/\/www.ralarsa.com\/es\/cambio-luneta-trasera-coche\/\" \/>\n<meta property=\"og:site_name\" content=\"Ralarsa\" \/>\n<meta property=\"article:modified_time\" content=\"2026-03-20T08:18:38+00:00\" \/>\n<meta property=\"og:image\" content=\"https:\/\/d2oyvx818ubhz6.cloudfront.net\/wp-content\/uploads\/2025\/03\/sustitucion-luneta-trasera-coche.jpg\" \/>\n\t<meta property=\"og:image:width\" content=\"900\" \/>\n\t<meta property=\"og:image:height\" content=\"600\" \/>\n\t<meta property=\"og:image:type\" content=\"image\/jpeg\" \/>\n<meta name=\"twitter:card\" content=\"summary_large_image\" \/>\n<meta name=\"twitter:label1\" content=\"Tiempo de lectura\" \/>\n\t<meta name=\"twitter:data1\" content=\"1 minuto\" \/>\n<script type=\"application\/ld+json\" class=\"yoast-schema-graph\">{\"@context\":\"https:\/\/schema.org\",\"@graph\":[{\"@type\":\"WebPage\",\"@id\":\"https:\/\/www.ralarsa.com\/es\/cambio-luneta-trasera-coche\/\",\"url\":\"https:\/\/www.ralarsa.com\/es\/cambio-luneta-trasera-coche\/\",\"name\":\"Cambiar Luneta Trasera del Coche | Ralarsa\",\"isPartOf\":{\"@id\":\"https:\/\/www.ralarsa.com\/es\/#website\"},\"primaryImageOfPage\":{\"@id\":\"https:\/\/www.ralarsa.com\/es\/cambio-luneta-trasera-coche\/#primaryimage\"},\"image\":{\"@id\":\"https:\/\/www.ralarsa.com\/es\/cambio-luneta-trasera-coche\/#primaryimage\"},\"thumbnailUrl\":\"https:\/\/d2oyvx818ubhz6.cloudfront.net\/wp-content\/uploads\/2025\/03\/sustitucion-luneta-trasera-coche.jpg\",\"datePublished\":\"2025-03-27T12:28:58+00:00\",\"dateModified\":\"2026-03-20T08:18:38+00:00\",\"description\":\"Nos encargamos de cambiar la luneta trasera del coche gracias a nuestro servicio de sustituci\u00f3n r\u00e1pido y seguro. Tenemos m\u00e1s de 250 talleres \u00a1Pide Cita!\",\"breadcrumb\":{\"@id\":\"https:\/\/www.ralarsa.com\/es\/cambio-luneta-trasera-coche\/#breadcrumb\"},\"inLanguage\":\"es\",\"potentialAction\":[{\"@type\":\"ReadAction\",\"target\":[[\"https:\/\/www.ralarsa.com\/es\/cambio-luneta-trasera-coche\/\"]]}]},{\"@type\":\"ImageObject\",\"inLanguage\":\"es\",\"@id\":\"https:\/\/www.ralarsa.com\/es\/cambio-luneta-trasera-coche\/#primaryimage\",\"url\":\"https:\/\/d2oyvx818ubhz6.cloudfront.net\/wp-content\/uploads\/2025\/03\/sustitucion-luneta-trasera-coche.jpg\",\"contentUrl\":\"https:\/\/d2oyvx818ubhz6.cloudfront.net\/wp-content\/uploads\/2025\/03\/sustitucion-luneta-trasera-coche.jpg\",\"width\":900,\"height\":600,\"caption\":\"Sustituci\u00f3n de la luneta trasera: seguridad y visibilidad garantizadas.\"},{\"@type\":\"BreadcrumbList\",\"@id\":\"https:\/\/www.ralarsa.com\/es\/cambio-luneta-trasera-coche\/#breadcrumb\",\"itemListElement\":[{\"@type\":\"ListItem\",\"position\":1,\"name\":\"Portada\",\"item\":\"https:\/\/www.ralarsa.com\/es\/ralarsa-2\/\"},{\"@type\":\"ListItem\",\"position\":2,\"name\":\"Cambio luneta trasera del coche\"}]},{\"@type\":\"WebSite\",\"@id\":\"https:\/\/www.ralarsa.com\/es\/#website\",\"url\":\"https:\/\/www.ralarsa.com\/es\/\",\"name\":\"Ralarsa\",\"description\":\"\",\"publisher\":{\"@id\":\"https:\/\/www.ralarsa.com\/es\/#organization\"},\"potentialAction\":[{\"@type\":\"SearchAction\",\"target\":{\"@type\":\"EntryPoint\",\"urlTemplate\":\"https:\/\/www.ralarsa.com\/es\/?s={search_term_string}\"},\"query-input\":{\"@type\":\"PropertyValueSpecification\",\"valueRequired\":true,\"valueName\":\"search_term_string\"}}],\"inLanguage\":\"es\"},{\"@type\":\"Organization\",\"@id\":\"https:\/\/www.ralarsa.com\/es\/#organization\",\"name\":\"Ralarsa\",\"url\":\"https:\/\/www.ralarsa.com\/es\/\",\"logo\":{\"@type\":\"ImageObject\",\"inLanguage\":\"es\",\"@id\":\"https:\/\/www.ralarsa.com\/es\/#\/schema\/logo\/image\/\",\"url\":\"https:\/\/ralarsa.s3.eu-central-1.amazonaws.com\/wp-content\/uploads\/2025\/04\/logo-ralarsa.png\",\"contentUrl\":\"https:\/\/ralarsa.s3.eu-central-1.amazonaws.com\/wp-content\/uploads\/2025\/04\/logo-ralarsa.png\",\"width\":1192,\"height\":412,\"caption\":\"Ralarsa\"},\"image\":{\"@id\":\"https:\/\/www.ralarsa.com\/es\/#\/schema\/logo\/image\/\"}}]}<\/script>\n<!-- \/ Yoast SEO Premium plugin. -->","yoast_head_json":{"title":"Cambiar Luneta Trasera del Coche | Ralarsa","description":"Nos encargamos de cambiar la luneta trasera del coche gracias a nuestro servicio de sustituci\u00f3n r\u00e1pido y seguro. Tenemos m\u00e1s de 250 talleres \u00a1Pide Cita!","robots":{"index":"index","follow":"follow","max-snippet":"max-snippet:-1","max-image-preview":"max-image-preview:large","max-video-preview":"max-video-preview:-1"},"canonical":"https:\/\/www.ralarsa.com\/es\/cambio-luneta-trasera-coche\/","og_locale":"es_ES","og_type":"article","og_title":"Cambio luneta trasera del coche","og_description":"Nos encargamos de cambiar la luneta trasera del coche gracias a nuestro servicio de sustituci\u00f3n r\u00e1pido y seguro. Tenemos m\u00e1s de 250 talleres \u00a1Pide Cita!","og_url":"https:\/\/www.ralarsa.com\/es\/cambio-luneta-trasera-coche\/","og_site_name":"Ralarsa","article_modified_time":"2026-03-20T08:18:38+00:00","og_image":[{"width":900,"height":600,"url":"https:\/\/d2oyvx818ubhz6.cloudfront.net\/wp-content\/uploads\/2025\/03\/sustitucion-luneta-trasera-coche.jpg","type":"image\/jpeg"}],"twitter_card":"summary_large_image","twitter_misc":{"Tiempo de lectura":"1 minuto"},"schema":{"@context":"https:\/\/schema.org","@graph":[{"@type":"WebPage","@id":"https:\/\/www.ralarsa.com\/es\/cambio-luneta-trasera-coche\/","url":"https:\/\/www.ralarsa.com\/es\/cambio-luneta-trasera-coche\/","name":"Cambiar Luneta Trasera del Coche | Ralarsa","isPartOf":{"@id":"https:\/\/www.ralarsa.com\/es\/#website"},"primaryImageOfPage":{"@id":"https:\/\/www.ralarsa.com\/es\/cambio-luneta-trasera-coche\/#primaryimage"},"image":{"@id":"https:\/\/www.ralarsa.com\/es\/cambio-luneta-trasera-coche\/#primaryimage"},"thumbnailUrl":"https:\/\/d2oyvx818ubhz6.cloudfront.net\/wp-content\/uploads\/2025\/03\/sustitucion-luneta-trasera-coche.jpg","datePublished":"2025-03-27T12:28:58+00:00","dateModified":"2026-03-20T08:18:38+00:00","description":"Nos encargamos de cambiar la luneta trasera del coche gracias a nuestro servicio de sustituci\u00f3n r\u00e1pido y seguro. Tenemos m\u00e1s de 250 talleres \u00a1Pide Cita!","breadcrumb":{"@id":"https:\/\/www.ralarsa.com\/es\/cambio-luneta-trasera-coche\/#breadcrumb"},"inLanguage":"es","potentialAction":[{"@type":"ReadAction","target":[["https:\/\/www.ralarsa.com\/es\/cambio-luneta-trasera-coche\/"]]}]},{"@type":"ImageObject","inLanguage":"es","@id":"https:\/\/www.ralarsa.com\/es\/cambio-luneta-trasera-coche\/#primaryimage","url":"https:\/\/d2oyvx818ubhz6.cloudfront.net\/wp-content\/uploads\/2025\/03\/sustitucion-luneta-trasera-coche.jpg","contentUrl":"https:\/\/d2oyvx818ubhz6.cloudfront.net\/wp-content\/uploads\/2025\/03\/sustitucion-luneta-trasera-coche.jpg","width":900,"height":600,"caption":"Sustituci\u00f3n de la luneta trasera: seguridad y visibilidad garantizadas."},{"@type":"BreadcrumbList","@id":"https:\/\/www.ralarsa.com\/es\/cambio-luneta-trasera-coche\/#breadcrumb","itemListElement":[{"@type":"ListItem","position":1,"name":"Portada","item":"https:\/\/www.ralarsa.com\/es\/ralarsa-2\/"},{"@type":"ListItem","position":2,"name":"Cambio luneta trasera del coche"}]},{"@type":"WebSite","@id":"https:\/\/www.ralarsa.com\/es\/#website","url":"https:\/\/www.ralarsa.com\/es\/","name":"Ralarsa","description":"","publisher":{"@id":"https:\/\/www.ralarsa.com\/es\/#organization"},"potentialAction":[{"@type":"SearchAction","target":{"@type":"EntryPoint","urlTemplate":"https:\/\/www.ralarsa.com\/es\/?s={search_term_string}"},"query-input":{"@type":"PropertyValueSpecification","valueRequired":true,"valueName":"search_term_string"}}],"inLanguage":"es"},{"@type":"Organization","@id":"https:\/\/www.ralarsa.com\/es\/#organization","name":"Ralarsa","url":"https:\/\/www.ralarsa.com\/es\/","logo":{"@type":"ImageObject","inLanguage":"es","@id":"https:\/\/www.ralarsa.com\/es\/#\/schema\/logo\/image\/","url":"https:\/\/ralarsa.s3.eu-central-1.amazonaws.com\/wp-content\/uploads\/2025\/04\/logo-ralarsa.png","contentUrl":"https:\/\/ralarsa.s3.eu-central-1.amazonaws.com\/wp-content\/uploads\/2025\/04\/logo-ralarsa.png","width":1192,"height":412,"caption":"Ralarsa"},"image":{"@id":"https:\/\/www.ralarsa.com\/es\/#\/schema\/logo\/image\/"}}]}},"_links":{"self":[{"href":"https:\/\/www.ralarsa.com\/es\/wp-json\/wp\/v2\/pages\/1538","targetHints":{"allow":["GET"]}}],"collection":[{"href":"https:\/\/www.ralarsa.com\/es\/wp-json\/wp\/v2\/pages"}],"about":[{"href":"https:\/\/www.ralarsa.com\/es\/wp-json\/wp\/v2\/types\/page"}],"author":[{"embeddable":true,"href":"https:\/\/www.ralarsa.com\/es\/wp-json\/wp\/v2\/users\/1"}],"replies":[{"embeddable":true,"href":"https:\/\/www.ralarsa.com\/es\/wp-json\/wp\/v2\/comments?post=1538"}],"version-history":[{"count":8,"href":"https:\/\/www.ralarsa.com\/es\/wp-json\/wp\/v2\/pages\/1538\/revisions"}],"predecessor-version":[{"id":6648,"href":"https:\/\/www.ralarsa.com\/es\/wp-json\/wp\/v2\/pages\/1538\/revisions\/6648"}],"acf:post":[{"embeddable":true,"href":"https:\/\/www.ralarsa.com\/es\/wp-json\/wp\/v2\/promos\/5952"}],"wp:featuredmedia":[{"embeddable":true,"href":"https:\/\/www.ralarsa.com\/es\/wp-json\/wp\/v2\/media\/4644"}],"wp:attachment":[{"href":"https:\/\/www.ralarsa.com\/es\/wp-json\/wp\/v2\/media?parent=1538"}],"curies":[{"name":"wp","href":"https:\/\/api.w.org\/{rel}","templated":true}]}}