{"id":240,"date":"2025-03-04T19:00:57","date_gmt":"2025-03-04T18:00:57","guid":{"rendered":"https:\/\/www.ralarsa.com\/?page_id=240"},"modified":"2025-04-30T08:55:23","modified_gmt":"2025-04-30T07:55:23","slug":"politica-de-cookies","status":"publish","type":"page","link":"https:\/\/www.ralarsa.com\/es\/politica-de-cookies\/","title":{"rendered":"Pol\u00edtica de cookies"},"content":{"rendered":"<p><\/p>\n<div class=\"row\">\n<h2>Definici\u00f3n y funci\u00f3n de las cookies<\/h2>\n<p>De conformidad con lo establecido en la Ley 34\/2002 de Servicios de la Sociedad de la Informaci\u00f3n y Comercio Electr\u00f3nico, le informamos que este sitio web almacena informaci\u00f3n de las direcciones IP de los ordenadores, y utiliza Cookies con el objetivo de prestar un mejor servicio y ofrecerle una mejor experiencia en su navegaci\u00f3n.<\/p>\n<p>Las Cookies son peque\u00f1os archivos de texto que contienen informaci\u00f3n, y que se generan en el ordenador o terminal del Usuario cuando navega por el sitio web. Con la navegaci\u00f3n por esta web usted presta su consentimiento para recibir dichas Cookies. Por medio de ellas RALARSA HOLDING S.L. s\u00f3lo obtiene y conserva la informaci\u00f3n bajo las condiciones descritas en la presente Pol\u00edtica de cookies:<\/p>\n<h2>\u00bfQu\u00e9 tipos de cookies utilizamos?<\/h2>\n<p>Seg\u00fan el plazo de tiempo que permanecen activas:<\/p>\n<ul>\n<li><strong>Cookies de sesi\u00f3n:<\/strong><br \/>\nSon un tipo de cookies dise\u00f1adas para recabar y almacenar datos mientras accede a nuestra web y permanecen en el archivo de cookies de su navegador hasta que abandone la p\u00e1gina. Como por ejemplo las cookies de identificaci\u00f3n.<\/li>\n<li><strong>Cookies persistentes:<\/strong><br \/>\nSon un tipo de cookies en el que los datos siguen almacenados en el terminal y pueden ser accedidos y tratados durante un periodo determinado de tiempo.<\/li>\n<\/ul>\n<p>Seg\u00fan su finalidad y RALARSA HOLDING S.L. que las gestiona:<\/p>\n<ul>\n<li><strong>Cookies propias:<\/strong><br \/>\nSon aquellas que enviamos a su ordenador o terminal desde nuestra p\u00e1gina web.<\/li>\n<li><strong>Cookies de terceros:<\/strong><br \/>\nSon aqu\u00e9llas que se env\u00edan a su ordenador o terminal desde un dominio o una p\u00e1gina web que no es gestionada por nosotros, sino por una entidad colaboradora. Como por ejemplo, las usadas por Google quien instala cookies que nos ayudan a analizar el funcionamiento de nuestro sitio web, y mejorar la efectividad de nuestras campa\u00f1as de marketing.<\/li>\n<li><strong>Cookies t\u00e9cnicas:<\/strong><br \/>\nSon aquellas necesarias para la navegaci\u00f3n y el buen funcionamiento de nuestra web. Por ejemplo, permiten realizar el proceso de compra, controlar los aspectos de seguridad de la web, compartir contenidos a trav\u00e9s de redes sociales.<\/li>\n<li><strong>Cookies de an\u00e1lisis:<\/strong><br \/>\nSon aqu\u00e9llas que bien tratadas por nosotros o por terceros, nos permiten cuantificar el n\u00famero de usuarios y realizar la medici\u00f3n y an\u00e1lisis estad\u00edstico de la utilizaci\u00f3n que hacen los usuarios de nuestra web. Para ello analizamos la navegaci\u00f3n en nuestra p\u00e1gina web con el fin de mejorar la oferta de productos o servicios que ofrecemos.Ejemplo de ello son:<\/p>\n<ul>\n<li>El n\u00famero de visitantes \u00fanicos de cada p\u00e1gina \/ secci\u00f3n, que se utiliza para hacer un recuento de las veces en que el sitio es visitado por un usuario, as\u00ed como la primera y \u00faltima vez de dicha visita. Esto ayuda a conocer las \u00e1reas de m\u00e1s \u00e9xito y aumentar y mejorar el contenido, con el resultado de que los usuarios obtengan una experiencia y servicio m\u00e1s satisfactorios.<\/li>\n<li>La fecha y hora de acceso a nuestra web, con el fin de permitir averiguar las horas de m\u00e1s afluencia, y hacer los ajustes precisos para evitar problemas de saturaci\u00f3n en nuestras horas punta.<\/li>\n<li>La fuente de tr\u00e1fico, que registra el origen del usuario, es decir, la direcci\u00f3n de Internet desde la que parte el link que dirige a nuestra web, con el fin de potenciar los distintos enlaces y banners que apuntan a nuestro servidor y que ofrecen mejores resultados.<\/li>\n<\/ul>\n<\/li>\n<li><strong>Cookies publicitarias y de publicidad comportamental:<\/strong><br \/>\nLas cookies publicitarias son aqu\u00e9llas que permiten la gesti\u00f3n, de la forma m\u00e1s eficaz posible, de los espacios publicitarios que se pudieran incluir en nuestra p\u00e1gina web en base a criterios como el contenido editado o la frecuencia en la que se muestran los anuncios. Las Cookies de publicidad comportamental act\u00faan en funci\u00f3n del comportamiento (preferencias y elecciones personales) de los usuarios obtenidos a trav\u00e9s de la observaci\u00f3n continuada de sus h\u00e1bitos de navegaci\u00f3n, lo que permite desarrollar un perfil espec\u00edfico para mostrarle anuncios personalizados en otros sitios web.<\/li>\n<\/ul>\n<h2>\u00bfC\u00f3mo puedo configurar o deshabilitar las cookies?<\/h2>\n<p>Puede configurar su navegador para ser avisado de la recepci\u00f3n de cookies y negarse a aceptarlas activando la configuraci\u00f3n en el navegador que permite rechazarlas. No obstante, le advertimos que la desactivaci\u00f3n de las Cookies puede provocar la limitaci\u00f3n, o incluso imposibilidad de acceso a algunas de las funcionalidades de nuestra web, as\u00ed como algunos de los servicios pueden dejar de funcionar correctamente.<\/p>\n<p>Para m\u00e1s detalle sobre la configuraci\u00f3n de las cookies en su navegador, consulte el men\u00fa \u00abAyuda\u00bb del mismo.<\/p>\n<p>Tambi\u00e9n le proponemos consultar los siguientes sitios web:\u00a0<a title=\"Aboutcookies\" href=\"https:\/\/www.aboutcookies.org\/\" target=\"_blank\" rel=\"noopener\">Aboutcookies<\/a>,\u00a0<a title=\"youronlinechoices\" href=\"https:\/\/www.youronlinechoices.com\/\" target=\"_blank\" rel=\"noopener\">youronlinechoices<\/a>,\u00a0<a title=\"Network Advertising Initiative\" href=\"https:\/\/www.networkadvertising.org\/\" target=\"_blank\" rel=\"noopener\">Network Advertising Initiative<\/a>\u00a0o\u00a0<a title=\"Digital Advertising Alliance\" href=\"https:\/\/youradchoices.com\/control\" target=\"_blank\" rel=\"noopener\">Digital Advertising Alliance<\/a>\u00a0donde encontrar\u00e1 explicaciones detalladas sobre c\u00f3mo eliminar las cookies de su ordenador y m\u00e1s informaci\u00f3n general sobre las mismas.<\/p>\n<h2>Cookies de terceros \/ empresas colaboradoras<\/h2>\n<ul>\n<li><strong>Google<\/strong><br \/>\nGoogle ofrece un gran n\u00famero de productos para ayudarnos a administrar nuestros anuncios y sitios web; entre los que se incluyen Google Analytics. Al visitar nuestro sitio web pueden enviarse algunas cookies a su navegador.<br \/>\nEstas cookies pueden habilitarse desde una serie de dominios diferentes, incluidos\u00a0<a title=\"www.google.com\" href=\"https:\/\/www.google.com\/\" target=\"_blank\" rel=\"noopener\">www.google.com<\/a>, y\u00a0<a title=\"www.doubleclick.net\" href=\"https:\/\/www.doubleclickbygoogle.com\/\" target=\"_blank\" rel=\"noopener\">www.doubleclick.net<\/a>\u00a0para permitirnos usar servicios conjuntos al servicio de Google, como un servicio de medici\u00f3n y elaboraci\u00f3n de informes de anuncios. Consulte m\u00e1s informaci\u00f3n sobre los\u00a0<a title=\"tipos de cookies que utiliza Google\" href=\"https:\/\/policies.google.com\/technologies\/types\" target=\"_blank\" rel=\"noopener\">tipos de cookies que utiliza Google<\/a>.<br \/>\nGoogle Analytics es la herramienta de anal\u00edtica que ayuda a nuestro sitio web\u00a0<a title=\"www.ralarsa.com\/es\/\" href=\"https:\/\/www.ralarsa.com\/es\/\">https:\/\/www.ralarsa.com\/es\/<\/a>\u00a0a entender el modo en que los usuarios interact\u00faan con sus propiedades. Puede utilizar un conjunto de cookies para recopilar informaci\u00f3n e informar de las estad\u00edsticas de uso de los sitios web sin identificar personalmente a los visitantes de Google. Consulte m\u00e1s informaci\u00f3n sobre las\u00a0<a title=\"cookies de Google Analytics\" href=\"https:\/\/developers.google.com\/analytics\/devguides\/collection\/analyticsjs\/cookie-usage\" target=\"_blank\" rel=\"noopener\">cookies de Google Analytics<\/a>.<\/li>\n<\/ul>\n<\/div>\n<div class=\"CookieDeclarationType\" dir=\"ltr\" lang=\"es\"><\/div>\n<div dir=\"ltr\" lang=\"es\">\n<h3>Publicidad (4)<\/h3>\n<p>Estas cookies se utilizan para hacer que los mensajes publicitarios sean m\u00e1s relevantes para los usuarios. Realizan funciones como evitar que el mismo anuncio reaparezca continuamente, garantizar que los anuncios se muestren correctamente para los anunciantes y, en algunos casos, seleccionar anuncios basados en los intereses del usuario<\/p>\n<h4>Bing<\/h4>\n<table>\n<thead>\n<tr>\n<th><strong>nombre de la cookie<\/strong><\/th>\n<th><\/th>\n<th><strong>descripci\u00f3n<\/strong><\/th>\n<th><strong>dominio<\/strong><\/th>\n<\/tr>\n<\/thead>\n<tbody>\n<tr>\n<td>ANONCHK<\/td>\n<td><\/td>\n<td>Used by Bing as a unique user identifier for users seeing bing ads<\/td>\n<td>.c.clarity.ms<\/td>\n<\/tr>\n<\/tbody>\n<\/table>\n<h4>Microsoft Bing<\/h4>\n<table>\n<thead>\n<tr>\n<th><strong>nombre de la cookie<\/strong><\/th>\n<th><\/th>\n<th><strong>descripci\u00f3n<\/strong><\/th>\n<th><strong>dominio<\/strong><\/th>\n<\/tr>\n<\/thead>\n<tbody>\n<tr>\n<td>SRM_B<\/td>\n<td><\/td>\n<td>Atlast Adserver used in conjunction with Bing services. Expires after 180 days<\/td>\n<td>.c.bing.com<\/td>\n<\/tr>\n<\/tbody>\n<\/table>\n<h4>Google Ads<\/h4>\n<table>\n<thead>\n<tr>\n<th><strong>nombre de la cookie<\/strong><\/th>\n<th><\/th>\n<th><strong>descripci\u00f3n<\/strong><\/th>\n<th><strong>dominio<\/strong><\/th>\n<\/tr>\n<\/thead>\n<tbody>\n<tr>\n<td>_gcl_au<\/td>\n<td><\/td>\n<td>Used by Google Ads for experimenting with advertisement efficiency across websites using their services.<\/td>\n<td>.ralarsa.com<\/td>\n<\/tr>\n<\/tbody>\n<\/table>\n<h4>DoubleClick<\/h4>\n<table>\n<thead>\n<tr>\n<th><strong>nombre de la cookie<\/strong><\/th>\n<th><\/th>\n<th><strong>descripci\u00f3n<\/strong><\/th>\n<th><strong>dominio<\/strong><\/th>\n<\/tr>\n<\/thead>\n<tbody>\n<tr>\n<td>test_cookie<\/td>\n<td><\/td>\n<td>A session cookie used to check if the user\u2019s browser supports cookies.<\/td>\n<td>.doubleclick.net<\/td>\n<\/tr>\n<\/tbody>\n<\/table>\n<h3>Anal\u00edtica (11)<\/h3>\n<p>Estas cookies recopilan informaci\u00f3n que se utiliza para ayudarle a comprender c\u00f3mo se utiliza su sitio web, la eficacia de sus campa\u00f1as de marketing y para ayudarle a personalizar su sitio web para los usuarios.<\/p>\n<h4>Microsoft Clarity<\/h4>\n<table>\n<thead>\n<tr>\n<th><strong>nombre de la cookie<\/strong><\/th>\n<th><\/th>\n<th><strong>descripci\u00f3n<\/strong><\/th>\n<th><strong>dominio<\/strong><\/th>\n<\/tr>\n<\/thead>\n<tbody>\n<tr>\n<td>_clck<\/td>\n<td><\/td>\n<td>Persists the Clarity User ID and preferences, unique to that site is attributed to the same user ID<\/td>\n<td>.ralarsa.com<\/td>\n<\/tr>\n<tr>\n<td>CLID<\/td>\n<td><\/td>\n<td>Identifies the first-time Clarity saw this user on any site using Clarity<\/td>\n<td><a href=\"http:\/\/www.clarity.ms\">www.clarity.ms<\/a><\/td>\n<\/tr>\n<tr>\n<td>SM<\/td>\n<td><\/td>\n<td>Session cookie used to collect anonymous information on how visitors use a site to help improve their experience and for better target ads.<\/td>\n<td>.c.clarity.ms<\/td>\n<\/tr>\n<tr>\n<td>_clsk<\/td>\n<td><\/td>\n<td>Connects multiple page views by a user into a single Clarity session recording<\/td>\n<td>.ralarsa.com<\/td>\n<\/tr>\n<tr>\n<td>_cltk<\/td>\n<td><\/td>\n<td>Used by Microsoft Clarity to store and track user interaction<\/td>\n<td><a href=\"http:\/\/www.ralarsa.com\">www.ralarsa.com<\/a><\/td>\n<\/tr>\n<tr>\n<td>c.gif<\/td>\n<td><\/td>\n<td><em>no se ha encontrado ninguno<\/em><\/td>\n<td><a href=\"http:\/\/c.clarity.ms\">c.clarity.ms<\/a><\/td>\n<\/tr>\n<\/tbody>\n<\/table>\n<h4>Adobe Analytics<\/h4>\n<table>\n<thead>\n<tr>\n<th><strong>nombre de la cookie<\/strong><\/th>\n<th><\/th>\n<th><strong>descripci\u00f3n<\/strong><\/th>\n<th><strong>dominio<\/strong><\/th>\n<\/tr>\n<\/thead>\n<tbody>\n<tr>\n<td>s7<\/td>\n<td><\/td>\n<td>Gather data regarding site usage and user behavior on the website.<\/td>\n<td>.ralarsa.com<\/td>\n<\/tr>\n<tr>\n<td>s7<\/td>\n<td><\/td>\n<td>Gather data regarding site usage and user behavior on the website.<\/td>\n<td><a href=\"http:\/\/www.ralarsa.com\">www.ralarsa.com<\/a><\/td>\n<\/tr>\n<\/tbody>\n<\/table>\n<h4>Bing Analytics<\/h4>\n<table>\n<thead>\n<tr>\n<th><strong>nombre de la cookie<\/strong><\/th>\n<th><\/th>\n<th><strong>descripci\u00f3n<\/strong><\/th>\n<th><strong>dominio<\/strong><\/th>\n<\/tr>\n<\/thead>\n<tbody>\n<tr>\n<td>MUID<\/td>\n<td><\/td>\n<td>Sets a unique user id for tracking how the user uses the site. Persistent cookie that is saved for 3 years<\/td>\n<td>.clarity.ms<\/td>\n<\/tr>\n<tr>\n<td>MUID<\/td>\n<td><\/td>\n<td>Sets a unique user id for tracking how the user uses the site. Persistent cookie that is saved for 3 years<\/td>\n<td>.bing.com<\/td>\n<\/tr>\n<\/tbody>\n<\/table>\n<h4><strong>Google<\/strong><\/h4>\n<table>\n<thead>\n<tr>\n<th><strong>nombre de la cookie<\/strong><\/th>\n<th><\/th>\n<th><strong>descripci\u00f3n<\/strong><\/th>\n<th><strong>dominio<\/strong><\/th>\n<\/tr>\n<\/thead>\n<tbody>\n<tr>\n<td>955557914<\/td>\n<td><\/td>\n<td><em>no se ha encontrado ninguno<\/em><\/td>\n<td><a href=\"http:\/\/www.google.com\">www.google.com<\/a><\/td>\n<\/tr>\n<\/tbody>\n<\/table>\n<h3>Rendimiento (3)<\/h3>\n<p>Estas cookies se utilizan para mejorar el rendimiento y la funcionalidad de su sitio web, pero no son esenciales para su uso. Sin embargo, sin estas cookies, ciertas funcionalidades (como los v\u00eddeos) pueden dejar de estar disponibles.<\/p>\n<h4>.voices.com<\/h4>\n<table>\n<thead>\n<tr>\n<th><strong>nombre de la cookie<\/strong><\/th>\n<th><\/th>\n<th><strong>descripci\u00f3n<\/strong><\/th>\n<th><strong>dominio<\/strong><\/th>\n<\/tr>\n<\/thead>\n<tbody>\n<tr>\n<td>wpEmojiSettingsSupports<\/td>\n<td><\/td>\n<td>This cookie is utilized to enable emoji support on pages using WordPress.<\/td>\n<td><a href=\"http:\/\/www.ralarsa.com\">www.ralarsa.com<\/a><\/td>\n<\/tr>\n<\/tbody>\n<\/table>\n<h4>Microsoft<\/h4>\n<table>\n<thead>\n<tr>\n<th><strong>nombre de la cookie<\/strong><\/th>\n<th><\/th>\n<th><strong>descripci\u00f3n<\/strong><\/th>\n<th><strong>dominio<\/strong><\/th>\n<\/tr>\n<\/thead>\n<tbody>\n<tr>\n<td>MR<\/td>\n<td><\/td>\n<td>This cookie is used by Microsoft to reset or refresh the MUID cookie.<\/td>\n<td>.c.clarity.ms<\/td>\n<\/tr>\n<tr>\n<td>MR<\/td>\n<td><\/td>\n<td>This cookie is used by Microsoft to reset or refresh the MUID cookie.<\/td>\n<td>.c.bing.com<\/td>\n<\/tr>\n<\/tbody>\n<\/table>\n<p><!-- notionvc: f501d568-0113-41b2-a925-f9602ec8bb53 --><\/p>\n<\/div>\n<p><\/p>","protected":false},"excerpt":{"rendered":"Definici\u00f3n y funci\u00f3n de las cookies De conformidad con lo establecido en la Ley 34\/2002 de Servicios de la Sociedad de la Informaci\u00f3n y Comercio Electr\u00f3nico, le informamos que este sitio web almacena informaci\u00f3n de las direcciones IP de los ordenadores, y utiliza Cookies con el objetivo de prestar un mejor servicio y ofrecerle una&#8230;","protected":false},"author":1,"featured_media":0,"parent":0,"menu_order":12,"comment_status":"closed","ping_status":"closed","template":"templates\/legal.php","meta":{"_acf_changed":false,"inline_featured_image":false,"footnotes":""},"class_list":["post-240","page","type-page","status-publish","hentry"],"acf":[],"yoast_head":"<!-- This site is optimized with the Yoast SEO Premium plugin v25.3 (Yoast SEO v26.7) - https:\/\/yoast.com\/wordpress\/plugins\/seo\/ -->\n<title>Pol\u00edtica de cookies - Ralarsa<\/title>\n<meta name=\"robots\" content=\"noindex, nofollow\" \/>\n<meta property=\"og:locale\" content=\"es_ES\" \/>\n<meta property=\"og:type\" content=\"article\" \/>\n<meta property=\"og:title\" content=\"Pol\u00edtica de cookies\" \/>\n<meta property=\"og:description\" content=\"Definici\u00f3n y funci\u00f3n de las cookies De conformidad con lo establecido en la Ley 34\/2002 de Servicios de la Sociedad de la Informaci\u00f3n y Comercio Electr\u00f3nico, le informamos que este sitio web almacena informaci\u00f3n de las direcciones IP de los ordenadores, y utiliza Cookies con el objetivo de prestar un mejor servicio y ofrecerle una...\" \/>\n<meta property=\"og:url\" content=\"https:\/\/www.ralarsa.com\/es\/politica-de-cookies\/\" \/>\n<meta property=\"og:site_name\" content=\"Ralarsa\" \/>\n<meta property=\"article:modified_time\" content=\"2025-04-30T07:55:23+00:00\" \/>\n<meta property=\"og:image\" content=\"https:\/\/d2oyvx818ubhz6.cloudfront.net\/wp-content\/uploads\/2025\/06\/ralarsa-logo.png\" \/>\n\t<meta property=\"og:image:width\" content=\"250\" \/>\n\t<meta property=\"og:image:height\" content=\"250\" \/>\n\t<meta property=\"og:image:type\" content=\"image\/png\" \/>\n<meta name=\"twitter:card\" content=\"summary_large_image\" \/>\n<meta name=\"twitter:label1\" content=\"Tiempo de lectura\" \/>\n\t<meta name=\"twitter:data1\" content=\"7 minutos\" \/>\n<script type=\"application\/ld+json\" class=\"yoast-schema-graph\">{\"@context\":\"https:\/\/schema.org\",\"@graph\":[{\"@type\":\"WebPage\",\"@id\":\"https:\/\/www.ralarsa.com\/es\/politica-de-cookies\/\",\"url\":\"https:\/\/www.ralarsa.com\/es\/politica-de-cookies\/\",\"name\":\"Pol\u00edtica de cookies - Ralarsa\",\"isPartOf\":{\"@id\":\"https:\/\/www.ralarsa.com\/es\/#website\"},\"datePublished\":\"2025-03-04T18:00:57+00:00\",\"dateModified\":\"2025-04-30T07:55:23+00:00\",\"breadcrumb\":{\"@id\":\"https:\/\/www.ralarsa.com\/es\/politica-de-cookies\/#breadcrumb\"},\"inLanguage\":\"es\",\"potentialAction\":[{\"@type\":\"ReadAction\",\"target\":[[\"https:\/\/www.ralarsa.com\/es\/politica-de-cookies\/\"]]}]},{\"@type\":\"BreadcrumbList\",\"@id\":\"https:\/\/www.ralarsa.com\/es\/politica-de-cookies\/#breadcrumb\",\"itemListElement\":[{\"@type\":\"ListItem\",\"position\":1,\"name\":\"Portada\",\"item\":\"https:\/\/www.ralarsa.com\/es\/ralarsa-2\/\"},{\"@type\":\"ListItem\",\"position\":2,\"name\":\"Pol\u00edtica de cookies\"}]},{\"@type\":\"WebSite\",\"@id\":\"https:\/\/www.ralarsa.com\/es\/#website\",\"url\":\"https:\/\/www.ralarsa.com\/es\/\",\"name\":\"Ralarsa\",\"description\":\"\",\"publisher\":{\"@id\":\"https:\/\/www.ralarsa.com\/es\/#organization\"},\"potentialAction\":[{\"@type\":\"SearchAction\",\"target\":{\"@type\":\"EntryPoint\",\"urlTemplate\":\"https:\/\/www.ralarsa.com\/es\/?s={search_term_string}\"},\"query-input\":{\"@type\":\"PropertyValueSpecification\",\"valueRequired\":true,\"valueName\":\"search_term_string\"}}],\"inLanguage\":\"es\"},{\"@type\":\"Organization\",\"@id\":\"https:\/\/www.ralarsa.com\/es\/#organization\",\"name\":\"Ralarsa\",\"url\":\"https:\/\/www.ralarsa.com\/es\/\",\"logo\":{\"@type\":\"ImageObject\",\"inLanguage\":\"es\",\"@id\":\"https:\/\/www.ralarsa.com\/es\/#\/schema\/logo\/image\/\",\"url\":\"https:\/\/ralarsa.s3.eu-central-1.amazonaws.com\/wp-content\/uploads\/2025\/04\/logo-ralarsa.png\",\"contentUrl\":\"https:\/\/ralarsa.s3.eu-central-1.amazonaws.com\/wp-content\/uploads\/2025\/04\/logo-ralarsa.png\",\"width\":1192,\"height\":412,\"caption\":\"Ralarsa\"},\"image\":{\"@id\":\"https:\/\/www.ralarsa.com\/es\/#\/schema\/logo\/image\/\"}}]}<\/script>\n<!-- \/ Yoast SEO Premium plugin. -->","yoast_head_json":{"title":"Pol\u00edtica de cookies - Ralarsa","robots":{"index":"noindex","follow":"nofollow"},"og_locale":"es_ES","og_type":"article","og_title":"Pol\u00edtica de cookies","og_description":"Definici\u00f3n y funci\u00f3n de las cookies De conformidad con lo establecido en la Ley 34\/2002 de Servicios de la Sociedad de la Informaci\u00f3n y Comercio Electr\u00f3nico, le informamos que este sitio web almacena informaci\u00f3n de las direcciones IP de los ordenadores, y utiliza Cookies con el objetivo de prestar un mejor servicio y ofrecerle una...","og_url":"https:\/\/www.ralarsa.com\/es\/politica-de-cookies\/","og_site_name":"Ralarsa","article_modified_time":"2025-04-30T07:55:23+00:00","og_image":[{"width":250,"height":250,"url":"https:\/\/d2oyvx818ubhz6.cloudfront.net\/wp-content\/uploads\/2025\/06\/ralarsa-logo.png","type":"image\/png"}],"twitter_card":"summary_large_image","twitter_misc":{"Tiempo de lectura":"7 minutos"},"schema":{"@context":"https:\/\/schema.org","@graph":[{"@type":"WebPage","@id":"https:\/\/www.ralarsa.com\/es\/politica-de-cookies\/","url":"https:\/\/www.ralarsa.com\/es\/politica-de-cookies\/","name":"Pol\u00edtica de cookies - Ralarsa","isPartOf":{"@id":"https:\/\/www.ralarsa.com\/es\/#website"},"datePublished":"2025-03-04T18:00:57+00:00","dateModified":"2025-04-30T07:55:23+00:00","breadcrumb":{"@id":"https:\/\/www.ralarsa.com\/es\/politica-de-cookies\/#breadcrumb"},"inLanguage":"es","potentialAction":[{"@type":"ReadAction","target":[["https:\/\/www.ralarsa.com\/es\/politica-de-cookies\/"]]}]},{"@type":"BreadcrumbList","@id":"https:\/\/www.ralarsa.com\/es\/politica-de-cookies\/#breadcrumb","itemListElement":[{"@type":"ListItem","position":1,"name":"Portada","item":"https:\/\/www.ralarsa.com\/es\/ralarsa-2\/"},{"@type":"ListItem","position":2,"name":"Pol\u00edtica de cookies"}]},{"@type":"WebSite","@id":"https:\/\/www.ralarsa.com\/es\/#website","url":"https:\/\/www.ralarsa.com\/es\/","name":"Ralarsa","description":"","publisher":{"@id":"https:\/\/www.ralarsa.com\/es\/#organization"},"potentialAction":[{"@type":"SearchAction","target":{"@type":"EntryPoint","urlTemplate":"https:\/\/www.ralarsa.com\/es\/?s={search_term_string}"},"query-input":{"@type":"PropertyValueSpecification","valueRequired":true,"valueName":"search_term_string"}}],"inLanguage":"es"},{"@type":"Organization","@id":"https:\/\/www.ralarsa.com\/es\/#organization","name":"Ralarsa","url":"https:\/\/www.ralarsa.com\/es\/","logo":{"@type":"ImageObject","inLanguage":"es","@id":"https:\/\/www.ralarsa.com\/es\/#\/schema\/logo\/image\/","url":"https:\/\/ralarsa.s3.eu-central-1.amazonaws.com\/wp-content\/uploads\/2025\/04\/logo-ralarsa.png","contentUrl":"https:\/\/ralarsa.s3.eu-central-1.amazonaws.com\/wp-content\/uploads\/2025\/04\/logo-ralarsa.png","width":1192,"height":412,"caption":"Ralarsa"},"image":{"@id":"https:\/\/www.ralarsa.com\/es\/#\/schema\/logo\/image\/"}}]}},"_links":{"self":[{"href":"https:\/\/www.ralarsa.com\/es\/wp-json\/wp\/v2\/pages\/240","targetHints":{"allow":["GET"]}}],"collection":[{"href":"https:\/\/www.ralarsa.com\/es\/wp-json\/wp\/v2\/pages"}],"about":[{"href":"https:\/\/www.ralarsa.com\/es\/wp-json\/wp\/v2\/types\/page"}],"author":[{"embeddable":true,"href":"https:\/\/www.ralarsa.com\/es\/wp-json\/wp\/v2\/users\/1"}],"replies":[{"embeddable":true,"href":"https:\/\/www.ralarsa.com\/es\/wp-json\/wp\/v2\/comments?post=240"}],"version-history":[{"count":2,"href":"https:\/\/www.ralarsa.com\/es\/wp-json\/wp\/v2\/pages\/240\/revisions"}],"predecessor-version":[{"id":3854,"href":"https:\/\/www.ralarsa.com\/es\/wp-json\/wp\/v2\/pages\/240\/revisions\/3854"}],"wp:attachment":[{"href":"https:\/\/www.ralarsa.com\/es\/wp-json\/wp\/v2\/media?parent=240"}],"curies":[{"name":"wp","href":"https:\/\/api.w.org\/{rel}","templated":true}]}}