{"id":3414,"date":"2025-04-07T17:45:51","date_gmt":"2025-04-07T16:45:51","guid":{"rendered":"https:\/\/www.ralarsa.com\/es\/?page_id=3414"},"modified":"2026-04-10T10:53:36","modified_gmt":"2026-04-10T09:53:36","slug":"responsabilidad-social-corporativa","status":"publish","type":"page","link":"https:\/\/www.ralarsa.com\/es\/responsabilidad-social-corporativa-ralarsa\/","title":{"rendered":"Responsabilidad Social Corporativa en Ralarsa"},"content":{"rendered":"<p><\/p>\n<p class=\"ai-optimize-6 ai-optimize-introduction\"><span class=\"TextRun SCXW194490696 BCX0\" lang=\"ES-ES\" xml:lang=\"ES-ES\" data-contrast=\"auto\"><span class=\"NormalTextRun SCXW194490696 BCX0\">En <\/span><span class=\"NormalTextRun SpellingErrorV2Themed SCXW194490696 BCX0\">Ralarsa<\/span><span class=\"NormalTextRun SCXW194490696 BCX0\">, la <\/span><\/span><strong><span class=\"TextRun SCXW194490696 BCX0\" lang=\"ES-ES\" xml:lang=\"ES-ES\" data-contrast=\"auto\"><span class=\"NormalTextRun SCXW194490696 BCX0\">Responsabilidad Social Corporativa <\/span><\/span><\/strong><span class=\"TextRun SCXW194490696 BCX0\" lang=\"ES-ES\" xml:lang=\"ES-ES\" data-contrast=\"auto\"><span class=\"NormalTextRun SCXW194490696 BCX0\">es parte esencial de nuestra filosof\u00eda. Desde 2016, colaboramos con <\/span><span class=\"NormalTextRun SpellingErrorV2Themed SCXW194490696 BCX0\">ONGs<\/span><span class=\"NormalTextRun SCXW194490696 BCX0\"> y entidades de prestigio para apoyar a <\/span><span class=\"NormalTextRun AdvancedProofingIssueV2Themed SCXW194490696 BCX0\">ni\u00f1os y ni\u00f1as<\/span><span class=\"NormalTextRun SCXW194490696 BCX0\"> en proyectos m\u00e9dico-sanitarios y educativos. Nuestro compromiso va m\u00e1s all\u00e1 de la seguridad en la carretera, contribuyendo a construir un futuro m\u00e1s justo y solidario para los m\u00e1s peque\u00f1os.<\/span><\/span><span class=\"EOP SCXW194490696 BCX0\" data-ccp-props=\"{&quot;134233117&quot;:false,&quot;134233118&quot;:false,&quot;335551550&quot;:6,&quot;335551620&quot;:6,&quot;335557856&quot;:16777215,&quot;335559738&quot;:0,&quot;335559739&quot;:0}\">\u00a0<\/span><\/p>\n<p><\/p>","protected":false},"excerpt":{"rendered":"En Ralarsa, la Responsabilidad Social Corporativa es parte esencial de nuestra filosof\u00eda. Desde 2016, colaboramos con ONGs y entidades de prestigio para apoyar a ni\u00f1os y ni\u00f1as en proyectos m\u00e9dico-sanitarios y educativos. Nuestro compromiso va m\u00e1s all\u00e1 de la seguridad en la carretera, contribuyendo a construir un futuro m\u00e1s justo y solidario para los m\u00e1s&#8230;","protected":false},"author":2,"featured_media":4585,"parent":0,"menu_order":0,"comment_status":"closed","ping_status":"closed","template":"","meta":{"_acf_changed":false,"inline_featured_image":false,"footnotes":""},"class_list":["post-3414","page","type-page","status-publish","has-post-thumbnail","hentry"],"acf":{"display":"default","generic_slider":null,"promo_banner":false,"related_promo":null},"yoast_head":"<!-- This site is optimized with the Yoast SEO Premium plugin v25.3 (Yoast SEO v26.7) - https:\/\/yoast.com\/wordpress\/plugins\/seo\/ -->\n<title>Responsabilidad Social Corporativa en Ralarsa - Ralarsa<\/title>\n<meta name=\"robots\" content=\"index, follow, max-snippet:-1, max-image-preview:large, max-video-preview:-1\" \/>\n<link rel=\"canonical\" href=\"https:\/\/www.ralarsa.com\/es\/responsabilidad-social-corporativa-ralarsa\/\" \/>\n<meta property=\"og:locale\" content=\"es_ES\" \/>\n<meta property=\"og:type\" content=\"article\" \/>\n<meta property=\"og:title\" content=\"Responsabilidad Social Corporativa en Ralarsa\" \/>\n<meta property=\"og:description\" content=\"En Ralarsa, la Responsabilidad Social Corporativa es parte esencial de nuestra filosof\u00eda. Desde 2016, colaboramos con ONGs y entidades de prestigio para apoyar a ni\u00f1os y ni\u00f1as en proyectos m\u00e9dico-sanitarios y educativos. Nuestro compromiso va m\u00e1s all\u00e1 de la seguridad en la carretera, contribuyendo a construir un futuro m\u00e1s justo y solidario para los m\u00e1s...\" \/>\n<meta property=\"og:url\" content=\"https:\/\/www.ralarsa.com\/es\/responsabilidad-social-corporativa-ralarsa\/\" \/>\n<meta property=\"og:site_name\" content=\"Ralarsa\" \/>\n<meta property=\"article:modified_time\" content=\"2026-04-10T09:53:36+00:00\" \/>\n<meta property=\"og:image\" content=\"https:\/\/d2oyvx818ubhz6.cloudfront.net\/wp-content\/uploads\/2025\/06\/responsabilidad-social-corporativa-proyectos-ralarsa.jpg\" \/>\n\t<meta property=\"og:image:width\" content=\"1100\" \/>\n\t<meta property=\"og:image:height\" content=\"780\" \/>\n\t<meta property=\"og:image:type\" content=\"image\/jpeg\" \/>\n<meta name=\"twitter:card\" content=\"summary_large_image\" \/>\n<meta name=\"twitter:label1\" content=\"Tiempo de lectura\" \/>\n\t<meta name=\"twitter:data1\" content=\"1 minuto\" \/>\n<script type=\"application\/ld+json\" class=\"yoast-schema-graph\">{\"@context\":\"https:\/\/schema.org\",\"@graph\":[{\"@type\":\"WebPage\",\"@id\":\"https:\/\/www.ralarsa.com\/es\/responsabilidad-social-corporativa-ralarsa\/\",\"url\":\"https:\/\/www.ralarsa.com\/es\/responsabilidad-social-corporativa-ralarsa\/\",\"name\":\"Responsabilidad Social Corporativa en Ralarsa - Ralarsa\",\"isPartOf\":{\"@id\":\"https:\/\/www.ralarsa.com\/es\/#website\"},\"primaryImageOfPage\":{\"@id\":\"https:\/\/www.ralarsa.com\/es\/responsabilidad-social-corporativa-ralarsa\/#primaryimage\"},\"image\":{\"@id\":\"https:\/\/www.ralarsa.com\/es\/responsabilidad-social-corporativa-ralarsa\/#primaryimage\"},\"thumbnailUrl\":\"https:\/\/d2oyvx818ubhz6.cloudfront.net\/wp-content\/uploads\/2025\/06\/responsabilidad-social-corporativa-proyectos-ralarsa.jpg\",\"datePublished\":\"2025-04-07T16:45:51+00:00\",\"dateModified\":\"2026-04-10T09:53:36+00:00\",\"breadcrumb\":{\"@id\":\"https:\/\/www.ralarsa.com\/es\/responsabilidad-social-corporativa-ralarsa\/#breadcrumb\"},\"inLanguage\":\"es\",\"potentialAction\":[{\"@type\":\"ReadAction\",\"target\":[[\"https:\/\/www.ralarsa.com\/es\/responsabilidad-social-corporativa-ralarsa\/\"]]}]},{\"@type\":\"ImageObject\",\"inLanguage\":\"es\",\"@id\":\"https:\/\/www.ralarsa.com\/es\/responsabilidad-social-corporativa-ralarsa\/#primaryimage\",\"url\":\"https:\/\/d2oyvx818ubhz6.cloudfront.net\/wp-content\/uploads\/2025\/06\/responsabilidad-social-corporativa-proyectos-ralarsa.jpg\",\"contentUrl\":\"https:\/\/d2oyvx818ubhz6.cloudfront.net\/wp-content\/uploads\/2025\/06\/responsabilidad-social-corporativa-proyectos-ralarsa.jpg\",\"width\":1100,\"height\":780,\"caption\":\"Ralarsa impulsa proyectos que fomentan la solidaridad y el compromiso social.\"},{\"@type\":\"BreadcrumbList\",\"@id\":\"https:\/\/www.ralarsa.com\/es\/responsabilidad-social-corporativa-ralarsa\/#breadcrumb\",\"itemListElement\":[{\"@type\":\"ListItem\",\"position\":1,\"name\":\"Portada\",\"item\":\"https:\/\/www.ralarsa.com\/es\/ralarsa-2\/\"},{\"@type\":\"ListItem\",\"position\":2,\"name\":\"Responsabilidad Social Corporativa en Ralarsa\"}]},{\"@type\":\"WebSite\",\"@id\":\"https:\/\/www.ralarsa.com\/es\/#website\",\"url\":\"https:\/\/www.ralarsa.com\/es\/\",\"name\":\"Ralarsa\",\"description\":\"\",\"publisher\":{\"@id\":\"https:\/\/www.ralarsa.com\/es\/#organization\"},\"potentialAction\":[{\"@type\":\"SearchAction\",\"target\":{\"@type\":\"EntryPoint\",\"urlTemplate\":\"https:\/\/www.ralarsa.com\/es\/?s={search_term_string}\"},\"query-input\":{\"@type\":\"PropertyValueSpecification\",\"valueRequired\":true,\"valueName\":\"search_term_string\"}}],\"inLanguage\":\"es\"},{\"@type\":\"Organization\",\"@id\":\"https:\/\/www.ralarsa.com\/es\/#organization\",\"name\":\"Ralarsa\",\"url\":\"https:\/\/www.ralarsa.com\/es\/\",\"logo\":{\"@type\":\"ImageObject\",\"inLanguage\":\"es\",\"@id\":\"https:\/\/www.ralarsa.com\/es\/#\/schema\/logo\/image\/\",\"url\":\"https:\/\/ralarsa.s3.eu-central-1.amazonaws.com\/wp-content\/uploads\/2025\/04\/logo-ralarsa.png\",\"contentUrl\":\"https:\/\/ralarsa.s3.eu-central-1.amazonaws.com\/wp-content\/uploads\/2025\/04\/logo-ralarsa.png\",\"width\":1192,\"height\":412,\"caption\":\"Ralarsa\"},\"image\":{\"@id\":\"https:\/\/www.ralarsa.com\/es\/#\/schema\/logo\/image\/\"}}]}<\/script>\n<!-- \/ Yoast SEO Premium plugin. -->","yoast_head_json":{"title":"Responsabilidad Social Corporativa en Ralarsa - Ralarsa","robots":{"index":"index","follow":"follow","max-snippet":"max-snippet:-1","max-image-preview":"max-image-preview:large","max-video-preview":"max-video-preview:-1"},"canonical":"https:\/\/www.ralarsa.com\/es\/responsabilidad-social-corporativa-ralarsa\/","og_locale":"es_ES","og_type":"article","og_title":"Responsabilidad Social Corporativa en Ralarsa","og_description":"En Ralarsa, la Responsabilidad Social Corporativa es parte esencial de nuestra filosof\u00eda. Desde 2016, colaboramos con ONGs y entidades de prestigio para apoyar a ni\u00f1os y ni\u00f1as en proyectos m\u00e9dico-sanitarios y educativos. Nuestro compromiso va m\u00e1s all\u00e1 de la seguridad en la carretera, contribuyendo a construir un futuro m\u00e1s justo y solidario para los m\u00e1s...","og_url":"https:\/\/www.ralarsa.com\/es\/responsabilidad-social-corporativa-ralarsa\/","og_site_name":"Ralarsa","article_modified_time":"2026-04-10T09:53:36+00:00","og_image":[{"width":1100,"height":780,"url":"https:\/\/d2oyvx818ubhz6.cloudfront.net\/wp-content\/uploads\/2025\/06\/responsabilidad-social-corporativa-proyectos-ralarsa.jpg","type":"image\/jpeg"}],"twitter_card":"summary_large_image","twitter_misc":{"Tiempo de lectura":"1 minuto"},"schema":{"@context":"https:\/\/schema.org","@graph":[{"@type":"WebPage","@id":"https:\/\/www.ralarsa.com\/es\/responsabilidad-social-corporativa-ralarsa\/","url":"https:\/\/www.ralarsa.com\/es\/responsabilidad-social-corporativa-ralarsa\/","name":"Responsabilidad Social Corporativa en Ralarsa - Ralarsa","isPartOf":{"@id":"https:\/\/www.ralarsa.com\/es\/#website"},"primaryImageOfPage":{"@id":"https:\/\/www.ralarsa.com\/es\/responsabilidad-social-corporativa-ralarsa\/#primaryimage"},"image":{"@id":"https:\/\/www.ralarsa.com\/es\/responsabilidad-social-corporativa-ralarsa\/#primaryimage"},"thumbnailUrl":"https:\/\/d2oyvx818ubhz6.cloudfront.net\/wp-content\/uploads\/2025\/06\/responsabilidad-social-corporativa-proyectos-ralarsa.jpg","datePublished":"2025-04-07T16:45:51+00:00","dateModified":"2026-04-10T09:53:36+00:00","breadcrumb":{"@id":"https:\/\/www.ralarsa.com\/es\/responsabilidad-social-corporativa-ralarsa\/#breadcrumb"},"inLanguage":"es","potentialAction":[{"@type":"ReadAction","target":[["https:\/\/www.ralarsa.com\/es\/responsabilidad-social-corporativa-ralarsa\/"]]}]},{"@type":"ImageObject","inLanguage":"es","@id":"https:\/\/www.ralarsa.com\/es\/responsabilidad-social-corporativa-ralarsa\/#primaryimage","url":"https:\/\/d2oyvx818ubhz6.cloudfront.net\/wp-content\/uploads\/2025\/06\/responsabilidad-social-corporativa-proyectos-ralarsa.jpg","contentUrl":"https:\/\/d2oyvx818ubhz6.cloudfront.net\/wp-content\/uploads\/2025\/06\/responsabilidad-social-corporativa-proyectos-ralarsa.jpg","width":1100,"height":780,"caption":"Ralarsa impulsa proyectos que fomentan la solidaridad y el compromiso social."},{"@type":"BreadcrumbList","@id":"https:\/\/www.ralarsa.com\/es\/responsabilidad-social-corporativa-ralarsa\/#breadcrumb","itemListElement":[{"@type":"ListItem","position":1,"name":"Portada","item":"https:\/\/www.ralarsa.com\/es\/ralarsa-2\/"},{"@type":"ListItem","position":2,"name":"Responsabilidad Social Corporativa en Ralarsa"}]},{"@type":"WebSite","@id":"https:\/\/www.ralarsa.com\/es\/#website","url":"https:\/\/www.ralarsa.com\/es\/","name":"Ralarsa","description":"","publisher":{"@id":"https:\/\/www.ralarsa.com\/es\/#organization"},"potentialAction":[{"@type":"SearchAction","target":{"@type":"EntryPoint","urlTemplate":"https:\/\/www.ralarsa.com\/es\/?s={search_term_string}"},"query-input":{"@type":"PropertyValueSpecification","valueRequired":true,"valueName":"search_term_string"}}],"inLanguage":"es"},{"@type":"Organization","@id":"https:\/\/www.ralarsa.com\/es\/#organization","name":"Ralarsa","url":"https:\/\/www.ralarsa.com\/es\/","logo":{"@type":"ImageObject","inLanguage":"es","@id":"https:\/\/www.ralarsa.com\/es\/#\/schema\/logo\/image\/","url":"https:\/\/ralarsa.s3.eu-central-1.amazonaws.com\/wp-content\/uploads\/2025\/04\/logo-ralarsa.png","contentUrl":"https:\/\/ralarsa.s3.eu-central-1.amazonaws.com\/wp-content\/uploads\/2025\/04\/logo-ralarsa.png","width":1192,"height":412,"caption":"Ralarsa"},"image":{"@id":"https:\/\/www.ralarsa.com\/es\/#\/schema\/logo\/image\/"}}]}},"_links":{"self":[{"href":"https:\/\/www.ralarsa.com\/es\/wp-json\/wp\/v2\/pages\/3414","targetHints":{"allow":["GET"]}}],"collection":[{"href":"https:\/\/www.ralarsa.com\/es\/wp-json\/wp\/v2\/pages"}],"about":[{"href":"https:\/\/www.ralarsa.com\/es\/wp-json\/wp\/v2\/types\/page"}],"author":[{"embeddable":true,"href":"https:\/\/www.ralarsa.com\/es\/wp-json\/wp\/v2\/users\/2"}],"replies":[{"embeddable":true,"href":"https:\/\/www.ralarsa.com\/es\/wp-json\/wp\/v2\/comments?post=3414"}],"version-history":[{"count":10,"href":"https:\/\/www.ralarsa.com\/es\/wp-json\/wp\/v2\/pages\/3414\/revisions"}],"predecessor-version":[{"id":6703,"href":"https:\/\/www.ralarsa.com\/es\/wp-json\/wp\/v2\/pages\/3414\/revisions\/6703"}],"wp:featuredmedia":[{"embeddable":true,"href":"https:\/\/www.ralarsa.com\/es\/wp-json\/wp\/v2\/media\/4585"}],"wp:attachment":[{"href":"https:\/\/www.ralarsa.com\/es\/wp-json\/wp\/v2\/media?parent=3414"}],"curies":[{"name":"wp","href":"https:\/\/api.w.org\/{rel}","templated":true}]}}