{"id":3883,"date":"2025-05-21T11:56:50","date_gmt":"2025-05-21T10:56:50","guid":{"rendered":"https:\/\/www.ralarsa.com\/es\/?page_id=3883"},"modified":"2025-06-11T17:20:29","modified_gmt":"2025-06-11T16:20:29","slug":"resenas","status":"publish","type":"page","link":"https:\/\/www.ralarsa.com\/es\/resenas-ralarsa\/","title":{"rendered":"Lo que dicen de nosotros"},"content":{"rendered":"<p>En Ralarsa, la satisfacci\u00f3n del cliente es nuestra prioridad. Por eso, miles de personas ya han confiado en nosotros para la reparaci\u00f3n y sustituci\u00f3n de lunas de autom\u00f3vil.<\/p>","protected":false},"excerpt":{"rendered":"En Ralarsa, la satisfacci\u00f3n del cliente es nuestra prioridad. Por eso, miles de personas ya han confiado en nosotros para la reparaci\u00f3n y sustituci\u00f3n de lunas de autom\u00f3vil.","protected":false},"author":4,"featured_media":0,"parent":0,"menu_order":0,"comment_status":"closed","ping_status":"closed","template":"templates\/reviews.php","meta":{"_acf_changed":false,"inline_featured_image":false,"footnotes":""},"class_list":["post-3883","page","type-page","status-publish","hentry"],"acf":[],"yoast_head":"<!-- This site is optimized with the Yoast SEO Premium plugin v25.3 (Yoast SEO v26.7) - https:\/\/yoast.com\/wordpress\/plugins\/seo\/ -->\n<title>Rese\u00f1as de Ralarsa en Google My Business<\/title>\n<meta name=\"description\" content=\"Rese\u00f1as de Ralarsa. Opiniones de clientes que han confiado en Ralarsa. 4,7 de puntuaci\u00f3n en Google My Business\" \/>\n<meta name=\"robots\" content=\"index, follow, max-snippet:-1, max-image-preview:large, max-video-preview:-1\" \/>\n<link rel=\"canonical\" href=\"https:\/\/www.ralarsa.com\/es\/resenas-ralarsa\/\" \/>\n<meta property=\"og:locale\" content=\"es_ES\" \/>\n<meta property=\"og:type\" content=\"article\" \/>\n<meta property=\"og:title\" content=\"Lo que dicen de nosotros\" \/>\n<meta property=\"og:description\" content=\"Rese\u00f1as de Ralarsa. Opiniones de clientes que han confiado en Ralarsa. 4,7 de puntuaci\u00f3n en Google My Business\" \/>\n<meta property=\"og:url\" content=\"https:\/\/www.ralarsa.com\/es\/resenas-ralarsa\/\" \/>\n<meta property=\"og:site_name\" content=\"Ralarsa\" \/>\n<meta property=\"article:modified_time\" content=\"2025-06-11T16:20:29+00:00\" \/>\n<meta property=\"og:image\" content=\"https:\/\/d2oyvx818ubhz6.cloudfront.net\/wp-content\/uploads\/2025\/06\/ralarsa-logo.png\" \/>\n\t<meta property=\"og:image:width\" content=\"250\" \/>\n\t<meta property=\"og:image:height\" content=\"250\" \/>\n\t<meta property=\"og:image:type\" content=\"image\/png\" \/>\n<meta name=\"twitter:card\" content=\"summary_large_image\" \/>\n<meta name=\"twitter:label1\" content=\"Tiempo de lectura\" \/>\n\t<meta name=\"twitter:data1\" content=\"1 minuto\" \/>\n<script type=\"application\/ld+json\" class=\"yoast-schema-graph\">{\"@context\":\"https:\/\/schema.org\",\"@graph\":[{\"@type\":\"WebPage\",\"@id\":\"https:\/\/www.ralarsa.com\/es\/resenas-ralarsa\/\",\"url\":\"https:\/\/www.ralarsa.com\/es\/resenas-ralarsa\/\",\"name\":\"Rese\u00f1as de Ralarsa en Google My Business\",\"isPartOf\":{\"@id\":\"https:\/\/www.ralarsa.com\/es\/#website\"},\"datePublished\":\"2025-05-21T10:56:50+00:00\",\"dateModified\":\"2025-06-11T16:20:29+00:00\",\"description\":\"Rese\u00f1as de Ralarsa. Opiniones de clientes que han confiado en Ralarsa. 4,7 de puntuaci\u00f3n en Google My Business\",\"breadcrumb\":{\"@id\":\"https:\/\/www.ralarsa.com\/es\/resenas-ralarsa\/#breadcrumb\"},\"inLanguage\":\"es\",\"potentialAction\":[{\"@type\":\"ReadAction\",\"target\":[[\"https:\/\/www.ralarsa.com\/es\/resenas-ralarsa\/\"]]}]},{\"@type\":\"BreadcrumbList\",\"@id\":\"https:\/\/www.ralarsa.com\/es\/resenas-ralarsa\/#breadcrumb\",\"itemListElement\":[{\"@type\":\"ListItem\",\"position\":1,\"name\":\"Portada\",\"item\":\"https:\/\/www.ralarsa.com\/es\/ralarsa-2\/\"},{\"@type\":\"ListItem\",\"position\":2,\"name\":\"Lo que dicen de nosotros\"}]},{\"@type\":\"WebSite\",\"@id\":\"https:\/\/www.ralarsa.com\/es\/#website\",\"url\":\"https:\/\/www.ralarsa.com\/es\/\",\"name\":\"Ralarsa\",\"description\":\"\",\"publisher\":{\"@id\":\"https:\/\/www.ralarsa.com\/es\/#organization\"},\"potentialAction\":[{\"@type\":\"SearchAction\",\"target\":{\"@type\":\"EntryPoint\",\"urlTemplate\":\"https:\/\/www.ralarsa.com\/es\/?s={search_term_string}\"},\"query-input\":{\"@type\":\"PropertyValueSpecification\",\"valueRequired\":true,\"valueName\":\"search_term_string\"}}],\"inLanguage\":\"es\"},{\"@type\":\"Organization\",\"@id\":\"https:\/\/www.ralarsa.com\/es\/#organization\",\"name\":\"Ralarsa\",\"url\":\"https:\/\/www.ralarsa.com\/es\/\",\"logo\":{\"@type\":\"ImageObject\",\"inLanguage\":\"es\",\"@id\":\"https:\/\/www.ralarsa.com\/es\/#\/schema\/logo\/image\/\",\"url\":\"https:\/\/ralarsa.s3.eu-central-1.amazonaws.com\/wp-content\/uploads\/2025\/04\/logo-ralarsa.png\",\"contentUrl\":\"https:\/\/ralarsa.s3.eu-central-1.amazonaws.com\/wp-content\/uploads\/2025\/04\/logo-ralarsa.png\",\"width\":1192,\"height\":412,\"caption\":\"Ralarsa\"},\"image\":{\"@id\":\"https:\/\/www.ralarsa.com\/es\/#\/schema\/logo\/image\/\"}}]}<\/script>\n<!-- \/ Yoast SEO Premium plugin. -->","yoast_head_json":{"title":"Rese\u00f1as de Ralarsa en Google My Business","description":"Rese\u00f1as de Ralarsa. Opiniones de clientes que han confiado en Ralarsa. 4,7 de puntuaci\u00f3n en Google My Business","robots":{"index":"index","follow":"follow","max-snippet":"max-snippet:-1","max-image-preview":"max-image-preview:large","max-video-preview":"max-video-preview:-1"},"canonical":"https:\/\/www.ralarsa.com\/es\/resenas-ralarsa\/","og_locale":"es_ES","og_type":"article","og_title":"Lo que dicen de nosotros","og_description":"Rese\u00f1as de Ralarsa. Opiniones de clientes que han confiado en Ralarsa. 4,7 de puntuaci\u00f3n en Google My Business","og_url":"https:\/\/www.ralarsa.com\/es\/resenas-ralarsa\/","og_site_name":"Ralarsa","article_modified_time":"2025-06-11T16:20:29+00:00","og_image":[{"width":250,"height":250,"url":"https:\/\/d2oyvx818ubhz6.cloudfront.net\/wp-content\/uploads\/2025\/06\/ralarsa-logo.png","type":"image\/png"}],"twitter_card":"summary_large_image","twitter_misc":{"Tiempo de lectura":"1 minuto"},"schema":{"@context":"https:\/\/schema.org","@graph":[{"@type":"WebPage","@id":"https:\/\/www.ralarsa.com\/es\/resenas-ralarsa\/","url":"https:\/\/www.ralarsa.com\/es\/resenas-ralarsa\/","name":"Rese\u00f1as de Ralarsa en Google My Business","isPartOf":{"@id":"https:\/\/www.ralarsa.com\/es\/#website"},"datePublished":"2025-05-21T10:56:50+00:00","dateModified":"2025-06-11T16:20:29+00:00","description":"Rese\u00f1as de Ralarsa. Opiniones de clientes que han confiado en Ralarsa. 4,7 de puntuaci\u00f3n en Google My Business","breadcrumb":{"@id":"https:\/\/www.ralarsa.com\/es\/resenas-ralarsa\/#breadcrumb"},"inLanguage":"es","potentialAction":[{"@type":"ReadAction","target":[["https:\/\/www.ralarsa.com\/es\/resenas-ralarsa\/"]]}]},{"@type":"BreadcrumbList","@id":"https:\/\/www.ralarsa.com\/es\/resenas-ralarsa\/#breadcrumb","itemListElement":[{"@type":"ListItem","position":1,"name":"Portada","item":"https:\/\/www.ralarsa.com\/es\/ralarsa-2\/"},{"@type":"ListItem","position":2,"name":"Lo que dicen de nosotros"}]},{"@type":"WebSite","@id":"https:\/\/www.ralarsa.com\/es\/#website","url":"https:\/\/www.ralarsa.com\/es\/","name":"Ralarsa","description":"","publisher":{"@id":"https:\/\/www.ralarsa.com\/es\/#organization"},"potentialAction":[{"@type":"SearchAction","target":{"@type":"EntryPoint","urlTemplate":"https:\/\/www.ralarsa.com\/es\/?s={search_term_string}"},"query-input":{"@type":"PropertyValueSpecification","valueRequired":true,"valueName":"search_term_string"}}],"inLanguage":"es"},{"@type":"Organization","@id":"https:\/\/www.ralarsa.com\/es\/#organization","name":"Ralarsa","url":"https:\/\/www.ralarsa.com\/es\/","logo":{"@type":"ImageObject","inLanguage":"es","@id":"https:\/\/www.ralarsa.com\/es\/#\/schema\/logo\/image\/","url":"https:\/\/ralarsa.s3.eu-central-1.amazonaws.com\/wp-content\/uploads\/2025\/04\/logo-ralarsa.png","contentUrl":"https:\/\/ralarsa.s3.eu-central-1.amazonaws.com\/wp-content\/uploads\/2025\/04\/logo-ralarsa.png","width":1192,"height":412,"caption":"Ralarsa"},"image":{"@id":"https:\/\/www.ralarsa.com\/es\/#\/schema\/logo\/image\/"}}]}},"_links":{"self":[{"href":"https:\/\/www.ralarsa.com\/es\/wp-json\/wp\/v2\/pages\/3883","targetHints":{"allow":["GET"]}}],"collection":[{"href":"https:\/\/www.ralarsa.com\/es\/wp-json\/wp\/v2\/pages"}],"about":[{"href":"https:\/\/www.ralarsa.com\/es\/wp-json\/wp\/v2\/types\/page"}],"author":[{"embeddable":true,"href":"https:\/\/www.ralarsa.com\/es\/wp-json\/wp\/v2\/users\/4"}],"replies":[{"embeddable":true,"href":"https:\/\/www.ralarsa.com\/es\/wp-json\/wp\/v2\/comments?post=3883"}],"version-history":[{"count":8,"href":"https:\/\/www.ralarsa.com\/es\/wp-json\/wp\/v2\/pages\/3883\/revisions"}],"predecessor-version":[{"id":4243,"href":"https:\/\/www.ralarsa.com\/es\/wp-json\/wp\/v2\/pages\/3883\/revisions\/4243"}],"wp:attachment":[{"href":"https:\/\/www.ralarsa.com\/es\/wp-json\/wp\/v2\/media?parent=3883"}],"curies":[{"name":"wp","href":"https:\/\/api.w.org\/{rel}","templated":true}]}}