{"id":4928,"date":"2025-10-24T10:00:16","date_gmt":"2025-10-24T09:00:16","guid":{"rendered":"https:\/\/www.ralarsa.com\/es\/?page_id=4928"},"modified":"2026-01-23T14:28:26","modified_gmt":"2026-01-23T13:28:26","slug":"aseguradoras-de-lunas-del-coche","status":"publish","type":"page","link":"https:\/\/www.ralarsa.com\/es\/aseguradoras-lunas-coche\/","title":{"rendered":"Aseguradoras de Lunas del Coche"},"content":{"rendered":"<p><\/p>\n<p class=\"ai-optimize-6 ai-optimize-introduction\"><span class=\"TextRun SCXW186036857 BCX0\" lang=\"ES-ES\" xml:lang=\"ES-ES\" data-contrast=\"auto\"><span class=\"NormalTextRun SCXW186036857 BCX0\">En <\/span><span class=\"NormalTextRun SpellingErrorV2Themed SCXW186036857 BCX0\">Ralarsa<\/span> <span class=\"NormalTextRun SCXW186036857 BCX0\">trabajamos con las principales <\/span><\/span><strong><span class=\"TextRun SCXW186036857 BCX0\" lang=\"ES-ES\" xml:lang=\"ES-ES\" data-contrast=\"auto\"><span class=\"NormalTextRun SCXW186036857 BCX0\">aseguradoras de lunas del coche<\/span><\/span><\/strong><span class=\"TextRun SCXW186036857 BCX0\" lang=\"ES-ES\" xml:lang=\"ES-ES\" data-contrast=\"auto\"><span class=\"NormalTextRun SCXW186036857 BCX0\"> para que la reparaci\u00f3n o sustituci\u00f3n del parabrisas sea r\u00e1pido y sencillo. Nos encargamos de gestionar el parte directamente con tu compa\u00f1\u00eda, eliminando papeleos y esperas. T\u00fa solo traes el coche, y nosotros nos encargamos del resto.<\/span><\/span><span class=\"EOP SCXW186036857 BCX0\" data-ccp-props=\"{&quot;134233117&quot;:false,&quot;134233118&quot;:false,&quot;201341983&quot;:0,&quot;335551550&quot;:6,&quot;335551620&quot;:6,&quot;335559738&quot;:240,&quot;335559739&quot;:240,&quot;335559740&quot;:279}\">\u00a0<\/span><\/p>\n<p><\/p>","protected":false},"excerpt":{"rendered":"En Ralarsa trabajamos con las principales aseguradoras de lunas del coche para que la reparaci\u00f3n o sustituci\u00f3n del parabrisas sea r\u00e1pido y sencillo. Nos encargamos de gestionar el parte directamente con tu compa\u00f1\u00eda, eliminando papeleos y esperas. T\u00fa solo traes el coche, y nosotros nos encargamos del resto.\u00a0","protected":false},"author":8,"featured_media":4578,"parent":0,"menu_order":0,"comment_status":"closed","ping_status":"closed","template":"","meta":{"_acf_changed":false,"inline_featured_image":false,"footnotes":""},"class_list":["post-4928","page","type-page","status-publish","has-post-thumbnail","hentry"],"acf":{"display":"default","generic_slider":null,"promo_banner":false,"related_promo":null},"yoast_head":"<!-- This site is optimized with the Yoast SEO Premium plugin v25.3 (Yoast SEO v26.7) - https:\/\/yoast.com\/wordpress\/plugins\/seo\/ -->\n<title>Aseguradoras de Lunas del Coche - Ralarsa<\/title>\n<meta name=\"robots\" content=\"index, follow, max-snippet:-1, max-image-preview:large, max-video-preview:-1\" \/>\n<link rel=\"canonical\" href=\"https:\/\/www.ralarsa.com\/es\/aseguradoras-lunas-coche\/\" \/>\n<meta property=\"og:locale\" content=\"es_ES\" \/>\n<meta property=\"og:type\" content=\"article\" \/>\n<meta property=\"og:title\" content=\"Aseguradoras de Lunas del Coche\" \/>\n<meta property=\"og:description\" content=\"En Ralarsa trabajamos con las principales aseguradoras de lunas del coche para que la reparaci\u00f3n o sustituci\u00f3n del parabrisas sea r\u00e1pido y sencillo. Nos encargamos de gestionar el parte directamente con tu compa\u00f1\u00eda, eliminando papeleos y esperas. T\u00fa solo traes el coche, y nosotros nos encargamos del resto.\u00a0\" \/>\n<meta property=\"og:url\" content=\"https:\/\/www.ralarsa.com\/es\/aseguradoras-lunas-coche\/\" \/>\n<meta property=\"og:site_name\" content=\"Ralarsa\" \/>\n<meta property=\"article:modified_time\" content=\"2026-01-23T13:28:26+00:00\" \/>\n<meta property=\"og:image\" content=\"https:\/\/d2oyvx818ubhz6.cloudfront.net\/wp-content\/uploads\/2025\/06\/aseguradoras-lunas-coche.jpg\" \/>\n\t<meta property=\"og:image:width\" content=\"901\" \/>\n\t<meta property=\"og:image:height\" content=\"600\" \/>\n\t<meta property=\"og:image:type\" content=\"image\/jpeg\" \/>\n<meta name=\"twitter:card\" content=\"summary_large_image\" \/>\n<meta name=\"twitter:label1\" content=\"Tiempo de lectura\" \/>\n\t<meta name=\"twitter:data1\" content=\"1 minuto\" \/>\n<script type=\"application\/ld+json\" class=\"yoast-schema-graph\">{\"@context\":\"https:\/\/schema.org\",\"@graph\":[{\"@type\":\"WebPage\",\"@id\":\"https:\/\/www.ralarsa.com\/es\/aseguradoras-lunas-coche\/\",\"url\":\"https:\/\/www.ralarsa.com\/es\/aseguradoras-lunas-coche\/\",\"name\":\"Aseguradoras de Lunas del Coche - Ralarsa\",\"isPartOf\":{\"@id\":\"https:\/\/www.ralarsa.com\/es\/#website\"},\"primaryImageOfPage\":{\"@id\":\"https:\/\/www.ralarsa.com\/es\/aseguradoras-lunas-coche\/#primaryimage\"},\"image\":{\"@id\":\"https:\/\/www.ralarsa.com\/es\/aseguradoras-lunas-coche\/#primaryimage\"},\"thumbnailUrl\":\"https:\/\/d2oyvx818ubhz6.cloudfront.net\/wp-content\/uploads\/2025\/06\/aseguradoras-lunas-coche.jpg\",\"datePublished\":\"2025-10-24T09:00:16+00:00\",\"dateModified\":\"2026-01-23T13:28:26+00:00\",\"breadcrumb\":{\"@id\":\"https:\/\/www.ralarsa.com\/es\/aseguradoras-lunas-coche\/#breadcrumb\"},\"inLanguage\":\"es\",\"potentialAction\":[{\"@type\":\"ReadAction\",\"target\":[[\"https:\/\/www.ralarsa.com\/es\/aseguradoras-lunas-coche\/\"]]}]},{\"@type\":\"ImageObject\",\"inLanguage\":\"es\",\"@id\":\"https:\/\/www.ralarsa.com\/es\/aseguradoras-lunas-coche\/#primaryimage\",\"url\":\"https:\/\/d2oyvx818ubhz6.cloudfront.net\/wp-content\/uploads\/2025\/06\/aseguradoras-lunas-coche.jpg\",\"contentUrl\":\"https:\/\/d2oyvx818ubhz6.cloudfront.net\/wp-content\/uploads\/2025\/06\/aseguradoras-lunas-coche.jpg\",\"width\":901,\"height\":600,\"caption\":\"Ralarsa, el aliado perfecto de las principales aseguradoras para la reparaci\u00f3n de lunas.\"},{\"@type\":\"BreadcrumbList\",\"@id\":\"https:\/\/www.ralarsa.com\/es\/aseguradoras-lunas-coche\/#breadcrumb\",\"itemListElement\":[{\"@type\":\"ListItem\",\"position\":1,\"name\":\"Portada\",\"item\":\"https:\/\/www.ralarsa.com\/es\/ralarsa-2\/\"},{\"@type\":\"ListItem\",\"position\":2,\"name\":\"Aseguradoras de Lunas del Coche\"}]},{\"@type\":\"WebSite\",\"@id\":\"https:\/\/www.ralarsa.com\/es\/#website\",\"url\":\"https:\/\/www.ralarsa.com\/es\/\",\"name\":\"Ralarsa\",\"description\":\"\",\"publisher\":{\"@id\":\"https:\/\/www.ralarsa.com\/es\/#organization\"},\"potentialAction\":[{\"@type\":\"SearchAction\",\"target\":{\"@type\":\"EntryPoint\",\"urlTemplate\":\"https:\/\/www.ralarsa.com\/es\/?s={search_term_string}\"},\"query-input\":{\"@type\":\"PropertyValueSpecification\",\"valueRequired\":true,\"valueName\":\"search_term_string\"}}],\"inLanguage\":\"es\"},{\"@type\":\"Organization\",\"@id\":\"https:\/\/www.ralarsa.com\/es\/#organization\",\"name\":\"Ralarsa\",\"url\":\"https:\/\/www.ralarsa.com\/es\/\",\"logo\":{\"@type\":\"ImageObject\",\"inLanguage\":\"es\",\"@id\":\"https:\/\/www.ralarsa.com\/es\/#\/schema\/logo\/image\/\",\"url\":\"https:\/\/ralarsa.s3.eu-central-1.amazonaws.com\/wp-content\/uploads\/2025\/04\/logo-ralarsa.png\",\"contentUrl\":\"https:\/\/ralarsa.s3.eu-central-1.amazonaws.com\/wp-content\/uploads\/2025\/04\/logo-ralarsa.png\",\"width\":1192,\"height\":412,\"caption\":\"Ralarsa\"},\"image\":{\"@id\":\"https:\/\/www.ralarsa.com\/es\/#\/schema\/logo\/image\/\"}}]}<\/script>\n<!-- \/ Yoast SEO Premium plugin. -->","yoast_head_json":{"title":"Aseguradoras de Lunas del Coche - Ralarsa","robots":{"index":"index","follow":"follow","max-snippet":"max-snippet:-1","max-image-preview":"max-image-preview:large","max-video-preview":"max-video-preview:-1"},"canonical":"https:\/\/www.ralarsa.com\/es\/aseguradoras-lunas-coche\/","og_locale":"es_ES","og_type":"article","og_title":"Aseguradoras de Lunas del Coche","og_description":"En Ralarsa trabajamos con las principales aseguradoras de lunas del coche para que la reparaci\u00f3n o sustituci\u00f3n del parabrisas sea r\u00e1pido y sencillo. Nos encargamos de gestionar el parte directamente con tu compa\u00f1\u00eda, eliminando papeleos y esperas. T\u00fa solo traes el coche, y nosotros nos encargamos del resto.\u00a0","og_url":"https:\/\/www.ralarsa.com\/es\/aseguradoras-lunas-coche\/","og_site_name":"Ralarsa","article_modified_time":"2026-01-23T13:28:26+00:00","og_image":[{"width":901,"height":600,"url":"https:\/\/d2oyvx818ubhz6.cloudfront.net\/wp-content\/uploads\/2025\/06\/aseguradoras-lunas-coche.jpg","type":"image\/jpeg"}],"twitter_card":"summary_large_image","twitter_misc":{"Tiempo de lectura":"1 minuto"},"schema":{"@context":"https:\/\/schema.org","@graph":[{"@type":"WebPage","@id":"https:\/\/www.ralarsa.com\/es\/aseguradoras-lunas-coche\/","url":"https:\/\/www.ralarsa.com\/es\/aseguradoras-lunas-coche\/","name":"Aseguradoras de Lunas del Coche - Ralarsa","isPartOf":{"@id":"https:\/\/www.ralarsa.com\/es\/#website"},"primaryImageOfPage":{"@id":"https:\/\/www.ralarsa.com\/es\/aseguradoras-lunas-coche\/#primaryimage"},"image":{"@id":"https:\/\/www.ralarsa.com\/es\/aseguradoras-lunas-coche\/#primaryimage"},"thumbnailUrl":"https:\/\/d2oyvx818ubhz6.cloudfront.net\/wp-content\/uploads\/2025\/06\/aseguradoras-lunas-coche.jpg","datePublished":"2025-10-24T09:00:16+00:00","dateModified":"2026-01-23T13:28:26+00:00","breadcrumb":{"@id":"https:\/\/www.ralarsa.com\/es\/aseguradoras-lunas-coche\/#breadcrumb"},"inLanguage":"es","potentialAction":[{"@type":"ReadAction","target":[["https:\/\/www.ralarsa.com\/es\/aseguradoras-lunas-coche\/"]]}]},{"@type":"ImageObject","inLanguage":"es","@id":"https:\/\/www.ralarsa.com\/es\/aseguradoras-lunas-coche\/#primaryimage","url":"https:\/\/d2oyvx818ubhz6.cloudfront.net\/wp-content\/uploads\/2025\/06\/aseguradoras-lunas-coche.jpg","contentUrl":"https:\/\/d2oyvx818ubhz6.cloudfront.net\/wp-content\/uploads\/2025\/06\/aseguradoras-lunas-coche.jpg","width":901,"height":600,"caption":"Ralarsa, el aliado perfecto de las principales aseguradoras para la reparaci\u00f3n de lunas."},{"@type":"BreadcrumbList","@id":"https:\/\/www.ralarsa.com\/es\/aseguradoras-lunas-coche\/#breadcrumb","itemListElement":[{"@type":"ListItem","position":1,"name":"Portada","item":"https:\/\/www.ralarsa.com\/es\/ralarsa-2\/"},{"@type":"ListItem","position":2,"name":"Aseguradoras de Lunas del Coche"}]},{"@type":"WebSite","@id":"https:\/\/www.ralarsa.com\/es\/#website","url":"https:\/\/www.ralarsa.com\/es\/","name":"Ralarsa","description":"","publisher":{"@id":"https:\/\/www.ralarsa.com\/es\/#organization"},"potentialAction":[{"@type":"SearchAction","target":{"@type":"EntryPoint","urlTemplate":"https:\/\/www.ralarsa.com\/es\/?s={search_term_string}"},"query-input":{"@type":"PropertyValueSpecification","valueRequired":true,"valueName":"search_term_string"}}],"inLanguage":"es"},{"@type":"Organization","@id":"https:\/\/www.ralarsa.com\/es\/#organization","name":"Ralarsa","url":"https:\/\/www.ralarsa.com\/es\/","logo":{"@type":"ImageObject","inLanguage":"es","@id":"https:\/\/www.ralarsa.com\/es\/#\/schema\/logo\/image\/","url":"https:\/\/ralarsa.s3.eu-central-1.amazonaws.com\/wp-content\/uploads\/2025\/04\/logo-ralarsa.png","contentUrl":"https:\/\/ralarsa.s3.eu-central-1.amazonaws.com\/wp-content\/uploads\/2025\/04\/logo-ralarsa.png","width":1192,"height":412,"caption":"Ralarsa"},"image":{"@id":"https:\/\/www.ralarsa.com\/es\/#\/schema\/logo\/image\/"}}]}},"_links":{"self":[{"href":"https:\/\/www.ralarsa.com\/es\/wp-json\/wp\/v2\/pages\/4928","targetHints":{"allow":["GET"]}}],"collection":[{"href":"https:\/\/www.ralarsa.com\/es\/wp-json\/wp\/v2\/pages"}],"about":[{"href":"https:\/\/www.ralarsa.com\/es\/wp-json\/wp\/v2\/types\/page"}],"author":[{"embeddable":true,"href":"https:\/\/www.ralarsa.com\/es\/wp-json\/wp\/v2\/users\/8"}],"replies":[{"embeddable":true,"href":"https:\/\/www.ralarsa.com\/es\/wp-json\/wp\/v2\/comments?post=4928"}],"version-history":[{"count":9,"href":"https:\/\/www.ralarsa.com\/es\/wp-json\/wp\/v2\/pages\/4928\/revisions"}],"predecessor-version":[{"id":6452,"href":"https:\/\/www.ralarsa.com\/es\/wp-json\/wp\/v2\/pages\/4928\/revisions\/6452"}],"wp:featuredmedia":[{"embeddable":true,"href":"https:\/\/www.ralarsa.com\/es\/wp-json\/wp\/v2\/media\/4578"}],"wp:attachment":[{"href":"https:\/\/www.ralarsa.com\/es\/wp-json\/wp\/v2\/media?parent=4928"}],"curies":[{"name":"wp","href":"https:\/\/api.w.org\/{rel}","templated":true}]}}