{"id":4933,"date":"2025-10-24T09:54:01","date_gmt":"2025-10-24T08:54:01","guid":{"rendered":"https:\/\/www.ralarsa.com\/es\/?page_id=4933"},"modified":"2026-04-16T11:05:23","modified_gmt":"2026-04-16T10:05:23","slug":"historia-y-evolucion-de-ralarsa","status":"publish","type":"page","link":"https:\/\/www.ralarsa.com\/es\/auto-cristal-ralarsa\/","title":{"rendered":"Historia y evoluci\u00f3n de Ralarsa"},"content":{"rendered":"<p><\/p>\n<p class=\"ai-optimize-6 ai-optimize-introduction\"><span class=\"TextRun SCXW52118245 BCX0\" lang=\"ES-ES\" xml:lang=\"ES-ES\" data-contrast=\"auto\"><span class=\"NormalTextRun SCXW52118245 BCX0\">Con m\u00e1s de 45 a\u00f1os de trayectoria, la <\/span><\/span><strong><span class=\"TextRun SCXW52118245 BCX0\" lang=\"ES-ES\" xml:lang=\"ES-ES\" data-contrast=\"auto\"><span class=\"NormalTextRun SCXW52118245 BCX0\">historia y evoluci\u00f3n de <\/span><span class=\"NormalTextRun SpellingErrorV2Themed SCXW52118245 BCX0\">Ralarsa<\/span> <\/span><\/strong><span class=\"TextRun SCXW52118245 BCX0\" lang=\"ES-ES\" xml:lang=\"ES-ES\" data-contrast=\"auto\"><span class=\"NormalTextRun SCXW52118245 BCX0\">est\u00e1 marcada por su liderazgo en<\/span><span class=\"NormalTextRun SCXW52118245 BCX0\"> la <\/span><span class=\"NormalTextRun SCXW52118245 BCX0\">reparaci\u00f3n y sustituci\u00f3n de lunas de <\/span><span class=\"NormalTextRun SCXW52118245 BCX0\">autom\u00f3vil.<\/span><span class=\"NormalTextRun SCXW52118245 BCX0\"> Desde sus inicios, <\/span><span class=\"NormalTextRun SpellingErrorV2Themed SCXW52118245 BCX0\">Ralarsa<\/span><span class=\"NormalTextRun SCXW52118245 BCX0\"> ha apostado por la innovaci\u00f3n, calidad y confianza, convirti\u00e9ndose en un referente con m\u00e1s de 250<\/span><span class=\"NormalTextRun SCXW52118245 BCX0\">\u00a0talleres <\/span><span class=\"NormalTextRun SCXW52118245 BCX0\">en toda Espa\u00f1a.<\/span><\/span><\/p>\n<p><\/p>","protected":false},"excerpt":{"rendered":"Con m\u00e1s de 45 a\u00f1os de trayectoria, la historia y evoluci\u00f3n de Ralarsa est\u00e1 marcada por su liderazgo en la reparaci\u00f3n y sustituci\u00f3n de lunas de autom\u00f3vil. Desde sus inicios, Ralarsa ha apostado por la innovaci\u00f3n, calidad y confianza, convirti\u00e9ndose en un referente con m\u00e1s de 250\u00a0talleres en toda Espa\u00f1a.","protected":false},"author":8,"featured_media":6448,"parent":0,"menu_order":0,"comment_status":"closed","ping_status":"closed","template":"","meta":{"_acf_changed":false,"inline_featured_image":false,"footnotes":""},"class_list":["post-4933","page","type-page","status-publish","has-post-thumbnail","hentry"],"acf":{"display":"default","generic_slider":null,"promo_banner":false,"related_promo":null},"yoast_head":"<!-- This site is optimized with the Yoast SEO Premium plugin v25.3 (Yoast SEO v27.5) - https:\/\/yoast.com\/product\/yoast-seo-premium-wordpress\/ -->\n<title>Historia y evoluci\u00f3n de Ralarsa - Ralarsa<\/title>\n<meta name=\"robots\" content=\"index, follow, max-snippet:-1, max-image-preview:large, max-video-preview:-1\" \/>\n<link rel=\"canonical\" href=\"https:\/\/www.ralarsa.com\/es\/auto-cristal-ralarsa\/\" \/>\n<meta property=\"og:locale\" content=\"es_ES\" \/>\n<meta property=\"og:type\" content=\"article\" \/>\n<meta property=\"og:title\" content=\"Historia y evoluci\u00f3n de Ralarsa\" \/>\n<meta property=\"og:description\" content=\"Con m\u00e1s de 45 a\u00f1os de trayectoria, la historia y evoluci\u00f3n de Ralarsa est\u00e1 marcada por su liderazgo en la reparaci\u00f3n y sustituci\u00f3n de lunas de autom\u00f3vil. Desde sus inicios, Ralarsa ha apostado por la innovaci\u00f3n, calidad y confianza, convirti\u00e9ndose en un referente con m\u00e1s de 250\u00a0talleres en toda Espa\u00f1a.\" \/>\n<meta property=\"og:url\" content=\"https:\/\/www.ralarsa.com\/es\/auto-cristal-ralarsa\/\" \/>\n<meta property=\"og:site_name\" content=\"Ralarsa\" \/>\n<meta property=\"article:modified_time\" content=\"2026-04-16T10:05:23+00:00\" \/>\n<meta property=\"og:image\" content=\"https:\/\/d2oyvx818ubhz6.cloudfront.net\/wp-content\/uploads\/2026\/01\/historia-evolucion-ralarsa.jpg\" \/>\n\t<meta property=\"og:image:width\" content=\"900\" \/>\n\t<meta property=\"og:image:height\" content=\"600\" \/>\n\t<meta property=\"og:image:type\" content=\"image\/jpeg\" \/>\n<meta name=\"twitter:card\" content=\"summary_large_image\" \/>\n<meta name=\"twitter:label1\" content=\"Tiempo de lectura\" \/>\n\t<meta name=\"twitter:data1\" content=\"1 minuto\" \/>\n<script type=\"application\/ld+json\" class=\"yoast-schema-graph\">{\"@context\":\"https:\\\/\\\/schema.org\",\"@graph\":[{\"@type\":\"WebPage\",\"@id\":\"https:\\\/\\\/www.ralarsa.com\\\/es\\\/auto-cristal-ralarsa\\\/\",\"url\":\"https:\\\/\\\/www.ralarsa.com\\\/es\\\/auto-cristal-ralarsa\\\/\",\"name\":\"Historia y evoluci\u00f3n de Ralarsa - Ralarsa\",\"isPartOf\":{\"@id\":\"https:\\\/\\\/www.ralarsa.com\\\/es\\\/#website\"},\"primaryImageOfPage\":{\"@id\":\"https:\\\/\\\/www.ralarsa.com\\\/es\\\/auto-cristal-ralarsa\\\/#primaryimage\"},\"image\":{\"@id\":\"https:\\\/\\\/www.ralarsa.com\\\/es\\\/auto-cristal-ralarsa\\\/#primaryimage\"},\"thumbnailUrl\":\"https:\\\/\\\/d2oyvx818ubhz6.cloudfront.net\\\/wp-content\\\/uploads\\\/2026\\\/01\\\/historia-evolucion-ralarsa.jpg\",\"datePublished\":\"2025-10-24T08:54:01+00:00\",\"dateModified\":\"2026-04-16T10:05:23+00:00\",\"breadcrumb\":{\"@id\":\"https:\\\/\\\/www.ralarsa.com\\\/es\\\/auto-cristal-ralarsa\\\/#breadcrumb\"},\"inLanguage\":\"es\",\"potentialAction\":[{\"@type\":\"ReadAction\",\"target\":[[\"https:\\\/\\\/www.ralarsa.com\\\/es\\\/auto-cristal-ralarsa\\\/\"]]}]},{\"@type\":\"ImageObject\",\"inLanguage\":\"es\",\"@id\":\"https:\\\/\\\/www.ralarsa.com\\\/es\\\/auto-cristal-ralarsa\\\/#primaryimage\",\"url\":\"https:\\\/\\\/d2oyvx818ubhz6.cloudfront.net\\\/wp-content\\\/uploads\\\/2026\\\/01\\\/historia-evolucion-ralarsa.jpg\",\"contentUrl\":\"https:\\\/\\\/d2oyvx818ubhz6.cloudfront.net\\\/wp-content\\\/uploads\\\/2026\\\/01\\\/historia-evolucion-ralarsa.jpg\",\"width\":900,\"height\":600,\"caption\":\"Ralarsa \u2013 M\u00e1s de cuatro d\u00e9cadas siendo l\u00edderes en lunas de autom\u00f3vil.\"},{\"@type\":\"BreadcrumbList\",\"@id\":\"https:\\\/\\\/www.ralarsa.com\\\/es\\\/auto-cristal-ralarsa\\\/#breadcrumb\",\"itemListElement\":[{\"@type\":\"ListItem\",\"position\":1,\"name\":\"Portada\",\"item\":\"https:\\\/\\\/www.ralarsa.com\\\/es\\\/ralarsa-2\\\/\"},{\"@type\":\"ListItem\",\"position\":2,\"name\":\"Historia y evoluci\u00f3n de Ralarsa\"}]},{\"@type\":\"WebSite\",\"@id\":\"https:\\\/\\\/www.ralarsa.com\\\/es\\\/#website\",\"url\":\"https:\\\/\\\/www.ralarsa.com\\\/es\\\/\",\"name\":\"Ralarsa\",\"description\":\"\",\"publisher\":{\"@id\":\"https:\\\/\\\/www.ralarsa.com\\\/es\\\/#organization\"},\"potentialAction\":[{\"@type\":\"SearchAction\",\"target\":{\"@type\":\"EntryPoint\",\"urlTemplate\":\"https:\\\/\\\/www.ralarsa.com\\\/es\\\/?s={search_term_string}\"},\"query-input\":{\"@type\":\"PropertyValueSpecification\",\"valueRequired\":true,\"valueName\":\"search_term_string\"}}],\"inLanguage\":\"es\"},{\"@type\":\"Organization\",\"@id\":\"https:\\\/\\\/www.ralarsa.com\\\/es\\\/#organization\",\"name\":\"Ralarsa\",\"url\":\"https:\\\/\\\/www.ralarsa.com\\\/es\\\/\",\"logo\":{\"@type\":\"ImageObject\",\"inLanguage\":\"es\",\"@id\":\"https:\\\/\\\/www.ralarsa.com\\\/es\\\/#\\\/schema\\\/logo\\\/image\\\/\",\"url\":\"https:\\\/\\\/ralarsa.s3.eu-central-1.amazonaws.com\\\/wp-content\\\/uploads\\\/2025\\\/04\\\/logo-ralarsa.png\",\"contentUrl\":\"https:\\\/\\\/ralarsa.s3.eu-central-1.amazonaws.com\\\/wp-content\\\/uploads\\\/2025\\\/04\\\/logo-ralarsa.png\",\"width\":1192,\"height\":412,\"caption\":\"Ralarsa\"},\"image\":{\"@id\":\"https:\\\/\\\/www.ralarsa.com\\\/es\\\/#\\\/schema\\\/logo\\\/image\\\/\"}}]}<\/script>\n<!-- \/ Yoast SEO Premium plugin. -->","yoast_head_json":{"title":"Historia y evoluci\u00f3n de Ralarsa - Ralarsa","robots":{"index":"index","follow":"follow","max-snippet":"max-snippet:-1","max-image-preview":"max-image-preview:large","max-video-preview":"max-video-preview:-1"},"canonical":"https:\/\/www.ralarsa.com\/es\/auto-cristal-ralarsa\/","og_locale":"es_ES","og_type":"article","og_title":"Historia y evoluci\u00f3n de Ralarsa","og_description":"Con m\u00e1s de 45 a\u00f1os de trayectoria, la historia y evoluci\u00f3n de Ralarsa est\u00e1 marcada por su liderazgo en la reparaci\u00f3n y sustituci\u00f3n de lunas de autom\u00f3vil. Desde sus inicios, Ralarsa ha apostado por la innovaci\u00f3n, calidad y confianza, convirti\u00e9ndose en un referente con m\u00e1s de 250\u00a0talleres en toda Espa\u00f1a.","og_url":"https:\/\/www.ralarsa.com\/es\/auto-cristal-ralarsa\/","og_site_name":"Ralarsa","article_modified_time":"2026-04-16T10:05:23+00:00","og_image":[{"width":900,"height":600,"url":"https:\/\/d2oyvx818ubhz6.cloudfront.net\/wp-content\/uploads\/2026\/01\/historia-evolucion-ralarsa.jpg","type":"image\/jpeg"}],"twitter_card":"summary_large_image","twitter_misc":{"Tiempo de lectura":"1 minuto"},"schema":{"@context":"https:\/\/schema.org","@graph":[{"@type":"WebPage","@id":"https:\/\/www.ralarsa.com\/es\/auto-cristal-ralarsa\/","url":"https:\/\/www.ralarsa.com\/es\/auto-cristal-ralarsa\/","name":"Historia y evoluci\u00f3n de Ralarsa - Ralarsa","isPartOf":{"@id":"https:\/\/www.ralarsa.com\/es\/#website"},"primaryImageOfPage":{"@id":"https:\/\/www.ralarsa.com\/es\/auto-cristal-ralarsa\/#primaryimage"},"image":{"@id":"https:\/\/www.ralarsa.com\/es\/auto-cristal-ralarsa\/#primaryimage"},"thumbnailUrl":"https:\/\/d2oyvx818ubhz6.cloudfront.net\/wp-content\/uploads\/2026\/01\/historia-evolucion-ralarsa.jpg","datePublished":"2025-10-24T08:54:01+00:00","dateModified":"2026-04-16T10:05:23+00:00","breadcrumb":{"@id":"https:\/\/www.ralarsa.com\/es\/auto-cristal-ralarsa\/#breadcrumb"},"inLanguage":"es","potentialAction":[{"@type":"ReadAction","target":[["https:\/\/www.ralarsa.com\/es\/auto-cristal-ralarsa\/"]]}]},{"@type":"ImageObject","inLanguage":"es","@id":"https:\/\/www.ralarsa.com\/es\/auto-cristal-ralarsa\/#primaryimage","url":"https:\/\/d2oyvx818ubhz6.cloudfront.net\/wp-content\/uploads\/2026\/01\/historia-evolucion-ralarsa.jpg","contentUrl":"https:\/\/d2oyvx818ubhz6.cloudfront.net\/wp-content\/uploads\/2026\/01\/historia-evolucion-ralarsa.jpg","width":900,"height":600,"caption":"Ralarsa \u2013 M\u00e1s de cuatro d\u00e9cadas siendo l\u00edderes en lunas de autom\u00f3vil."},{"@type":"BreadcrumbList","@id":"https:\/\/www.ralarsa.com\/es\/auto-cristal-ralarsa\/#breadcrumb","itemListElement":[{"@type":"ListItem","position":1,"name":"Portada","item":"https:\/\/www.ralarsa.com\/es\/ralarsa-2\/"},{"@type":"ListItem","position":2,"name":"Historia y evoluci\u00f3n de Ralarsa"}]},{"@type":"WebSite","@id":"https:\/\/www.ralarsa.com\/es\/#website","url":"https:\/\/www.ralarsa.com\/es\/","name":"Ralarsa","description":"","publisher":{"@id":"https:\/\/www.ralarsa.com\/es\/#organization"},"potentialAction":[{"@type":"SearchAction","target":{"@type":"EntryPoint","urlTemplate":"https:\/\/www.ralarsa.com\/es\/?s={search_term_string}"},"query-input":{"@type":"PropertyValueSpecification","valueRequired":true,"valueName":"search_term_string"}}],"inLanguage":"es"},{"@type":"Organization","@id":"https:\/\/www.ralarsa.com\/es\/#organization","name":"Ralarsa","url":"https:\/\/www.ralarsa.com\/es\/","logo":{"@type":"ImageObject","inLanguage":"es","@id":"https:\/\/www.ralarsa.com\/es\/#\/schema\/logo\/image\/","url":"https:\/\/ralarsa.s3.eu-central-1.amazonaws.com\/wp-content\/uploads\/2025\/04\/logo-ralarsa.png","contentUrl":"https:\/\/ralarsa.s3.eu-central-1.amazonaws.com\/wp-content\/uploads\/2025\/04\/logo-ralarsa.png","width":1192,"height":412,"caption":"Ralarsa"},"image":{"@id":"https:\/\/www.ralarsa.com\/es\/#\/schema\/logo\/image\/"}}]}},"_links":{"self":[{"href":"https:\/\/www.ralarsa.com\/es\/wp-json\/wp\/v2\/pages\/4933","targetHints":{"allow":["GET"]}}],"collection":[{"href":"https:\/\/www.ralarsa.com\/es\/wp-json\/wp\/v2\/pages"}],"about":[{"href":"https:\/\/www.ralarsa.com\/es\/wp-json\/wp\/v2\/types\/page"}],"author":[{"embeddable":true,"href":"https:\/\/www.ralarsa.com\/es\/wp-json\/wp\/v2\/users\/8"}],"replies":[{"embeddable":true,"href":"https:\/\/www.ralarsa.com\/es\/wp-json\/wp\/v2\/comments?post=4933"}],"version-history":[{"count":17,"href":"https:\/\/www.ralarsa.com\/es\/wp-json\/wp\/v2\/pages\/4933\/revisions"}],"predecessor-version":[{"id":6732,"href":"https:\/\/www.ralarsa.com\/es\/wp-json\/wp\/v2\/pages\/4933\/revisions\/6732"}],"wp:featuredmedia":[{"embeddable":true,"href":"https:\/\/www.ralarsa.com\/es\/wp-json\/wp\/v2\/media\/6448"}],"wp:attachment":[{"href":"https:\/\/www.ralarsa.com\/es\/wp-json\/wp\/v2\/media?parent=4933"}],"curies":[{"name":"wp","href":"https:\/\/api.w.org\/{rel}","templated":true}]}}